{"id":85,"date":"2025-05-24T07:29:54","date_gmt":"2025-05-24T07:29:54","guid":{"rendered":"https:\/\/drabernardetealmeida.pt\/appointment\/"},"modified":"2026-05-07T07:48:36","modified_gmt":"2026-05-07T07:48:36","slug":"contacto-ortodontista-lisboa","status":"publish","type":"page","link":"https:\/\/drabernardetealmeida.pt\/fr\/contacto-ortodontista-lisboa\/","title":{"rendered":"Contact et Localisations"},"content":{"rendered":"<div class=\"wp-block-wrapper\"><div class=\"wp-block-wrapper__inner\">\n<div class=\"wp-block-columns is-layout-flex wp-container-core-columns-is-layout-9d6595d7 wp-block-columns-is-layout-flex\">\n<div class=\"wp-block-column is-layout-flow wp-block-column-is-layout-flow\" style=\"flex-basis:100%\">\r\n\r\n\r\n\r\n<!-- Block -->\r\n<section style=\" \t\t\tbackground-color: var(--color-secondary);\t\t\t\t\t\tbackground-position: 50% 50%;\t\t\t--padding-top: 264px;\t\t\t--padding-bottom: 100px;\t\t\" class=\"block forms-block block--content-center forms-block--appointment   block--animation-on wp-block-tesoiosanablocks-forms\">\r\n\r\n\t<!-- Inner block -->\r\n\t<div class=\"block__inner forms-block__inner\">\r\n\r\n\t\t<!-- Subtitle, title and paragraph -->\r\n\t\t<div class=\"animation-trigger\">\r\n\t\t\t\t\t<h4\t\t\t\tclass=\"block__subtitle subtitle animation-reveal--up animation-delay--1st dont-break-out-on-long-words\"\r\n\t\t\t\tstyle=\"\t\t\t\t\tcolor: var(--color-main);\t\t\t\t\ttext-align: center;\t\t\t\t\t\t\t\t\t\t margin-bottom: calc(20px * var(--mobile-text-bottom-margin-ratio, 1)); \t\t\t\t\t\t\t\t\t\"\r\n\t\t\t>\r\n\t\t\t\tContact et Localisations\t\t\t<\/h4>\r\n\t\t\r\n\t\t\r\n\t\t\t\t\t<h2\t\t\t\tclass=\"block__title title-large animation-reveal--up animation-delay--2nd dont-break-out-on-long-words\"\r\n\t\t\t\tstyle=\"\t\t\t\t\tcolor: var(--color-main);\t\t\t\t\ttext-align: center;\t\t\t\t\t\t\t\t\t\t margin-bottom: calc(22px * var(--mobile-text-bottom-margin-ratio, 1)); \t\t\t\t\t\t\t\t\t\"\r\n\t\t\t>\r\n\t\t\t\tMarque a sua Consulta\t\t\t<\/h2>\r\n\t\t\r\n\t\t\r\n\t\t\t\t\t<p\t\t\t\tclass=\"block__paragraph body-large animation-reveal--up animation-delay--3rd dont-break-out-on-long-words\"\r\n\t\t\t\tstyle=\"\t\t\t\t\tcolor: var(--color-main);\t\t\t\t\ttext-align: center;\t\t\t\t\t\t\t\t\t\t margin-bottom: calc(50px * var(--mobile-text-bottom-margin-ratio, 1)); \t\t\t\t\t\t\t\t\t\"\r\n\t\t\t>\r\n\t\t\t\tEntre em contacto para agendar a sua avalia\u00e7\u00e3o de Ortodontia ou Invisalign\u00ae em Lisboa e Almada. Ou contacte atrav\u00e9s do <a href=\"http:\/\/wa.link\/0jy7k0\" data-type=\"link\" data-id=\"http:\/\/wa.link\/0jy7k0\" target=\"_blank\" rel=\"noopener\">WhatsApp<\/a> \t\t\t<\/p>\r\n\t\t\r\n\t\t<\/div>\r\n\r\n\t\t<form \r\n\t\t\tclass=\"forms-block__form animation-trigger animation-reveal--in\"\r\n\t\t\tname=\"appointment\"\r\n\t\t\tnovalidate\r\n\t\t\tdata-message-required=\"Fill the required fields.\"\r\n\t\t\tdata-message-email=\"Please enter valid email address.\"\r\n\t\t\tdata-message-sent=\"Mensagem enviada com sucesso!\"\r\n\t\t\tdata-message-failed=\"Mensagem n\u00e3o enviada. Tente novamente.\"\r\n\t\t\tdata-submission-to=\"YmVybmFyZGV0ZS5zYWxtZWlkYUBnbWFpbC5jb20=\"\r\n\t\t\tdata-submission-from=\"Dra Bernardete Almeida\"\r\n\t\t\tdata-submission-subject=\"custom\"\r\n\t\t\tdata-submission-custom-subject=\"\"\r\n\t\t\tdata-submission-reply-to=\"7484fc2d-3b18-4114-9db7-614dc1dff756\"\r\n\t\t\tdata-submission-email-type=\"text\"\r\n\t\t\tdata-submission-success-action=\"message\"\r\n\t\t\tdata-submission-redirect-page=\"custom\"\r\n\t\t\tdata-submission-redirect-link=\"https:\/\/www.google.com\"\r\n\t\t\tstyle=\"\t\t\t\t--color-label: var(--color-main);\t\t\t\t--color-error: #d70d17;\t\t\t\t--color-input-background: #ffffff;\t\t\t\t--color-input-border: #dedede;\t\t\t\t--color-input-text: var(--color-main);\t\t\t\" action=\"\"\r\n\t\t>\r\n\r\n\t\t\t\n\r\n\r\n\r\n\r\n<!-- Block -->\r\n<label class=\"inner-block form-item body-normal wp-block-tesoiosanablocks-form-item-input\" data-required=\"true\">\r\n\r\n\t<span class=\"form-item__label-text\">\r\n\t\tNom*\t<\/span>\r\n\t<input class=\"form-item__input\" type=\"text\" name=\"8b03efa8-dd86-4825-b791-dfb45f83d5c9\" \/>\r\n\r\n<\/label>\n\n\r\n\r\n\r\n\r\n<!-- Block -->\r\n<label class=\"inner-block form-item body-normal wp-block-tesoiosanablocks-form-item-input\" data-required=\"false\">\r\n\r\n\t<span class=\"form-item__label-text\">\r\n\t\tNom de famille\t<\/span>\r\n\t<input class=\"form-item__input\" type=\"text\" name=\"728f6ebc-1e37-4d19-b52f-44c17b595859\" \/>\r\n\r\n<\/label>\n\n\r\n\r\n\r\n\r\n<!-- Block -->\r\n<label class=\"inner-block form-item body-normal wp-block-tesoiosanablocks-form-item-input\" data-required=\"true\">\r\n\r\n\t<span class=\"form-item__label-text\">\r\n\t\tCourriel*\t<\/span>\r\n\t<input class=\"form-item__input\" type=\"email\" name=\"7484fc2d-3b18-4114-9db7-614dc1dff756\" \/>\r\n\r\n<\/label>\n\n\r\n\r\n\r\n\r\n<!-- Block -->\r\n<label class=\"inner-block form-item body-normal wp-block-tesoiosanablocks-form-item-input\" data-required=\"true\">\r\n\r\n\t<span class=\"form-item__label-text\">\r\n\t\tT\u00e9l\u00e9phone portable*\t<\/span>\r\n\t<input class=\"form-item__input\" type=\"text\" name=\"eff9b527-24c7-4618-9b25-f90eaaa13caf\" \/>\r\n\r\n<\/label>\n\n\r\n\r\n\r\n\r\n<!-- Block -->\r\n<label class=\"inner-block form-item body-normal wp-block-tesoiosanablocks-form-item-select\" data-required=\"true\">\r\n\r\n\t<span class=\"form-item__label-text\">\r\n\t\tChoisir une clinique*\t<\/span>\r\n\r\n\t<select class=\"form-item__input\" name=\"2f8eff18-0a03-4970-95ff-9ff5ede061ae\">\r\n\t\t\t\t\t\t\t\t\t<option value=\"GetSmile Olivais\">\r\n\t\t\t\t\tGetSmile Olivais\t\t\t\t<\/option>\r\n\t\t\t\t\t\t\t<option value=\"GetSmile Almada\">\r\n\t\t\t\t\tGetSmile Almada\t\t\t\t<\/option>\r\n\t\t\t\t\t\t\t<option value=\"Happy Dente - Cartaxo\">\r\n\t\t\t\t\tHappy Dente - Cartaxo\t\t\t\t<\/option>\r\n\t\t\t\t\t\t\t<option value=\"OrthoClinic Amadora\">\r\n\t\t\t\t\tOrthoClinique Amadora\t\t\t\t<\/option>\r\n\t\t\t\t\t\t<\/select>\r\n\r\n<\/label>\n\n\r\n\r\n\r\n\r\n<!-- Block -->\r\n<label class=\"inner-block form-item body-normal wp-block-tesoiosanablocks-form-item-input\" data-required=\"false\">\r\n\r\n\t<span class=\"form-item__label-text\">\r\n\t\tDate souhait\u00e9e\t<\/span>\r\n\t<input class=\"form-item__input\" type=\"date\" name=\"139e1ef5-f702-4d9b-a88b-e2f95172bc5f\" \/>\r\n\r\n<\/label>\n\n\r\n\r\n\r\n\r\n<!-- Block -->\r\n<label class=\"inner-block form-item body-normal wp-block-tesoiosanablocks-form-item-input\" data-required=\"false\">\r\n\r\n\t<span class=\"form-item__label-text\">\r\n\t\tD\u00e9lai souhait\u00e9\t<\/span>\r\n\t<input class=\"form-item__input\" type=\"time\" name=\"cdddfb10-84d3-4177-98d1-936d5ccd4e5b\" \/>\r\n\r\n<\/label>\n\n\r\n\r\n\r\n\r\n<!-- Block -->\r\n<label class=\"inner-block form-item body-normal wp-block-tesoiosanablocks-form-item-textarea\" data-required=\"true\">\r\n\r\n\t<span class=\"form-item__label-text\">\r\n\t\tMessage*\t<\/span>\r\n\t<textarea class=\"form-item__input\" rows=\"6\" name=\"0ed3e8d9-08bb-463f-b531-655931c85288\"><\/textarea>\r\n\r\n<\/label>\n\r\n\t\t\t<div class=\"form-submit-wrapper\">\r\n\t\t\t\t<!-- Submit button -->\r\n\t\t\t\t\r\n\t\t\t\t\t<button\t\t\t\thref=\"\"\r\n\t\t\t\ttarget=\"_self\"\r\n\t\t\t\tclass=\"animation--off body-small cta-link animation-reveal--up animation-delay--1st dont-break-out-on-long-words\"\r\n\t\t\t\tstyle=\"\t\t\t\t\tcolor: var(--color-secondary);\t\t\t\t\t border-radius: 50px; \t\t\t\t\t background-color: var(--color-main); \t\t\t\t\t\t\t\t\t\"\r\n\t\t\t>\r\n\t\t\t\tJe veux r\u00e9server maintenant\t\t\t<\/button>\r\n\t\t\r\n\t\t\r\n\t\t\t\t<div class=\"form-loader\"><\/div>\r\n\t\t\t<\/div>\r\n\r\n\t\t\t<p class=\"form-status-message\">\r\n\t\t\t\t<span class=\"form-status-message__sign\"><\/span>\r\n\t\t\t\t<span class=\"form-status-message__text\"><\/span>\r\n\t\t\t<\/p>\r\n\t\t<input type=\"hidden\" name=\"trp-form-language\" value=\"fr\"\/><\/form>\r\n\r\n\t<\/div>\r\n<\/section><\/div>\n<\/div>\n<\/div><\/div>\n\n\r\n\r\n\r\n\r\n<!-- Block -->\r\n<section style=\" \t\t\tbackground-color: #ffffff;\t\t\t\t\t\tbackground-position: 50% 50%;\t\t\t--padding-top: 120px;\t\t\t--padding-bottom: 0px;\t\t\" class=\"block features-block block--content-center features-block--row-of-four   block--animation-on wp-block-tesoiosanablocks-features\">\r\n\r\n\t<!-- Inner block -->\r\n\t<div class=\"block__inner features-block__inner\">\r\n\r\n\t\t<!-- Subtitle, title and paragraph -->\r\n\t\t<div class=\"animation-trigger\">\r\n\t\t\t\t\t<h4\t\t\t\tclass=\"block__subtitle subtitle animation-reveal--up animation-delay--1st dont-break-out-on-long-words\"\r\n\t\t\t\tstyle=\"\t\t\t\t\tcolor: var(--color-main);\t\t\t\t\ttext-align: center;\t\t\t\t\t max-width: 720px; \t\t\t\t\t margin-bottom: calc(20px * var(--mobile-text-bottom-margin-ratio, 1)); \t\t\t\t\t\t\t\t\t\"\r\n\t\t\t>\r\n\t\t\t\tlieux\t\t\t<\/h4>\r\n\t\t\r\n\t\t\r\n\t\t\t\t\t<h2\t\t\t\tclass=\"block__title title-medium animation-reveal--up animation-delay--2nd dont-break-out-on-long-words\"\r\n\t\t\t\tstyle=\"\t\t\t\t\tcolor: var(--color-main);\t\t\t\t\ttext-align: center;\t\t\t\t\t max-width: 720px; \t\t\t\t\t margin-bottom: calc(26px * var(--mobile-text-bottom-margin-ratio, 1)); \t\t\t\t\t\t\t\t\t\"\r\n\t\t\t>\r\n\t\t\t\tTrouver le<br>Clinique la plus proche\t\t\t<\/h2>\r\n\t\t\r\n\t\t\r\n\t\t\t\t\t<p\t\t\t\tclass=\"block__paragraph body-large animation-reveal--up animation-delay--3rd dont-break-out-on-long-words\"\r\n\t\t\t\tstyle=\"\t\t\t\t\tcolor: var(--color-main);\t\t\t\t\ttext-align: center;\t\t\t\t\t max-width: 720px; \t\t\t\t\t margin-bottom: calc(50px * var(--mobile-text-bottom-margin-ratio, 1)); \t\t\t\t\t\t\t\t\t\"\r\n\t\t\t>\r\n\t\t\t\tAgende a sua avalia\u00e7\u00e3o personalizada com a Dra. Bernardete Almeida.\t\t\t<\/p>\r\n\t\t\r\n\t\t<\/div>\r\n\r\n\t\t<section class=\"features-block__feature-wrapper\">\r\n\t\t\t\n\r\n\r\n\r\n\r\n<!-- Block -->\r\n<article style=\"align-items: center;\" class=\"features-block__feature features-block--image-style-normal features-block--ratio-4-3  animation-trigger animation-reveal--in wp-block-tesoiosanablocks-features-item\">\r\n\r\n\t\t\t<div class=\"features-block__feature-image-wrapper\" style=\"--image-size: 100%;\">\r\n\t\t\t\t\t\t<img\r\n\t\t\t\tclass=\"features-block__feature-image\"\r\n\t\t\t\tstyle=\"--border-radius: 20px;\"\r\n\t\t\t\tsrc=\"https:\/\/drabernardetealmeida.pt\/wp-content\/uploads\/2025\/05\/Get-Smile-254_11zon.webp\"\r\n\t\t\t\talt=\"\"\r\n\t\t\t\t\t\t\t\t\tsrcset=\"https:\/\/drabernardetealmeida.pt\/wp-content\/uploads\/2025\/05\/Get-Smile-254_11zon.webp 1360w, https:\/\/drabernardetealmeida.pt\/wp-content\/uploads\/2025\/05\/Get-Smile-254_11zon-300x200.webp 300w, https:\/\/drabernardetealmeida.pt\/wp-content\/uploads\/2025\/05\/Get-Smile-254_11zon-1024x683.webp 1024w, https:\/\/drabernardetealmeida.pt\/wp-content\/uploads\/2025\/05\/Get-Smile-254_11zon-768x512.webp 768w\"\r\n\t\t\t\t\tsizes=\"(max-width: 768px) 100vw, 683px\"\r\n\t\t\t\t\t\t\t\/>\r\n\t\t<\/div>\r\n\t\r\n\t<!-- Title -->\r\n\t\r\n\t\t\t\t\t<h3\t\t\t\tclass=\"features-block__feature-title animation--off title-small animation-reveal--up animation-delay--1st dont-break-out-on-long-words\"\r\n\t\t\t\tstyle=\"\t\t\t\t\tcolor: var(--color-main);\t\t\t\t\ttext-align: center;\t\t\t\t\t\t\t\t\t\t\t\t\t\t\t\t\t\t\t\"\r\n\t\t\t>\r\n\t\t\t\tGetSmile<br>Olivais\t\t\t<\/h3>\r\n\t\t\r\n\t\t\r\n\t<!-- Paragraph -->\r\n\t\r\n\t\t\t\t\t<p\t\t\t\tclass=\"features-block__feature-text animation--off body-normal animation-reveal--up animation-delay--2nd dont-break-out-on-long-words\"\r\n\t\t\t\tstyle=\"\t\t\t\t\tcolor: var(--color-main);\t\t\t\t\ttext-align: center;\t\t\t\t\t\t\t\t\t\t\t\t\t\t\t\t\t\t\t\"\r\n\t\t\t>\r\n\t\t\t\tRua Cidade de Bissau, 49 - Loja D, 1800-075 Lisboa<br><br><strong>T\u00e9l\u00e9phone : <\/strong>218 530 839<br><strong>T\u00e9l\u00e9phone portable :<\/strong> 935 258 999<br><a href=\"mailto:olivais@getsmile.pt\">olivais@getsmile.pt<\/a>\t\t\t<\/p>\r\n\t\t\r\n\t\t\r\n\t<!-- Link -->\r\n\t\r\n\t\t\t\t\t<a href=\"https:\/\/g.co\/kgs\/HdGxx8A\" target=\"_self\" class=\"features-block__feature-link animation--off body-normal arrow-link animation-reveal--up animation-delay--3rd dont-break-out-on-long-words\" style=\"\t\t\t\t\tcolor: var(--color-main);\t\t\t\t\t\t\t\t\t\t\t\t\t\t\t\t\t\t\t\">\r\n\t\t\t\tGoogle Maps\t\t\t<\/a>\r\n\t\t\r\n\t\t\r\n<\/article>\n\n\r\n\r\n\r\n\r\n<!-- Block -->\r\n<article style=\"align-items: center;\" class=\"features-block__feature features-block--image-style-normal features-block--ratio-4-3  animation-trigger animation-reveal--in wp-block-tesoiosanablocks-features-item\">\r\n\r\n\t\t\t<div class=\"features-block__feature-image-wrapper\" style=\"--image-size: 100%;\">\r\n\t\t\t\t\t\t<img\r\n\t\t\t\tclass=\"features-block__feature-image\"\r\n\t\t\t\tstyle=\"--border-radius: 20px;\"\r\n\t\t\t\tsrc=\"https:\/\/drabernardetealmeida.pt\/wp-content\/uploads\/2025\/06\/Happy-Dente-Cartaxo.jpg\"\r\n\t\t\t\talt=\"\"\r\n\t\t\t\t\t\t\t\t\tsrcset=\"https:\/\/drabernardetealmeida.pt\/wp-content\/uploads\/2025\/06\/Happy-Dente-Cartaxo.jpg 500w, https:\/\/drabernardetealmeida.pt\/wp-content\/uploads\/2025\/06\/Happy-Dente-Cartaxo-300x300.jpg 300w, https:\/\/drabernardetealmeida.pt\/wp-content\/uploads\/2025\/06\/Happy-Dente-Cartaxo-150x150.jpg 150w\"\r\n\t\t\t\t\tsizes=\"(max-width: 768px) 100vw, 683px\"\r\n\t\t\t\t\t\t\t\/>\r\n\t\t<\/div>\r\n\t\r\n\t<!-- Title -->\r\n\t\r\n\t\t\t\t\t<h3\t\t\t\tclass=\"features-block__feature-title animation--off title-small animation-reveal--up animation-delay--1st dont-break-out-on-long-words\"\r\n\t\t\t\tstyle=\"\t\t\t\t\tcolor: var(--color-main);\t\t\t\t\ttext-align: center;\t\t\t\t\t\t\t\t\t\t\t\t\t\t\t\t\t\t\t\"\r\n\t\t\t>\r\n\t\t\t\tDent heureuse<br>Cartaxo\t\t\t<\/h3>\r\n\t\t\r\n\t\t\r\n\t<!-- Paragraph -->\r\n\t\r\n\t\t\t\t\t<p\t\t\t\tclass=\"features-block__feature-text animation--off body-normal animation-reveal--up animation-delay--2nd dont-break-out-on-long-words\"\r\n\t\t\t\tstyle=\"\t\t\t\t\tcolor: var(--color-main);\t\t\t\t\ttext-align: center;\t\t\t\t\t\t\t\t\t\t\t\t\t\t\t\t\t\t\t\"\r\n\t\t\t>\r\n\t\t\t\tRua 16 de Novembro - Edif\u00edcio Beethoven, R\/C Dto, Cartaxo<br><br><strong>T\u00e9l\u00e9phone : <\/strong>243 112 201<br><a href=\"mailto:geralcartaxo@happydente.pt\">geralcartaxo@happydente.pt<\/a>\t\t\t<\/p>\r\n\t\t\r\n\t\t\r\n\t<!-- Link -->\r\n\t\r\n\t\t\t\t\t<a href=\"https:\/\/maps.app.goo.gl\/hXBhK8ENSUzTe9Bw8\" target=\"_self\" class=\"features-block__feature-link animation--off body-normal arrow-link animation-reveal--up animation-delay--3rd dont-break-out-on-long-words\" style=\"\t\t\t\t\tcolor: var(--color-main);\t\t\t\t\t\t\t\t\t\t\t\t\t\t\t\t\t\t\t\" rel=\"noopener\">\r\n\t\t\t\tGoogle Maps\t\t\t<\/a>\r\n\t\t\r\n\t\t\r\n<\/article>\n\n\r\n\r\n\r\n\r\n<!-- Block -->\r\n<article style=\"align-items: center;\" class=\"features-block__feature features-block--image-style-normal features-block--ratio-4-3  animation-trigger animation-reveal--in wp-block-tesoiosanablocks-features-item\">\r\n\r\n\t\t\t<div class=\"features-block__feature-image-wrapper\" style=\"--image-size: 100%;\">\r\n\t\t\t\t\t\t<img\r\n\t\t\t\tclass=\"features-block__feature-image\"\r\n\t\t\t\tstyle=\"--border-radius: 20px;\"\r\n\t\t\t\tsrc=\"https:\/\/drabernardetealmeida.pt\/wp-content\/uploads\/2025\/06\/Get-Smile-Almada.jpg\"\r\n\t\t\t\talt=\"Get Smile Almada\"\r\n\t\t\t\t\t\t\t\t\tsrcset=\"https:\/\/drabernardetealmeida.pt\/wp-content\/uploads\/2025\/06\/Get-Smile-Almada.jpg 1536w, https:\/\/drabernardetealmeida.pt\/wp-content\/uploads\/2025\/06\/Get-Smile-Almada-300x200.jpg 300w, https:\/\/drabernardetealmeida.pt\/wp-content\/uploads\/2025\/06\/Get-Smile-Almada-1024x683.jpg 1024w, https:\/\/drabernardetealmeida.pt\/wp-content\/uploads\/2025\/06\/Get-Smile-Almada-768x512.jpg 768w, https:\/\/drabernardetealmeida.pt\/wp-content\/uploads\/2025\/06\/Get-Smile-Almada-1400x933.jpg 1400w\"\r\n\t\t\t\t\tsizes=\"(max-width: 768px) 100vw, 683px\"\r\n\t\t\t\t\t\t\t\/>\r\n\t\t<\/div>\r\n\t\r\n\t<!-- Title -->\r\n\t\r\n\t\t\t\t\t<h3\t\t\t\tclass=\"features-block__feature-title animation--off title-small animation-reveal--up animation-delay--1st dont-break-out-on-long-words\"\r\n\t\t\t\tstyle=\"\t\t\t\t\tcolor: var(--color-main);\t\t\t\t\ttext-align: center;\t\t\t\t\t\t\t\t\t\t\t\t\t\t\t\t\t\t\t\"\r\n\t\t\t>\r\n\t\t\t\tGetSmile<br>Almada\t\t\t<\/h3>\r\n\t\t\r\n\t\t\r\n\t<!-- Paragraph -->\r\n\t\r\n\t\t\t\t\t<p\t\t\t\tclass=\"features-block__feature-text animation--off body-normal animation-reveal--up animation-delay--2nd dont-break-out-on-long-words\"\r\n\t\t\t\tstyle=\"\t\t\t\t\tcolor: var(--color-main);\t\t\t\t\ttext-align: center;\t\t\t\t\t\t\t\t\t\t\t\t\t\t\t\t\t\t\t\"\r\n\t\t\t>\r\n\t\t\t\tEstrada da Algazarra, 4 - Feij\u00f3, 2810-420 Almada<br><br><strong>T\u00e9l\u00e9phone : <\/strong>212 580 352<br><strong>T\u00e9l\u00e9phone portable :<\/strong> 968 940 535<br><a href=\"mailto:almada@getsmile.pt\">almada@getsmile.pt<\/a>\t\t\t<\/p>\r\n\t\t\r\n\t\t\r\n\t<!-- Link -->\r\n\t\r\n\t\t\t\t\t<a href=\"https:\/\/g.co\/kgs\/RGa9RzP\" target=\"_self\" class=\"features-block__feature-link animation--off body-normal arrow-link animation-reveal--up animation-delay--3rd dont-break-out-on-long-words\" style=\"\t\t\t\t\tcolor: var(--color-main);\t\t\t\t\t\t\t\t\t\t\t\t\t\t\t\t\t\t\t\">\r\n\t\t\t\tGoogle Maps\t\t\t<\/a>\r\n\t\t\r\n\t\t\r\n<\/article>\n\t\t<\/section>\r\n\r\n\t<\/div>\r\n<\/section>\n\n\r\n\r\n\r\n\r\n<!-- Block -->\r\n<section style=\"--marker-color: var(--color-main);--map-roundness: 20px; \t\t\tbackground-color: #fffffe;\t\t\t\t\t\tbackground-position: 50% 50%;\t\t\t--padding-top: 30px;\t\t\t--padding-bottom: 150px;\t\t\" class=\"block map-block block--content-center   block--animation-on wp-block-tesoiosanablocks-map\">\r\n\t<!-- Inner block -->\r\n\t<div class=\"block__inner posts-block__inner\">\r\n\r\n\t\t<!-- Subtitle, title and paragraph -->\r\n\t\t<div class=\"animation-trigger\">\r\n\t\t\r\n\t\t\r\n\t\t\r\n\t\t\r\n\t\t\r\n\t\t<\/div>\r\n\r\n\t\t<div\r\n\t\t\tclass=\"map-block--map animation-trigger animation-reveal--in\"\r\n\t\t\tstyle=\"height: 530px\"\r\n\t\t\tdata-type=\"openStreetMap\"\r\n\t\t\tdata-zoom=\"10\"\r\n\t\t\tdata-fit-markers=\"true\"\r\n\t\t\tdata-latitude=\"38.7631043\"\r\n\t\t\tdata-longitude=\"-9.1146514\"\r\n\t\t>\r\n\r\n\t\t\t\r\n\t\t\t\t<span\r\n\t\t\t\t\tclass=\"marker\"\r\n\t\t\t\t\tdata-latitude=\"38.7631043\"\r\n\t\t\t\t\tdata-longitude=\"-9.1146514\"\r\n\t\t\t\t\tdata-title=\"Get Smile Olivais\"\r\n\t\t\t\t\tdata-content=\"Rua Cidade de Bissau N\u00ba49 Loja D, 1800-075 Lisboa\"\r\n\t\t\t\t\tdata-link-name=\"Dire\u00e7\u00f5es\"\r\n\t\t\t\t\tdata-link-url=\"https:\/\/g.co\/kgs\/o32qKQ9\"\r\n\t\t\t\t><\/span>\r\n\r\n\t\t\t\r\n\t\t\t\t<span\r\n\t\t\t\t\tclass=\"marker\"\r\n\t\t\t\t\tdata-latitude=\"38.7574504\"\r\n\t\t\t\t\tdata-longitude=\"-9.2348031\"\r\n\t\t\t\t\tdata-title=\"OrthoClinic Amadora\"\r\n\t\t\t\t\tdata-content=\"Rua 5 de Outubro, n\u00ba 2E R\/C \u2013 2700-197, Amadora\"\r\n\t\t\t\t\tdata-link-name=\"Google Maps\"\r\n\t\t\t\t\tdata-link-url=\"https:\/\/maps.app.goo.gl\/Eo4XRkV31tChhemZA\"\r\n\t\t\t\t><\/span>\r\n\r\n\t\t\t\r\n\t\t\t\t<span\r\n\t\t\t\t\tclass=\"marker\"\r\n\t\t\t\t\tdata-latitude=\"39.1575213\"\r\n\t\t\t\t\tdata-longitude=\"-8.7889285\"\r\n\t\t\t\t\tdata-title=\"Happy Dente Cartaxo\"\r\n\t\t\t\t\tdata-content=\"Rua 16 de Novembro Ed. Beethoven, 2070-055 Cartaxo\"\r\n\t\t\t\t\tdata-link-name=\"Google Maps\"\r\n\t\t\t\t\tdata-link-url=\"https:\/\/maps.app.goo.gl\/hXBhK8ENSUzTe9Bw8\"\r\n\t\t\t\t><\/span>\r\n\r\n\t\t\t\r\n\t\t\t\t<span\r\n\t\t\t\t\tclass=\"marker\"\r\n\t\t\t\t\tdata-latitude=\"38.6545828\"\r\n\t\t\t\t\tdata-longitude=\"-9.1660679\"\r\n\t\t\t\t\tdata-title=\"Get Smile Almada\"\r\n\t\t\t\t\tdata-content=\"Estrada da Algazarra, 4 \u2013 Feij\u00f3, 2810-420 Almada\"\r\n\t\t\t\t\tdata-link-name=\"Google Maps\"\r\n\t\t\t\t\tdata-link-url=\"https:\/\/maps.app.goo.gl\/SwqEZMSWnPMP2MmK7\"\r\n\t\t\t\t><\/span>\r\n\r\n\t\t\t\r\n\t\t<\/div>\r\n\r\n\t<\/div>\r\n<\/section>\n\n<div class=\"wp-block-wrapper\"><div class=\"wp-block-wrapper__inner\">\n<p><\/p>\n<\/div><\/div>","protected":false},"excerpt":{"rendered":"","protected":false},"author":2,"featured_media":0,"parent":0,"menu_order":0,"comment_status":"closed","ping_status":"closed","template":"","meta":{"tesoiosana_header_transparency":"default","footnotes":""},"class_list":["post-85","page","type-page","status-publish","hentry"],"_links":{"self":[{"href":"https:\/\/drabernardetealmeida.pt\/fr\/wp-json\/wp\/v2\/pages\/85","targetHints":{"allow":["GET"]}}],"collection":[{"href":"https:\/\/drabernardetealmeida.pt\/fr\/wp-json\/wp\/v2\/pages"}],"about":[{"href":"https:\/\/drabernardetealmeida.pt\/fr\/wp-json\/wp\/v2\/types\/page"}],"author":[{"embeddable":true,"href":"https:\/\/drabernardetealmeida.pt\/fr\/wp-json\/wp\/v2\/users\/2"}],"replies":[{"embeddable":true,"href":"https:\/\/drabernardetealmeida.pt\/fr\/wp-json\/wp\/v2\/comments?post=85"}],"version-history":[{"count":108,"href":"https:\/\/drabernardetealmeida.pt\/fr\/wp-json\/wp\/v2\/pages\/85\/revisions"}],"predecessor-version":[{"id":1240,"href":"https:\/\/drabernardetealmeida.pt\/fr\/wp-json\/wp\/v2\/pages\/85\/revisions\/1240"}],"wp:attachment":[{"href":"https:\/\/drabernardetealmeida.pt\/fr\/wp-json\/wp\/v2\/media?parent=85"}],"curies":[{"name":"wp","href":"https:\/\/api.w.org\/{rel}","templated":true}]}}