{"id":84,"date":"2025-05-24T07:29:54","date_gmt":"2025-05-24T07:29:54","guid":{"rendered":"https:\/\/drabernardetealmeida.pt\/about\/"},"modified":"2026-05-06T15:16:54","modified_gmt":"2026-05-06T15:16:54","slug":"a-propos-de-moi","status":"publish","type":"page","link":"https:\/\/drabernardetealmeida.pt\/fr\/a-propos-de-moi\/","title":{"rendered":"\u00c0 propos"},"content":{"rendered":"<!-- Block -->\r\n<section style=\"background-color: var(--color-negative); background-position: 55% 30%;  \" class=\"block cover-block block--content-left   block--animation-on   wp-block-tesoiosanablocks-cover\">\r\n\t\r\n\t\t\t\t\t<img \r\n\t\t\tclass=\"cover-block__background-image\"\r\n\t\t\tstyle=\"object-position: 55% 30%;\"\r\n\t\t\tsrc=\"https:\/\/drabernardetealmeida.pt\/wp-content\/uploads\/2025\/06\/IMG_4202-1-2-1-1.jpg\"\r\n\t\t\talt=\"\"\r\n\t\t\t\t\t\t\tsrcset=\"https:\/\/drabernardetealmeida.pt\/wp-content\/uploads\/2025\/06\/IMG_4202-1-2-1-1.jpg 1500w, https:\/\/drabernardetealmeida.pt\/wp-content\/uploads\/2025\/06\/IMG_4202-1-2-1-1-300x218.jpg 300w, https:\/\/drabernardetealmeida.pt\/wp-content\/uploads\/2025\/06\/IMG_4202-1-2-1-1-1024x743.jpg 1024w, https:\/\/drabernardetealmeida.pt\/wp-content\/uploads\/2025\/06\/IMG_4202-1-2-1-1-768x557.jpg 768w, https:\/\/drabernardetealmeida.pt\/wp-content\/uploads\/2025\/06\/IMG_4202-1-2-1-1-1400x1015.jpg 1400w\"\r\n\t\t\t\tsizes=\"100vw\"\r\n\t\t\t\t\t\/>\r\n\t\r\n\t<!-- Inner block -->\r\n\t<div class=\"block__inner cover-block__inner animation-trigger\">\r\n\t\r\n\t\t<!-- Subtitle, title and paragraph -->\r\n\t\t\r\n\t\t\t\t\t<h4\t\t\t\tclass=\"block__subtitle subtitle animation-reveal--up animation-delay--1st dont-break-out-on-long-words\"\r\n\t\t\t\tstyle=\"\t\t\t\t\tcolor: var(--color-secondary);\t\t\t\t\ttext-align: left;\t\t\t\t\t max-width: 200px; \t\t\t\t\t margin-bottom: calc(24px * var(--mobile-text-bottom-margin-ratio, 1)); \t\t\t\t\t\t\t\t\t\"\r\n\t\t\t>\r\n\t\t\t\t\u00c0 propos de moi\t\t\t<\/h4>\r\n\t\t\r\n\t\t\r\n\t\t\t\t\t<h2\t\t\t\tclass=\"block__title title-extra-large animation-reveal--up animation-delay--2nd dont-break-out-on-long-words\"\r\n\t\t\t\tstyle=\"\t\t\t\t\tcolor: var(--color-secondary);\t\t\t\t\ttext-align: left;\t\t\t\t\t max-width: 713px; \t\t\t\t\t margin-bottom: calc(44px * var(--mobile-text-bottom-margin-ratio, 1)); \t\t\t\t\t\t\t\t\t\"\r\n\t\t\t>\r\n\t\t\t\tDes Sourires qui<br>Racontent des Histoires\t\t\t<\/h2>\r\n\t\t\r\n\t\t\r\n\t\t\t\t\t<p\t\t\t\tclass=\"block__paragraph body-large animation-reveal--up animation-delay--3rd dont-break-out-on-long-words\"\r\n\t\t\t\tstyle=\"\t\t\t\t\tcolor: var(--color-secondary);\t\t\t\t\ttext-align: left;\t\t\t\t\t max-width: 740px; \t\t\t\t\t margin-bottom: calc(34px * var(--mobile-text-bottom-margin-ratio, 1)); \t\t\t\t\t\t\t\t\t\"\r\n\t\t\t>\r\n\t\t\t\tUne vie d\u00e9di\u00e9e \u00e0 la sant\u00e9 bucco-dentaire avec bienveillance, proximit\u00e9 et excellence.\t\t\t<\/p>\r\n\t\t\r\n\t\t\r\n\t\t<!-- Link -->\r\n\t\t\r\n\t\t\t\t\t<a href=\"http:\/\/wa.link\/0jy7k0\" target=\"_self\" class=\"text-block__link body-small cta-link animation-reveal--up animation-delay--4th dont-break-out-on-long-words\" style=\"\t\t\t\t\tcolor: var(--color-main);\t\t\t\t\t border-radius: 50px; \t\t\t\t\t background-color: var(--color-accent); \t\t\t\t\t\t\t\t\t\" rel=\"noopener\">\r\n\t\t\t\tPrendre Rendez-vous\t\t\t<\/a>\r\n\t\t\r\n\t\t\r\n\t\t\t\t\t<div class=\"scroll-down\">\r\n\t\t\t\t<a href=\"#scroll-down\" class=\"scroll-down__link\" style=\"color: var(--color-negative)\">\r\n\t\t\t\t\t<span class=\"scroll-down__title body-normal dont-break-out-on-long-words\">\r\n\t\t\t\t\t\tD\u00e9couvrir\t\t\t\t\t<\/span>\r\n\t\t\t\t\t<svg class=\"scroll-down__icon\" xmlns=\"http:\/\/www.w3.org\/2000\/svg\" viewbox=\"0 0 26.741 14.785\">\r\n\t\t\t\t\t\t<path d=\"M166.414-4.992,179.077,7.671,166.414,20.335\" transform=\"translate(21.042 -165.707) rotate(90)\" \/>\r\n\t\t\t\t\t<\/svg>\r\n\t\t\t\t<\/a>\r\n\t\t\t\t<div class=\"scroll-down__postition\" id=\"scroll-down\"><\/div>\r\n\t\t\t<\/div>\r\n\t\t\r\n\t<\/div>\r\n<\/section>\n\n\r\n\r\n\r\n\r\n<!-- Block -->\r\n<section style=\" \t\t\tbackground-color: var(--color-negative);\t\t\t\t\t\tbackground-position: 50% 50%;\t\t\t--padding-top: 120px;\t\t\t--padding-bottom: 60px;\t\t\" class=\"block text-block block--content-center   block--animation-on wp-block-tesoiosanablocks-text\">\r\n\r\n\t<!-- Inner block -->\r\n\t<div class=\"block__inner text-block__inner animation-trigger\">\r\n\r\n\t\t<!-- Subtitle, title and paragraph -->\r\n\t\t\r\n\t\t\r\n\t\t\r\n\t\t\r\n\t\t\r\n\t\t\t\t\t<p\t\t\t\tclass=\"block__paragraph body-large animation-reveal--up animation-delay--1st dont-break-out-on-long-words\"\r\n\t\t\t\tstyle=\"\t\t\t\t\tcolor: var(--color-main);\t\t\t\t\ttext-align: center;\t\t\t\t\t max-width: 850px; \t\t\t\t\t margin-bottom: calc(20px * var(--mobile-text-bottom-margin-ratio, 1)); \t\t\t\t\t\t\t\t\t\"\r\n\t\t\t>\r\n\t\t\t\tDepuis toujours, j\u2019ai su que je voulais transformer des sourires \u2014 et, avec eux, l\u2019estime de soi des personnes. Je suis la Dre Bernardete Almeida, m\u00e9decin dentiste avec plus de 21 ans d\u2019exp\u00e9rience d\u00e9di\u00e9e \u00e0 la sant\u00e9 bucco-dentaire, \u00e0 l\u2019esth\u00e9tique et au bien-\u00eatre de mes patients.<br><br>Je parle couramment le fran\u00e7ais (niveau B2 en conversation et en \u00e9criture), avec une certification de l\u2019Alliance Fran\u00e7aise \u2014 ce qui me permet d\u2019accueillir \u00e9galement des patients francophones avec toute l\u2019attention qu\u2019ils m\u00e9ritent.\t\t\t<\/p>\r\n\t\t\r\n\t\t\r\n\t\t<!-- List -->\r\n\t\t\r\n\t\t\r\n\t\t\r\n\t\t<!-- Link -->\r\n\t\t\r\n\t\t\r\n\t\t\r\n\t<\/div>\r\n<\/section>\n\n\r\n\r\n\r\n\r\n<!-- Block -->\r\n<section style=\" \t\t\tbackground-color: var(--color-negative);\t\t\t\t\t\tbackground-position: 50% 50%;\t\t\t--padding-top: 100px;\t\t\t--padding-bottom: 120px;\t\t\" class=\"block fifty-block block--content-left  fifty-block--ratio-1-1 fifty-block--image-style-normal fifty-block--image-first  fifty-block--full-width-media    block--animation-on wp-block-tesoiosanablocks-fifty\">\r\n\r\n\t<!-- Inner block -->\r\n\t<div class=\"block__inner fifty-block__inner\">\r\n\t\t<section class=\"fifty-block__content-section animation-trigger\" style=\"width: 50%;\">\r\n\t\t\t<!-- Subtitle, title and paragraph -->\r\n\t\t\t\r\n\t\t\r\n\t\t\r\n\t\t\t\t\t<h2\t\t\t\tclass=\"block__title title-medium animation-reveal--up animation-delay--1st dont-break-out-on-long-words\"\r\n\t\t\t\tstyle=\"\t\t\t\t\tcolor: var(--color-main);\t\t\t\t\ttext-align: left;\t\t\t\t\t max-width: 440px; \t\t\t\t\t margin-bottom: calc(24px * var(--mobile-text-bottom-margin-ratio, 1)); \t\t\t\t\t\t\t\t\t\"\r\n\t\t\t>\r\n\t\t\t\tO\u00f9 Tout a<br>Commenc\u00e9\t\t\t<\/h2>\r\n\t\t\r\n\t\t\r\n\t\t\t\t\t<p\t\t\t\tclass=\"block__paragraph body-normal animation-reveal--up animation-delay--2nd dont-break-out-on-long-words\"\r\n\t\t\t\tstyle=\"\t\t\t\t\tcolor: var(--color-main);\t\t\t\t\ttext-align: left;\t\t\t\t\t max-width: 440px; \t\t\t\t\t margin-bottom: calc(34px * var(--mobile-text-bottom-margin-ratio, 1)); \t\t\t\t\t\t\t\t\t\"\r\n\t\t\t>\r\n\t\t\t\tMon parcours en m\u00e9decine dentaire a commenc\u00e9 \u00e0 l\u2019Universit\u00e9 M\u00e9thodiste de S\u00e3o Paulo (UMESP) et a pris racine au Portugal, avec l\u2019\u00e9quivalence obtenue \u00e0 l\u2019Universit\u00e9 de Coimbra, o\u00f9 j\u2019exerce depuis 2007.<br><br>Je suis sp\u00e9cialiste en orthodontie fixe et en orthop\u00e9die fonctionnelle des maxillaires, avec une certification Invisalign depuis 2019 \u2014 une approche moderne, confortable et discr\u00e8te pour aligner les sourires.<br><br>De plus, je poss\u00e8de un dipl\u00f4me de troisi\u00e8me cycle en proth\u00e8se fixe et implantologie, et je travaille avec passion dans les domaines de l\u2019esth\u00e9tique dentaire et du blanchiment. Car chaque d\u00e9tail compte pour un sourire confiant.\t\t\t<\/p>\r\n\t\t\r\n\t\t\r\n\t\t\t<!-- List -->\r\n\t\t\t\r\n\t\t\r\n\t\t\r\n\t\t\t<!-- Link -->\r\n\t\t\t\r\n\t\t\t\t\t<a href=\"http:\/\/wa.link\/0jy7k0\" target=\"_self\" class=\"fifty-block__link body-small arrow-link animation-reveal--up animation-delay--3rd dont-break-out-on-long-words\" style=\"\t\t\t\t\tcolor: var(--color-main);\t\t\t\t\t\t\t\t\t\t\t\t\t\t\t\t\t\t\t\" rel=\"noopener\">\r\n\t\t\t\tPrendre Rendez-vous\t\t\t<\/a>\r\n\t\t\r\n\t\t\t\t<\/section>\r\n\r\n\t\t<section class=\"fifty-block__image-section animation-trigger\" style=\"width: 50%;\">\r\n\t\t\t<div class=\"fifty-block__image-wrapper\" style=\"--image-size: 90%;\">\r\n\t\t\t\t\t\t\t\t\t\t\t\t\t\t<img \r\n\t\t\t\t\t\tclass=\"fifty-block__image animation-reveal--in\"\r\n\t\t\t\t\t\tstyle=\"--border-radius: 20px;\"\r\n\t\t\t\t\t\tsrc=\"https:\/\/drabernardetealmeida.pt\/wp-content\/uploads\/2025\/06\/IMG_4272-scaled.jpg\"\r\n\t\t\t\t\t\talt=\"\"\r\n\t\t\t\t\t\t\t\t\t\t\t\t\tsrcset=\"https:\/\/drabernardetealmeida.pt\/wp-content\/uploads\/2025\/06\/IMG_4272-scaled.jpg 2000w, https:\/\/drabernardetealmeida.pt\/wp-content\/uploads\/2025\/06\/IMG_4272-300x200.jpg 300w, https:\/\/drabernardetealmeida.pt\/wp-content\/uploads\/2025\/06\/IMG_4272-1024x683.jpg 1024w, https:\/\/drabernardetealmeida.pt\/wp-content\/uploads\/2025\/06\/IMG_4272-768x512.jpg 768w, https:\/\/drabernardetealmeida.pt\/wp-content\/uploads\/2025\/06\/IMG_4272-1536x1024.jpg 1536w, https:\/\/drabernardetealmeida.pt\/wp-content\/uploads\/2025\/06\/IMG_4272-2048x1365.jpg 2048w, https:\/\/drabernardetealmeida.pt\/wp-content\/uploads\/2025\/06\/IMG_4272-1400x933.jpg 1400w\"\r\n\t\t\t\t\t\t\tsizes=\"(max-width: 768px) 100vw, 615px\"\r\n\t\t\t\t\t\t\t\t\t\t\t\/>\r\n\t\t\t\t\t\t\t<\/div>\r\n\t\t<\/section>\r\n\t<\/div>\r\n\r\n<\/section>\n\n\r\n\r\n\r\n\r\n<!-- Block -->\r\n<section style=\" \t\t\tbackground-color: var(--color-negative);\t\t\t\t\t\tbackground-position: 50% 50%;\t\t\t--padding-top: 120px;\t\t\t--padding-bottom: 120px;\t\t\" class=\"block fifty-block block--content-left  fifty-block--ratio-1-1 fifty-block--image-style-normal fifty-block--image-first  fifty-block--full-width-media    block--animation-on wp-block-tesoiosanablocks-fifty\">\r\n\r\n\t<!-- Inner block -->\r\n\t<div class=\"block__inner fifty-block__inner\">\r\n\t\t<section class=\"fifty-block__content-section animation-trigger\" style=\"width: 50%;\">\r\n\t\t\t<!-- Subtitle, title and paragraph -->\r\n\t\t\t\r\n\t\t\r\n\t\t\r\n\t\t\t\t\t<h2\t\t\t\tclass=\"block__title title-medium animation-reveal--up animation-delay--1st dont-break-out-on-long-words\"\r\n\t\t\t\tstyle=\"\t\t\t\t\tcolor: var(--color-main);\t\t\t\t\ttext-align: left;\t\t\t\t\t max-width: 440px; \t\t\t\t\t margin-bottom: calc(24px * var(--mobile-text-bottom-margin-ratio, 1)); \t\t\t\t\t\t\t\t\t\"\r\n\t\t\t>\r\n\t\t\t\tSp\u00e9cialiste<br>Invisalign\u00ae\t\t\t<\/h2>\r\n\t\t\r\n\t\t\r\n\t\t\t\t\t<p\t\t\t\tclass=\"block__paragraph body-normal animation-reveal--up animation-delay--2nd dont-break-out-on-long-words\"\r\n\t\t\t\tstyle=\"\t\t\t\t\tcolor: var(--color-main);\t\t\t\t\ttext-align: left;\t\t\t\t\t max-width: 440px; \t\t\t\t\t margin-bottom: calc(34px * var(--mobile-text-bottom-margin-ratio, 1)); \t\t\t\t\t\t\t\t\t\"\r\n\t\t\t>\r\n\t\t\t\tJe suis l\u2019une des rares dentistes \u00e0 Lisbonne certifi\u00e9es pour travailler avec l\u2019Invisalign\u00ae original \u2014 le syst\u00e8me d\u2019aligneurs invisibles le plus avanc\u00e9 au monde.<br><br>Gr\u00e2ce \u00e0 cette approche discr\u00e8te, confortable et pr\u00e9cise, il est possible d\u2019aligner votre sourire avec technologie, esth\u00e9tique et confiance totale. N\u2019attendez plus, prenez d\u00e8s maintenant rendez-vous pour votre consultation d\u2019\u00e9valuation gratuite.\t\t\t<\/p>\r\n\t\t\r\n\t\t\r\n\t\t\t<!-- List -->\r\n\t\t\t\r\n\t\t\r\n\t\t\r\n\t\t\t<!-- Link -->\r\n\t\t\t\r\n\t\t\t\t\t<a href=\"http:\/\/wa.link\/0jy7k0\" target=\"_self\" class=\"fifty-block__link body-small cta-link animation-reveal--up animation-delay--3rd dont-break-out-on-long-words\" style=\"\t\t\t\t\tcolor: var(--color-secondary);\t\t\t\t\t border-radius: 50px; \t\t\t\t\t background-color: var(--color-main); \t\t\t\t\t\t\t\t\t\" rel=\"noopener\">\r\n\t\t\t\tPrendre Rendez-vous\t\t\t<\/a>\r\n\t\t\r\n\t\t\t\t<\/section>\r\n\r\n\t\t<section class=\"fifty-block__image-section animation-trigger\" style=\"width: 50%;\">\r\n\t\t\t<div class=\"fifty-block__image-wrapper\" style=\"--image-size: 90%;\">\r\n\t\t\t\t\t\t\t\t\t\t\t\t\t\t<img \r\n\t\t\t\t\t\tclass=\"fifty-block__image animation-reveal--in\"\r\n\t\t\t\t\t\tstyle=\"--border-radius: 20px;\"\r\n\t\t\t\t\t\tsrc=\"https:\/\/drabernardetealmeida.pt\/wp-content\/uploads\/2025\/06\/IMG_4348-1.jpg\"\r\n\t\t\t\t\t\talt=\"\"\r\n\t\t\t\t\t\t\t\t\t\t\t\t\tsrcset=\"https:\/\/drabernardetealmeida.pt\/wp-content\/uploads\/2025\/06\/IMG_4348-1.jpg 1000w, https:\/\/drabernardetealmeida.pt\/wp-content\/uploads\/2025\/06\/IMG_4348-1-300x200.jpg 300w, https:\/\/drabernardetealmeida.pt\/wp-content\/uploads\/2025\/06\/IMG_4348-1-768x512.jpg 768w\"\r\n\t\t\t\t\t\t\tsizes=\"(max-width: 768px) 100vw, 615px\"\r\n\t\t\t\t\t\t\t\t\t\t\t\/>\r\n\t\t\t\t\t\t\t<\/div>\r\n\t\t<\/section>\r\n\t<\/div>\r\n\r\n<\/section>\n\n\r\n\r\n\r\n\r\n<!-- Block -->\r\n<section style=\" \t\t\tbackground-color: var(--color-negative);\t\t\t\t\t\tbackground-position: 50% 50%;\t\t\t--padding-top: 110px;\t\t\t--padding-bottom: 110px;\t\t\" class=\"block fifty-block block--content-left  fifty-block--ratio-1-1 fifty-block--image-style-normal fifty-block--image-first  fifty-block--full-width-media    block--animation-on wp-block-tesoiosanablocks-fifty\">\r\n\r\n\t<!-- Inner block -->\r\n\t<div class=\"block__inner fifty-block__inner\">\r\n\t\t<section class=\"fifty-block__content-section animation-trigger\" style=\"width: 50%;\">\r\n\t\t\t<!-- Subtitle, title and paragraph -->\r\n\t\t\t\r\n\t\t\t\t\t<h4\t\t\t\tclass=\"block__subtitle subtitle animation-reveal--up animation-delay--1st dont-break-out-on-long-words\"\r\n\t\t\t\tstyle=\"\t\t\t\t\tcolor: var(--color-main);\t\t\t\t\ttext-align: left;\t\t\t\t\t max-width: 440px; \t\t\t\t\t margin-bottom: calc(20px * var(--mobile-text-bottom-margin-ratio, 1)); \t\t\t\t\t\t\t\t\t\"\r\n\t\t\t>\r\n\t\t\t\tO\u00f9 suis-je\t\t\t<\/h4>\r\n\t\t\r\n\t\t\r\n\t\t\t\t\t<h2\t\t\t\tclass=\"block__title title-medium animation-reveal--up animation-delay--2nd dont-break-out-on-long-words\"\r\n\t\t\t\tstyle=\"\t\t\t\t\tcolor: var(--color-main);\t\t\t\t\ttext-align: left;\t\t\t\t\t max-width: 440px; \t\t\t\t\t margin-bottom: calc(22px * var(--mobile-text-bottom-margin-ratio, 1)); \t\t\t\t\t\t\t\t\t\"\r\n\t\t\t>\r\n\t\t\t\tCliniques \u00e0<br>Lisbonne &amp; Almada\t\t\t<\/h2>\r\n\t\t\r\n\t\t\r\n\t\t\t\t\t<p\t\t\t\tclass=\"block__paragraph body-normal animation-reveal--up animation-delay--3rd dont-break-out-on-long-words\"\r\n\t\t\t\tstyle=\"\t\t\t\t\tcolor: var(--color-main);\t\t\t\t\ttext-align: left;\t\t\t\t\t max-width: 440px; \t\t\t\t\t margin-bottom: calc(26px * var(--mobile-text-bottom-margin-ratio, 1)); \t\t\t\t\t\t\t\t\t\"\r\n\t\t\t>\r\n\t\t\t\tChoisissez l\u2019unit\u00e9 la plus pratique pour vous \u2014 je suis pr\u00e9sente dans plusieurs cliniques de la Grande Lisbonne et d\u2019Almada.\t\t\t<\/p>\r\n\t\t\r\n\t\t\r\n\t\t\t<!-- List -->\r\n\t\t\t\r\n\t\t\r\n\t\t\r\n\t\t\t<!-- Link -->\r\n\t\t\t\r\n\t\t\t\t\t<a href=\"https:\/\/drabernardetealmeida.pt\/fr\/contact-et-localisation\/\" target=\"_self\" class=\"fifty-block__link body-small cta-link animation-reveal--up animation-delay--4th dont-break-out-on-long-words\" style=\"\t\t\t\t\tcolor: var(--color-negative);\t\t\t\t\t border-radius: 50px; \t\t\t\t\t background-color: var(--color-main); \t\t\t\t\t\t\t\t\t\">\r\n\t\t\t\tVoir Contact et Localisations\t\t\t<\/a>\r\n\t\t\r\n\t\t\t\t<\/section>\r\n\r\n\t\t<section class=\"fifty-block__image-section animation-trigger\" style=\"width: 50%;\">\r\n\t\t\t<div class=\"fifty-block__image-wrapper\" style=\"--image-size: 88%;\">\r\n\t\t\t\t\t\t\t\t\t\t\t\t\t\t<img \r\n\t\t\t\t\t\tclass=\"fifty-block__image animation-reveal--in\"\r\n\t\t\t\t\t\tstyle=\"--border-radius: 20px;\"\r\n\t\t\t\t\t\tsrc=\"https:\/\/drabernardetealmeida.pt\/wp-content\/uploads\/2025\/06\/IMG_4409-1.jpg\"\r\n\t\t\t\t\t\talt=\"\"\r\n\t\t\t\t\t\t\t\t\t\t\t\t\tsrcset=\"https:\/\/drabernardetealmeida.pt\/wp-content\/uploads\/2025\/06\/IMG_4409-1.jpg 1000w, https:\/\/drabernardetealmeida.pt\/wp-content\/uploads\/2025\/06\/IMG_4409-1-200x300.jpg 200w, https:\/\/drabernardetealmeida.pt\/wp-content\/uploads\/2025\/06\/IMG_4409-1-683x1024.jpg 683w, https:\/\/drabernardetealmeida.pt\/wp-content\/uploads\/2025\/06\/IMG_4409-1-768x1152.jpg 768w\"\r\n\t\t\t\t\t\t\tsizes=\"(max-width: 768px) 100vw, 602px\"\r\n\t\t\t\t\t\t\t\t\t\t\t\/>\r\n\t\t\t\t\t\t\t<\/div>\r\n\t\t<\/section>\r\n\t<\/div>\r\n\r\n<\/section>\n\n\r\n\r\n\r\n\r\n<!-- Block -->\r\n<section style=\" \t\t\tbackground-color: var(--color-accent);\t\t\t\t\t\tbackground-position: 50% 50%;\t\t\t--padding-top: 120px;\t\t\t--padding-bottom: 120px;\t\t\" class=\"block text-block block--content-center   block--animation-on wp-block-tesoiosanablocks-text\">\r\n\r\n\t<!-- Inner block -->\r\n\t<div class=\"block__inner text-block__inner animation-trigger\">\r\n\r\n\t\t<!-- Subtitle, title and paragraph -->\r\n\t\t\r\n\t\t\r\n\t\t\r\n\t\t\t\t\t<h2\t\t\t\tclass=\"block__title title-medium animation-reveal--up animation-delay--1st dont-break-out-on-long-words\"\r\n\t\t\t\tstyle=\"\t\t\t\t\tcolor: var(--color-main);\t\t\t\t\ttext-align: center;\t\t\t\t\t max-width: 720px; \t\t\t\t\t margin-bottom: calc(36px * var(--mobile-text-bottom-margin-ratio, 1)); \t\t\t\t\t\t\t\t\t\"\r\n\t\t\t>\r\n\t\t\t\tPrenez Maintenant Votre<br>\u00c9valuation Gratuite\t\t\t<\/h2>\r\n\t\t\r\n\t\t\r\n\t\t\t\t\t<p\t\t\t\tclass=\"block__paragraph body-normal animation-reveal--up animation-delay--2nd dont-break-out-on-long-words\"\r\n\t\t\t\tstyle=\"\t\t\t\t\tcolor: var(--color-main);\t\t\t\t\ttext-align: center;\t\t\t\t\t max-width: 720px; \t\t\t\t\t margin-bottom: calc(20px * var(--mobile-text-bottom-margin-ratio, 1)); \t\t\t\t\t\t\t\t\t\"\r\n\t\t\t>\r\n\t\t\t\tLa premi\u00e8re consultation est 100 % gratuite, sans engagement et personnalis\u00e9e selon votre situation.<a href=\"https:\/\/drabernardetealmeida.pt\/fr\/contact-et-localisation\/#scroll-down\"><\/a>\t\t\t<\/p>\r\n\t\t\r\n\t\t\r\n\t\t<!-- List -->\r\n\t\t\r\n\t\t\r\n\t\t\r\n\t\t<!-- Link -->\r\n\t\t\r\n\t\t\t\t\t<a href=\"http:\/\/wa.link\/0jy7k0\" target=\"_self\" class=\"text-block__link body-small cta-link animation-reveal--up animation-delay--3rd dont-break-out-on-long-words\" style=\"\t\t\t\t\tcolor: var(--color-accent);\t\t\t\t\t border-radius: 50px; \t\t\t\t\t background-color: var(--color-main); \t\t\t\t\t\t\t\t\t\" rel=\"noopener\">\r\n\t\t\t\tPrendre Rendez-vous\t\t\t<\/a>\r\n\t\t\r\n\t\t\r\n\t<\/div>\r\n<\/section>","protected":false},"excerpt":{"rendered":"","protected":false},"author":2,"featured_media":0,"parent":0,"menu_order":0,"comment_status":"closed","ping_status":"closed","template":"","meta":{"tesoiosana_header_transparency":"light","footnotes":""},"class_list":["post-84","page","type-page","status-publish","hentry"],"_links":{"self":[{"href":"https:\/\/drabernardetealmeida.pt\/fr\/wp-json\/wp\/v2\/pages\/84","targetHints":{"allow":["GET"]}}],"collection":[{"href":"https:\/\/drabernardetealmeida.pt\/fr\/wp-json\/wp\/v2\/pages"}],"about":[{"href":"https:\/\/drabernardetealmeida.pt\/fr\/wp-json\/wp\/v2\/types\/page"}],"author":[{"embeddable":true,"href":"https:\/\/drabernardetealmeida.pt\/fr\/wp-json\/wp\/v2\/users\/2"}],"replies":[{"embeddable":true,"href":"https:\/\/drabernardetealmeida.pt\/fr\/wp-json\/wp\/v2\/comments?post=84"}],"version-history":[{"count":39,"href":"https:\/\/drabernardetealmeida.pt\/fr\/wp-json\/wp\/v2\/pages\/84\/revisions"}],"predecessor-version":[{"id":1198,"href":"https:\/\/drabernardetealmeida.pt\/fr\/wp-json\/wp\/v2\/pages\/84\/revisions\/1198"}],"wp:attachment":[{"href":"https:\/\/drabernardetealmeida.pt\/fr\/wp-json\/wp\/v2\/media?parent=84"}],"curies":[{"name":"wp","href":"https:\/\/api.w.org\/{rel}","templated":true}]}}