{"id":702,"date":"2025-07-01T15:39:45","date_gmt":"2025-07-01T15:39:45","guid":{"rendered":"https:\/\/drabernardetealmeida.pt\/?page_id=702"},"modified":"2025-10-16T11:47:55","modified_gmt":"2025-10-16T11:47:55","slug":"orthopedie-fonctionnelle-pour-les-enfants","status":"publish","type":"page","link":"https:\/\/drabernardetealmeida.pt\/fr\/traitements\/orthopedie-fonctionnelle-pour-les-enfants\/","title":{"rendered":"Orthop\u00e9die Fonctionnelle Infantile"},"content":{"rendered":"<!-- Block -->\r\n<section style=\" \t\t\tbackground-color: var(--color-negative);\t\t\t\t\t\tbackground-position: 50% 50%;\t\t\t--padding-top: 200px;\t\t\t--padding-bottom: 80px;\t\t\" class=\"block text-block block--content-center   block--animation-on wp-block-tesoiosanablocks-text\">\r\n\r\n\t<!-- Inner block -->\r\n\t<div class=\"block__inner text-block__inner animation-trigger\">\r\n\r\n\t\t<!-- Subtitle, title and paragraph -->\r\n\t\t\r\n\t\t\t\t\t<h4\t\t\t\tclass=\"block__subtitle subtitle animation-reveal--up animation-delay--1st dont-break-out-on-long-words\"\r\n\t\t\t\tstyle=\"\t\t\t\t\tcolor: var(--color-main);\t\t\t\t\ttext-align: center;\t\t\t\t\t max-width: 200px; \t\t\t\t\t margin-bottom: calc(20px * var(--mobile-text-bottom-margin-ratio, 1)); \t\t\t\t\t\t\t\t\t\"\r\n\t\t\t>\r\n\t\t\t\tSoins\t\t\t<\/h4>\r\n\t\t\r\n\t\t\r\n\t\t\t\t\t<h2\t\t\t\tclass=\"block__title title-extra-large animation-reveal--up animation-delay--2nd dont-break-out-on-long-words\"\r\n\t\t\t\tstyle=\"\t\t\t\t\tcolor: var(--color-main);\t\t\t\t\ttext-align: center;\t\t\t\t\t max-width: 600px; \t\t\t\t\t margin-bottom: calc(24px * var(--mobile-text-bottom-margin-ratio, 1)); \t\t\t\t\t\t\t\t\t\"\r\n\t\t\t>\r\n\t\t\t\tOrthop\u00e9die Fonctionnelle Infantile\t\t\t<\/h2>\r\n\t\t\r\n\t\t\r\n\t\t\t\t\t<p\t\t\t\tclass=\"block__paragraph body-large animation-reveal--up animation-delay--3rd dont-break-out-on-long-words\"\r\n\t\t\t\tstyle=\"\t\t\t\t\tcolor: var(--color-main);\t\t\t\t\ttext-align: center;\t\t\t\t\t max-width: 680px; \t\t\t\t\t margin-bottom: calc(36px * var(--mobile-text-bottom-margin-ratio, 1)); \t\t\t\t\t\t\t\t\t\"\r\n\t\t\t>\r\n\t\t\t\tL'orthop\u00e9die fonctionnelle pour enfants vise \u00e0 corriger les changements pr\u00e9coces dans la croissance des os du visage et le d\u00e9veloppement de l'occlusion. Elle est principalement indiqu\u00e9e pendant l'enfance, lorsqu'il est encore possible de guider la croissance de mani\u00e8re naturelle et sans avoir recours \u00e0 des traitements invasifs.\t\t\t<\/p>\r\n\t\t\r\n\t\t\r\n\t\t<!-- List -->\r\n\t\t\r\n\t\t\r\n\t\t\r\n\t\t<!-- Link -->\r\n\t\t\r\n\t\t\t\t\t<a href=\"http:\/\/wa.link\/0jy7k0\" target=\"_self\" class=\"text-block__link body-small cta-link animation-reveal--up animation-delay--4th dont-break-out-on-long-words\" style=\"\t\t\t\t\tcolor: var(--color-main);\t\t\t\t\t border-radius: 50px; \t\t\t\t\t background-color: var(--color-accent); \t\t\t\t\t\t\t\t\t\" rel=\"noopener\">\r\n\t\t\t\tPrendre un rendez-vous d'\u00e9valuation\t\t\t<\/a>\r\n\t\t\r\n\t\t\r\n\t<\/div>\r\n<\/section>\n\n\r\n\r\n\r\n\r\n<!-- Block -->\r\n<section style=\" \t\t\tbackground-color: var(--color-negative);\t\t\t\t\t\tbackground-position: 50% 50%;\t\t\t--padding-top: 100px;\t\t\t--padding-bottom: 100px;\t\t\" class=\"block fifty-block block--content-left  fifty-block--ratio-1-1 fifty-block--image-style-normal fifty-block--image-first  fifty-block--full-width-media    block--animation-on wp-block-tesoiosanablocks-fifty\">\r\n\r\n\t<!-- Inner block -->\r\n\t<div class=\"block__inner fifty-block__inner\">\r\n\t\t<section class=\"fifty-block__content-section animation-trigger\" style=\"width: 50%;\">\r\n\t\t\t<!-- Subtitle, title and paragraph -->\r\n\t\t\t\r\n\t\t\r\n\t\t\r\n\t\t\r\n\t\t\r\n\t\t\t\t\t<p\t\t\t\tclass=\"block__paragraph body-normal animation-reveal--up animation-delay--1st dont-break-out-on-long-words\"\r\n\t\t\t\tstyle=\"\t\t\t\t\tcolor: var(--color-main);\t\t\t\t\ttext-align: left;\t\t\t\t\t max-width: 440px; \t\t\t\t\t margin-bottom: calc(48px * var(--mobile-text-bottom-margin-ratio, 1)); \t\t\t\t\t\t\t\t\t\"\r\n\t\t\t>\r\n\t\t\t\tGr\u00e2ce \u00e0 des appareils amovibles et confortables, ce traitement permet de corriger la position des dents, d'am\u00e9liorer la respiration, la mastication et m\u00eame la posture du visage. Plus il est entrepris t\u00f4t, plus les b\u00e9n\u00e9fices \u00e0 long terme pour la sant\u00e9 bucco-dentaire et g\u00e9n\u00e9rale de l'enfant sont importants.\t\t\t<\/p>\r\n\t\t\r\n\t\t\r\n\t\t\t<!-- List -->\r\n\t\t\t\r\n\t\t\t\t\t<ul\r\n\t\t\t\tclass=\"block__list body-normal animation-reveal--up animation-delay--2nd\"\r\n\t\t\t\tstyle=\"\t\t\t\t\tcolor: var(--color-main);\t\t\t\t\tpadding: 0 0 0 16px;\t\t\t\t\tlist-style: disc;\t\t\t\t\ttext-align: left;\t\t\t\t\t max-width: 440px; \t\t\t\t\t margin-bottom: calc(20px * var(--mobile-text-bottom-margin-ratio, 1)); \t\t\t\t\t\t\t\t\t\"\r\n\t\t\t>\r\n\t\t\t\t<li>Id\u00e9al pour les enfants \u00e0 partir de 5 ans<\/li><li>Traitement pr\u00e9ventif et fonctionnel<\/li><li>R\u00e9sultats visibles dans le d\u00e9veloppement du visage<\/li>\r\n\t\t\t<\/ul>\r\n\t\t\r\n\t\t\r\n\t\t\t<!-- Link -->\r\n\t\t\t\r\n\t\t\t\t\t<a href=\"http:\/\/wa.link\/0jy7k0\" target=\"_self\" class=\"fifty-block__link body-small cta-link animation-reveal--up animation-delay--3rd dont-break-out-on-long-words\" style=\"\t\t\t\t\tcolor: var(--color-secondary);\t\t\t\t\t border-radius: 50px; \t\t\t\t\t background-color: var(--color-main); \t\t\t\t\t\t\t\t\t\" rel=\"noopener\">\r\n\t\t\t\tPrendre Rendez-vous\t\t\t<\/a>\r\n\t\t\r\n\t\t\t\t<\/section>\r\n\r\n\t\t<section class=\"fifty-block__image-section animation-trigger\" style=\"width: 50%;\">\r\n\t\t\t<div class=\"fifty-block__image-wrapper\" style=\"--image-size: 80%;\">\r\n\t\t\t\t\t\t\t\t\t\t\t\t\t\t<img \r\n\t\t\t\t\t\tclass=\"fifty-block__image animation-reveal--in\"\r\n\t\t\t\t\t\tstyle=\"--border-radius: 20px;\"\r\n\t\t\t\t\t\tsrc=\"https:\/\/drabernardetealmeida.pt\/wp-content\/uploads\/2025\/07\/ffed3ffb49b3c3cd22e19ba21c5ca26a.jpg\"\r\n\t\t\t\t\t\talt=\"\"\r\n\t\t\t\t\t\t\t\t\t\t\t\t\tsrcset=\"https:\/\/drabernardetealmeida.pt\/wp-content\/uploads\/2025\/07\/ffed3ffb49b3c3cd22e19ba21c5ca26a.jpg 736w, https:\/\/drabernardetealmeida.pt\/wp-content\/uploads\/2025\/07\/ffed3ffb49b3c3cd22e19ba21c5ca26a-200x300.jpg 200w, https:\/\/drabernardetealmeida.pt\/wp-content\/uploads\/2025\/07\/ffed3ffb49b3c3cd22e19ba21c5ca26a-683x1024.jpg 683w\"\r\n\t\t\t\t\t\t\tsizes=\"(max-width: 768px) 100vw, 547px\"\r\n\t\t\t\t\t\t\t\t\t\t\t\/>\r\n\t\t\t\t\t\t\t<\/div>\r\n\t\t<\/section>\r\n\t<\/div>\r\n\r\n<\/section>\n\n\r\n\r\n\r\n\r\n<!-- Block -->\r\n<section style=\" \t\t\tbackground-color: var(--color-negative);\t\t\t\t\t\tbackground-position: 50% 50%;\t\t\t--padding-top: 50px;\t\t\t--padding-bottom: 50px;\t\t\" class=\"block text-block block--content-center   block--animation-on wp-block-tesoiosanablocks-text\">\r\n\r\n\t<!-- Inner block -->\r\n\t<div class=\"block__inner text-block__inner animation-trigger\">\r\n\r\n\t\t<!-- Subtitle, title and paragraph -->\r\n\t\t\r\n\t\t\r\n\t\t\r\n\t\t\t\t\t<h2\t\t\t\tclass=\"block__title title-small animation-reveal--up animation-delay--1st dont-break-out-on-long-words\"\r\n\t\t\t\tstyle=\"\t\t\t\t\tcolor: var(--color-main);\t\t\t\t\ttext-align: left;\t\t\t\t\t max-width: 720px; \t\t\t\t\t margin-bottom: calc(24px * var(--mobile-text-bottom-margin-ratio, 1)); \t\t\t\t\t\t\t\t\t\"\r\n\t\t\t>\r\n\t\t\t\tComment fonctionne l'orthop\u00e9die fonctionnelle pour enfants ?\t\t\t<\/h2>\r\n\t\t\r\n\t\t\r\n\t\t\t\t\t<p\t\t\t\tclass=\"block__paragraph body-normal animation-reveal--up animation-delay--2nd dont-break-out-on-long-words\"\r\n\t\t\t\tstyle=\"\t\t\t\t\tcolor: var(--color-main);\t\t\t\t\ttext-align: left;\t\t\t\t\t max-width: 720px; \t\t\t\t\t margin-bottom: calc(50px * var(--mobile-text-bottom-margin-ratio, 1)); \t\t\t\t\t\t\t\t\t\"\r\n\t\t\t>\r\n\t\t\t\tLe traitement est effectu\u00e9 \u00e0 l'aide d'appareils amovibles et personnalis\u00e9s, qui stimulent la croissance correcte des os du visage et repositionnent les muscles buccaux. Contrairement aux appareils fixes traditionnels, ces appareils sont l\u00e9gers, confortables et port\u00e9s quelques heures par jour ou pendant la nuit, selon les instructions du professionnel.<br><br>Il ne s'agit pas seulement d'aligner les dents, mais de corriger la cause des d\u00e9s\u00e9quilibres, d'am\u00e9liorer les fonctions telles que la mastication, la respiration et l'\u00e9locution. Les rendez-vous de suivi sont r\u00e9guliers et permettent d'ajuster l'appareil au fur et \u00e0 mesure que l'enfant grandit.\t\t\t<\/p>\r\n\t\t\r\n\t\t\r\n\t\t<!-- List -->\r\n\t\t\r\n\t\t\r\n\t\t\r\n\t\t<!-- Link -->\r\n\t\t\r\n\t\t\r\n\t\t\r\n\t<\/div>\r\n<\/section>\n\n\r\n\r\n\r\n\r\n<!-- Block -->\r\n<section style=\"--divider-color: #dedede; \t\t\tbackground-color: var(--color-negative);\t\t\t\t\t\tbackground-position: 50% 50%;\t\t\t--padding-top: 80px;\t\t\t--padding-bottom: 120px;\t\t\" class=\"block accordion-block block--content-center accordion-block--multiple   block--animation-on wp-block-tesoiosanablocks-accordion\">\r\n\r\n\t<!-- Inner block -->\r\n\t<div class=\"block__inner accordion-block__inner\">\r\n\r\n\t\t<!-- Subtitle, title and paragraph -->\r\n\t\t<div class=\"animation-trigger\">\r\n\t\t\r\n\t\t\r\n\t\t\t\t\t<h2\t\t\t\tclass=\"block__title title-medium animation-reveal--up animation-delay--1st dont-break-out-on-long-words\"\r\n\t\t\t\tstyle=\"\t\t\t\t\tcolor: var(--color-main);\t\t\t\t\ttext-align: center;\t\t\t\t\t max-width: 720px; \t\t\t\t\t margin-bottom: calc(40px * var(--mobile-text-bottom-margin-ratio, 1)); \t\t\t\t\t\t\t\t\t\"\r\n\t\t\t>\r\n\t\t\t\tQuestions fr\u00e9quemment pos\u00e9es\t\t\t<\/h2>\r\n\t\t\r\n\t\t\r\n\t\t\t\t\t<p\t\t\t\tclass=\"block__paragraph body-large animation-reveal--up animation-delay--2nd dont-break-out-on-long-words\"\r\n\t\t\t\tstyle=\"\t\t\t\t\tcolor: var(--color-main);\t\t\t\t\ttext-align: center;\t\t\t\t\t max-width: 720px; \t\t\t\t\t margin-bottom: calc(50px * var(--mobile-text-bottom-margin-ratio, 1)); \t\t\t\t\t\t\t\t\t\"\r\n\t\t\t>\r\n\t\t\t\tD\u00e9couvrez quelques mythes et v\u00e9rit\u00e9s sur l'orthodontie\t\t\t<\/p>\r\n\t\t\r\n\t\t<\/div>\r\n\r\n\t\t<dl class=\"accordion\">\r\n\t\t\t\n\r\n\r\n\r\n\r\n<!-- Block -->\r\n<div class=\"inner-block js-accordion animation-trigger animation-reveal--in  wp-block-tesoiosanablocks-accordion-item\">\r\n\r\n\t<dt class=\"accordion__term-wrapper\">\r\n\t\t\r\n\t\t\t\t\t<a\t\t\t\tclass=\"accordion__term js-accordion__term animation--off title-extra-small animation-reveal--up animation-delay--1st dont-break-out-on-long-words\"\r\n\t\t\t\tstyle=\"\t\t\t\t\tcolor: var(--color-main);\t\t\t\t\ttext-align: left;\t\t\t\t\t\t\t\t\t\t\t\t\t\t\t\t\t\t\t\"\r\n\t\t\t>\r\n\t\t\t\t1. A partir de quel \u00e2ge mon enfant peut-il commencer le traitement ?\t\t\t<\/a>\r\n\t\t\r\n\t\t\t<\/dt>\r\n\t<dd class=\"accordion__definition-wrapper js-accordion__definition-wrapper\">\r\n\t\t\r\n\t\t\t\t\t<p\t\t\t\tclass=\"accordion__definition animation--off body-normal animation-reveal--up animation-delay--2nd dont-break-out-on-long-words\"\r\n\t\t\t\tstyle=\"\t\t\t\t\tcolor: var(--color-main);\t\t\t\t\ttext-align: left;\t\t\t\t\t\t\t\t\t\t\t\t\t\t\t\t\t\t\t\"\r\n\t\t\t>\r\n\t\t\t\tLe traitement peut commencer vers l'\u00e2ge de 5 \u00e0 6 ans, lorsqu'il est d\u00e9j\u00e0 possible d'\u00e9valuer le d\u00e9veloppement osseux et dentaire de l'enfant.\t\t\t<\/p>\r\n\t\t\r\n\t\t\t<\/dd>\r\n\r\n<\/div>\n\n\r\n\r\n\r\n\r\n<!-- Block -->\r\n<div class=\"inner-block js-accordion animation-trigger animation-reveal--in  wp-block-tesoiosanablocks-accordion-item\">\r\n\r\n\t<dt class=\"accordion__term-wrapper\">\r\n\t\t\r\n\t\t\t\t\t<a\t\t\t\tclass=\"accordion__term js-accordion__term animation--off title-extra-small animation-reveal--up animation-delay--1st dont-break-out-on-long-words\"\r\n\t\t\t\tstyle=\"\t\t\t\t\tcolor: var(--color-main);\t\t\t\t\ttext-align: left;\t\t\t\t\t\t\t\t\t\t\t\t\t\t\t\t\t\t\t\"\r\n\t\t\t>\r\n\t\t\t\t2. Les appareils dentaires vous font-ils mal ou vous g\u00eanent-ils ?\t\t\t<\/a>\r\n\t\t\r\n\t\t\t<\/dt>\r\n\t<dd class=\"accordion__definition-wrapper js-accordion__definition-wrapper\">\r\n\t\t\r\n\t\t\t\t\t<p\t\t\t\tclass=\"accordion__definition animation--off body-normal animation-reveal--up animation-delay--2nd dont-break-out-on-long-words\"\r\n\t\t\t\tstyle=\"\t\t\t\t\tcolor: var(--color-main);\t\t\t\t\ttext-align: left;\t\t\t\t\t\t\t\t\t\t\t\t\t\t\t\t\t\t\t\"\r\n\t\t\t>\r\n\t\t\t\tNon. Les appareils sont amovibles, l\u00e9gers et s'adaptent \u00e0 la bouche de l'enfant, ce qui assure un confort d'utilisation.\t\t\t<\/p>\r\n\t\t\r\n\t\t\t<\/dd>\r\n\r\n<\/div>\n\n\r\n\r\n\r\n\r\n<!-- Block -->\r\n<div class=\"inner-block js-accordion animation-trigger animation-reveal--in  wp-block-tesoiosanablocks-accordion-item\">\r\n\r\n\t<dt class=\"accordion__term-wrapper\">\r\n\t\t\r\n\t\t\t\t\t<a\t\t\t\tclass=\"accordion__term js-accordion__term animation--off title-extra-small animation-reveal--up animation-delay--1st dont-break-out-on-long-words\"\r\n\t\t\t\tstyle=\"\t\t\t\t\tcolor: var(--color-main);\t\t\t\t\ttext-align: left;\t\t\t\t\t\t\t\t\t\t\t\t\t\t\t\t\t\t\t\"\r\n\t\t\t>\r\n\t\t\t\t3. Combien d'heures par jour l'enfant doit-il porter le dispositif ?\t\t\t<\/a>\r\n\t\t\r\n\t\t\t<\/dt>\r\n\t<dd class=\"accordion__definition-wrapper js-accordion__definition-wrapper\">\r\n\t\t\r\n\t\t\t\t\t<p\t\t\t\tclass=\"accordion__definition animation--off body-normal animation-reveal--up animation-delay--2nd dont-break-out-on-long-words\"\r\n\t\t\t\tstyle=\"\t\t\t\t\tcolor: var(--color-main);\t\t\t\t\ttext-align: left;\t\t\t\t\t\t\t\t\t\t\t\t\t\t\t\t\t\t\t\"\r\n\t\t\t>\r\n\t\t\t\tCela d\u00e9pend des cas, mais il est g\u00e9n\u00e9ralement recommand\u00e9 de l'utiliser quelques heures par jour et pendant le sommeil, selon les conseils de votre professionnel.\t\t\t<\/p>\r\n\t\t\r\n\t\t\t<\/dd>\r\n\r\n<\/div>\n\n\r\n\r\n\r\n\r\n<!-- Block -->\r\n<div class=\"inner-block js-accordion animation-trigger animation-reveal--in  wp-block-tesoiosanablocks-accordion-item\">\r\n\r\n\t<dt class=\"accordion__term-wrapper\">\r\n\t\t\r\n\t\t\t\t\t<a\t\t\t\tclass=\"accordion__term js-accordion__term animation--off title-extra-small animation-reveal--up animation-delay--1st dont-break-out-on-long-words\"\r\n\t\t\t\tstyle=\"\t\t\t\t\tcolor: var(--color-main);\t\t\t\t\ttext-align: left;\t\t\t\t\t\t\t\t\t\t\t\t\t\t\t\t\t\t\t\"\r\n\t\t\t>\r\n\t\t\t\t4. Est-il possible d'\u00e9viter de porter un appareil dentaire \u00e0 l'avenir ?\t\t\t<\/a>\r\n\t\t\r\n\t\t\t<\/dt>\r\n\t<dd class=\"accordion__definition-wrapper js-accordion__definition-wrapper\">\r\n\t\t\r\n\t\t\t\t\t<p\t\t\t\tclass=\"accordion__definition animation--off body-normal animation-reveal--up animation-delay--2nd dont-break-out-on-long-words\"\r\n\t\t\t\tstyle=\"\t\t\t\t\tcolor: var(--color-main);\t\t\t\t\ttext-align: left;\t\t\t\t\t\t\t\t\t\t\t\t\t\t\t\t\t\t\t\"\r\n\t\t\t>\r\n\t\t\t\tOui, plus le traitement est commenc\u00e9 t\u00f4t, plus les chances d'\u00e9viter ou de r\u00e9duire la n\u00e9cessit\u00e9 d'un appareil dentaire \u00e0 l'adolescence sont grandes.\t\t\t<\/p>\r\n\t\t\r\n\t\t\t<\/dd>\r\n\r\n<\/div>\n\n\r\n\r\n\r\n\r\n<!-- Block -->\r\n<div class=\"inner-block js-accordion animation-trigger animation-reveal--in  wp-block-tesoiosanablocks-accordion-item\">\r\n\r\n\t<dt class=\"accordion__term-wrapper\">\r\n\t\t\r\n\t\t\t\t\t<a\t\t\t\tclass=\"accordion__term js-accordion__term animation--off title-extra-small animation-reveal--up animation-delay--1st dont-break-out-on-long-words\"\r\n\t\t\t\tstyle=\"\t\t\t\t\tcolor: var(--color-main);\t\t\t\t\ttext-align: left;\t\t\t\t\t\t\t\t\t\t\t\t\t\t\t\t\t\t\t\"\r\n\t\t\t>\r\n\t\t\t\t5. Le traitement aide-t-il \u00e0 respirer ?\t\t\t<\/a>\r\n\t\t\r\n\t\t\t<\/dt>\r\n\t<dd class=\"accordion__definition-wrapper js-accordion__definition-wrapper\">\r\n\t\t\r\n\t\t\t\t\t<p\t\t\t\tclass=\"accordion__definition animation--off body-normal animation-reveal--up animation-delay--2nd dont-break-out-on-long-words\"\r\n\t\t\t\tstyle=\"\t\t\t\t\tcolor: var(--color-main);\t\t\t\t\ttext-align: left;\t\t\t\t\t\t\t\t\t\t\t\t\t\t\t\t\t\t\t\"\r\n\t\t\t>\r\n\t\t\t\tOui, l'orthop\u00e9die fonctionnelle am\u00e9liore \u00e9galement des fonctions telles que la respiration, la mastication et m\u00eame la posture en corrigeant les d\u00e9s\u00e9quilibres structurels.\t\t\t<\/p>\r\n\t\t\r\n\t\t\t<\/dd>\r\n\r\n<\/div>\n\t\t<\/dl>\r\n\r\n\t<\/div>\r\n\r\n<\/section>\n\n\r\n\r\n\r\n\r\n<!-- Block -->\r\n<section style=\" \t\t\tbackground-color: var(--color-accent);\t\t\tbackground-image: url(&#039;https:\/\/drabernardetealmeida.pt\/wp-content\/uploads\/2025\/06\/5fa83acef9ced0628a252f78_photo-1489278353717-f64c6ee8a4d2-3-1.jpeg&#039;);\t\t\tbackground-position: 50% 50%;\t\t\t--padding-top: 120px;\t\t\t--padding-bottom: 120px;\t\t\" class=\"block text-block block--content-center   block--animation-on wp-block-tesoiosanablocks-text\">\r\n\r\n\t<!-- Inner block -->\r\n\t<div class=\"block__inner text-block__inner animation-trigger\">\r\n\r\n\t\t<!-- Subtitle, title and paragraph -->\r\n\t\t\r\n\t\t\t\t\t<h4\t\t\t\tclass=\"block__subtitle subtitle animation-reveal--up animation-delay--1st dont-break-out-on-long-words\"\r\n\t\t\t\tstyle=\"\t\t\t\t\tcolor: var(--color-secondary);\t\t\t\t\ttext-align: center;\t\t\t\t\t max-width: 720px; \t\t\t\t\t margin-bottom: calc(20px * var(--mobile-text-bottom-margin-ratio, 1)); \t\t\t\t\t\t\t\t\t\"\r\n\t\t\t>\r\n\t\t\t\tVotre Premier Pas\t\t\t<\/h4>\r\n\t\t\r\n\t\t\r\n\t\t\t\t\t<h2\t\t\t\tclass=\"block__title title-medium animation-reveal--up animation-delay--2nd dont-break-out-on-long-words\"\r\n\t\t\t\tstyle=\"\t\t\t\t\tcolor: var(--color-secondary);\t\t\t\t\ttext-align: center;\t\t\t\t\t max-width: 720px; \t\t\t\t\t margin-bottom: calc(36px * var(--mobile-text-bottom-margin-ratio, 1)); \t\t\t\t\t\t\t\t\t\"\r\n\t\t\t>\r\n\t\t\t\tR\u00e9servez votre \u00e9valuation gratuite maintenant\t\t\t<\/h2>\r\n\t\t\r\n\t\t\r\n\t\t\r\n\t\t\r\n\t\t<!-- List -->\r\n\t\t\r\n\t\t\r\n\t\t\r\n\t\t<!-- Link -->\r\n\t\t\r\n\t\t\t\t\t<a href=\"http:\/\/wa.link\/0jy7k0\" target=\"_self\" class=\"text-block__link body-small arrow-link animation-reveal--up animation-delay--3rd dont-break-out-on-long-words\" style=\"\t\t\t\t\tcolor: var(--color-secondary);\t\t\t\t\t\t\t\t\t\t\t\t\t\t\t\t\t\t\t\" rel=\"noopener\">\r\n\t\t\t\tR\u00e9servez Votre \u00c9valuation Gratuite\t\t\t<\/a>\r\n\t\t\r\n\t\t\r\n\t<\/div>\r\n<\/section>\n\n<div class=\"wp-block-wrapper\"><div class=\"wp-block-wrapper__inner\">\n<p><\/p>\n<\/div><\/div>","protected":false},"excerpt":{"rendered":"","protected":false},"author":2,"featured_media":0,"parent":109,"menu_order":0,"comment_status":"closed","ping_status":"closed","template":"","meta":{"tesoiosana_header_transparency":"default","footnotes":""},"class_list":["post-702","page","type-page","status-publish","hentry"],"_links":{"self":[{"href":"https:\/\/drabernardetealmeida.pt\/fr\/wp-json\/wp\/v2\/pages\/702","targetHints":{"allow":["GET"]}}],"collection":[{"href":"https:\/\/drabernardetealmeida.pt\/fr\/wp-json\/wp\/v2\/pages"}],"about":[{"href":"https:\/\/drabernardetealmeida.pt\/fr\/wp-json\/wp\/v2\/types\/page"}],"author":[{"embeddable":true,"href":"https:\/\/drabernardetealmeida.pt\/fr\/wp-json\/wp\/v2\/users\/2"}],"replies":[{"embeddable":true,"href":"https:\/\/drabernardetealmeida.pt\/fr\/wp-json\/wp\/v2\/comments?post=702"}],"version-history":[{"count":12,"href":"https:\/\/drabernardetealmeida.pt\/fr\/wp-json\/wp\/v2\/pages\/702\/revisions"}],"predecessor-version":[{"id":1173,"href":"https:\/\/drabernardetealmeida.pt\/fr\/wp-json\/wp\/v2\/pages\/702\/revisions\/1173"}],"up":[{"embeddable":true,"href":"https:\/\/drabernardetealmeida.pt\/fr\/wp-json\/wp\/v2\/pages\/109"}],"wp:attachment":[{"href":"https:\/\/drabernardetealmeida.pt\/fr\/wp-json\/wp\/v2\/media?parent=702"}],"curies":[{"name":"wp","href":"https:\/\/api.w.org\/{rel}","templated":true}]}}