{"id":697,"date":"2025-07-01T15:08:06","date_gmt":"2025-07-01T15:08:06","guid":{"rendered":"https:\/\/drabernardetealmeida.pt\/?page_id=697"},"modified":"2025-10-16T11:47:21","modified_gmt":"2025-10-16T11:47:21","slug":"orthopedie-fonctionnelle-des-machoires","status":"publish","type":"page","link":"https:\/\/drabernardetealmeida.pt\/fr\/traitements\/orthopedie-fonctionnelle-des-machoires\/","title":{"rendered":"Orthop\u00e9die Fonctionnelle des Maxillaires"},"content":{"rendered":"<!-- Block -->\r\n<section style=\" \t\t\tbackground-color: var(--color-negative);\t\t\t\t\t\tbackground-position: 50% 50%;\t\t\t--padding-top: 200px;\t\t\t--padding-bottom: 80px;\t\t\" class=\"block text-block block--content-center   block--animation-on wp-block-tesoiosanablocks-text\">\r\n\r\n\t<!-- Inner block -->\r\n\t<div class=\"block__inner text-block__inner animation-trigger\">\r\n\r\n\t\t<!-- Subtitle, title and paragraph -->\r\n\t\t\r\n\t\t\t\t\t<h4\t\t\t\tclass=\"block__subtitle subtitle animation-reveal--up animation-delay--1st dont-break-out-on-long-words\"\r\n\t\t\t\tstyle=\"\t\t\t\t\tcolor: var(--color-main);\t\t\t\t\ttext-align: center;\t\t\t\t\t max-width: 200px; \t\t\t\t\t margin-bottom: calc(20px * var(--mobile-text-bottom-margin-ratio, 1)); \t\t\t\t\t\t\t\t\t\"\r\n\t\t\t>\r\n\t\t\t\tSoins\t\t\t<\/h4>\r\n\t\t\r\n\t\t\r\n\t\t\t\t\t<h2\t\t\t\tclass=\"block__title title-extra-large animation-reveal--up animation-delay--2nd dont-break-out-on-long-words\"\r\n\t\t\t\tstyle=\"\t\t\t\t\tcolor: var(--color-main);\t\t\t\t\ttext-align: center;\t\t\t\t\t max-width: 600px; \t\t\t\t\t margin-bottom: calc(24px * var(--mobile-text-bottom-margin-ratio, 1)); \t\t\t\t\t\t\t\t\t\"\r\n\t\t\t>\r\n\t\t\t\tOrthop\u00e9die Fonctionnelle des Maxillaires\t\t\t<\/h2>\r\n\t\t\r\n\t\t\r\n\t\t\t\t\t<p\t\t\t\tclass=\"block__paragraph body-large animation-reveal--up animation-delay--3rd dont-break-out-on-long-words\"\r\n\t\t\t\tstyle=\"\t\t\t\t\tcolor: var(--color-main);\t\t\t\t\ttext-align: center;\t\t\t\t\t max-width: 680px; \t\t\t\t\t margin-bottom: calc(36px * var(--mobile-text-bottom-margin-ratio, 1)); \t\t\t\t\t\t\t\t\t\"\r\n\t\t\t>\r\n\t\t\t\tL'orthop\u00e9die fonctionnelle maxillaire est une sp\u00e9cialit\u00e9 qui intervient dans la correction des alt\u00e9rations osseuses et fonctionnelles du visage, en particulier pendant la phase de croissance. Le traitement vise \u00e0 r\u00e9\u00e9quilibrer des fonctions telles que la mastication, la respiration et la posture buccale au moyen de stimuli naturels.\t\t\t<\/p>\r\n\t\t\r\n\t\t\r\n\t\t<!-- List -->\r\n\t\t\r\n\t\t\r\n\t\t\r\n\t\t<!-- Link -->\r\n\t\t\r\n\t\t\t\t\t<a href=\"http:\/\/wa.link\/0jy7k0\" target=\"_self\" class=\"text-block__link body-small cta-link animation-reveal--up animation-delay--4th dont-break-out-on-long-words\" style=\"\t\t\t\t\tcolor: var(--color-main);\t\t\t\t\t border-radius: 50px; \t\t\t\t\t background-color: var(--color-accent); \t\t\t\t\t\t\t\t\t\" rel=\"noopener\">\r\n\t\t\t\tR\u00e9server une \u00e9valuation gratuite\t\t\t<\/a>\r\n\t\t\r\n\t\t\r\n\t<\/div>\r\n<\/section>\n\n\r\n\r\n\r\n\r\n<!-- Block -->\r\n<section style=\" \t\t\tbackground-color: var(--color-negative);\t\t\t\t\t\tbackground-position: 50% 50%;\t\t\t--padding-top: 100px;\t\t\t--padding-bottom: 100px;\t\t\" class=\"block fifty-block block--content-left  fifty-block--ratio-1-1 fifty-block--image-style-normal fifty-block--image-first  fifty-block--full-width-media    block--animation-on wp-block-tesoiosanablocks-fifty\">\r\n\r\n\t<!-- Inner block -->\r\n\t<div class=\"block__inner fifty-block__inner\">\r\n\t\t<section class=\"fifty-block__content-section animation-trigger\" style=\"width: 50%;\">\r\n\t\t\t<!-- Subtitle, title and paragraph -->\r\n\t\t\t\r\n\t\t\r\n\t\t\r\n\t\t\t\t\t<h2\t\t\t\tclass=\"block__title title-medium animation-reveal--up animation-delay--1st dont-break-out-on-long-words\"\r\n\t\t\t\tstyle=\"\t\t\t\t\tcolor: var(--color-main);\t\t\t\t\ttext-align: left;\t\t\t\t\t max-width: 440px; \t\t\t\t\t margin-bottom: calc(24px * var(--mobile-text-bottom-margin-ratio, 1)); \t\t\t\t\t\t\t\t\t\"\r\n\t\t\t>\r\n\t\t\t\tPour qui ?\t\t\t<\/h2>\r\n\t\t\r\n\t\t\r\n\t\t\t\t\t<p\t\t\t\tclass=\"block__paragraph body-normal animation-reveal--up animation-delay--2nd dont-break-out-on-long-words\"\r\n\t\t\t\tstyle=\"\t\t\t\t\tcolor: var(--color-main);\t\t\t\t\ttext-align: left;\t\t\t\t\t max-width: 440px; \t\t\t\t\t margin-bottom: calc(48px * var(--mobile-text-bottom-margin-ratio, 1)); \t\t\t\t\t\t\t\t\t\"\r\n\t\t\t>\r\n\t\t\t\tPrincipalement indiqu\u00e9e pour les enfants et les adolescents, mais \u00e9galement applicable chez les adultes, cette approche est id\u00e9ale pour les personnes pr\u00e9sentant un croisement dentaire., <br>d\u00e9salignement facial, respiration buccale ou probl\u00e8mes posturaux li\u00e9s \u00e0 la bouche.<br><br>Gr\u00e2ce \u00e0 des appareils amovibles et non invasifs, le traitement favorise une r\u00e9organisation fonctionnelle des muscles et des os du visage, favorisant ainsi le d\u00e9veloppement \u00e9quilibr\u00e9 de la structure buccale.<br><br>\u2022 Id\u00e9al pour les enfants en pleine croissance<br>\u2022 Indiqu\u00e9 dans les cas de malocclusion, de b\u00e9ance et de respiration buccale<br>\u2022 Action sur la fonction et la structure \u00e0 l'aide de techniques naturelles et personnalis\u00e9es\t\t\t<\/p>\r\n\t\t\r\n\t\t\r\n\t\t\t<!-- List -->\r\n\t\t\t\r\n\t\t\r\n\t\t\r\n\t\t\t<!-- Link -->\r\n\t\t\t\r\n\t\t\t\t\t<a href=\"http:\/\/wa.link\/0jy7k0\" target=\"_self\" class=\"fifty-block__link body-small cta-link animation-reveal--up animation-delay--3rd dont-break-out-on-long-words\" style=\"\t\t\t\t\tcolor: var(--color-secondary);\t\t\t\t\t border-radius: 50px; \t\t\t\t\t background-color: var(--color-main); \t\t\t\t\t\t\t\t\t\" rel=\"noopener\">\r\n\t\t\t\tPrendre Rendez-vous\t\t\t<\/a>\r\n\t\t\r\n\t\t\t\t<\/section>\r\n\r\n\t\t<section class=\"fifty-block__image-section animation-trigger\" style=\"width: 50%;\">\r\n\t\t\t<div class=\"fifty-block__image-wrapper\" style=\"--image-size: 80%;\">\r\n\t\t\t\t\t\t\t\t\t\t\t\t\t\t<img \r\n\t\t\t\t\t\tclass=\"fifty-block__image animation-reveal--in\"\r\n\t\t\t\t\t\tstyle=\"--border-radius: 20px;\"\r\n\t\t\t\t\t\tsrc=\"https:\/\/drabernardetealmeida.pt\/wp-content\/uploads\/2025\/07\/Ortopedia-Funcional-dos-Maxilares.jpeg\"\r\n\t\t\t\t\t\talt=\"Orthop\u00e9die Fonctionnelle des Maxillaires\"\r\n\t\t\t\t\t\t\t\t\t\t\t\t\tsrcset=\"https:\/\/drabernardetealmeida.pt\/wp-content\/uploads\/2025\/07\/Ortopedia-Funcional-dos-Maxilares.jpeg 1000w, https:\/\/drabernardetealmeida.pt\/wp-content\/uploads\/2025\/07\/Ortopedia-Funcional-dos-Maxilares-300x200.jpeg 300w, https:\/\/drabernardetealmeida.pt\/wp-content\/uploads\/2025\/07\/Ortopedia-Funcional-dos-Maxilares-768x512.jpeg 768w\"\r\n\t\t\t\t\t\t\tsizes=\"(max-width: 768px) 100vw, 547px\"\r\n\t\t\t\t\t\t\t\t\t\t\t\/>\r\n\t\t\t\t\t\t\t<\/div>\r\n\t\t<\/section>\r\n\t<\/div>\r\n\r\n<\/section>\n\n\r\n\r\n\r\n\r\n<!-- Block -->\r\n<section style=\" \t\t\tbackground-color: var(--color-negative);\t\t\t\t\t\tbackground-position: 50% 50%;\t\t\t--padding-top: 50px;\t\t\t--padding-bottom: 50px;\t\t\" class=\"block text-block block--content-center   block--animation-on wp-block-tesoiosanablocks-text\">\r\n\r\n\t<!-- Inner block -->\r\n\t<div class=\"block__inner text-block__inner animation-trigger\">\r\n\r\n\t\t<!-- Subtitle, title and paragraph -->\r\n\t\t\r\n\t\t\r\n\t\t\r\n\t\t\t\t\t<h2\t\t\t\tclass=\"block__title title-small animation-reveal--up animation-delay--1st dont-break-out-on-long-words\"\r\n\t\t\t\tstyle=\"\t\t\t\t\tcolor: var(--color-main);\t\t\t\t\ttext-align: left;\t\t\t\t\t max-width: 720px; \t\t\t\t\t margin-bottom: calc(24px * var(--mobile-text-bottom-margin-ratio, 1)); \t\t\t\t\t\t\t\t\t\"\r\n\t\t\t>\r\n\t\t\t\tComment cela fonctionne-t-il ?\t\t\t<\/h2>\r\n\t\t\r\n\t\t\r\n\t\t\t\t\t<p\t\t\t\tclass=\"block__paragraph body-normal animation-reveal--up animation-delay--2nd dont-break-out-on-long-words\"\r\n\t\t\t\tstyle=\"\t\t\t\t\tcolor: var(--color-main);\t\t\t\t\ttext-align: left;\t\t\t\t\t max-width: 720px; \t\t\t\t\t margin-bottom: calc(50px * var(--mobile-text-bottom-margin-ratio, 1)); \t\t\t\t\t\t\t\t\t\"\r\n\t\t\t>\r\n\t\t\t\tL'orthop\u00e9die fonctionnelle maxillaire utilise des appareils amovibles sur mesure qui agissent par des stimuli doux et contr\u00f4l\u00e9s sur les muscles et les os du visage. L'utilisation guid\u00e9e de ces appareils r\u00e9organise les fonctions buccales et favorise la croissance \u00e9quilibr\u00e9e de l'arcade dentaire et des maxillaires.<br><br>Le traitement est personnalis\u00e9 et les consultations de suivi permettent des ajustements progressifs en fonction de l'\u00e9volution du patient. Il s'agit d'une alternative efficace et moins invasive que les traitements orthodontiques traditionnels.\t\t\t<\/p>\r\n\t\t\r\n\t\t\r\n\t\t<!-- List -->\r\n\t\t\r\n\t\t\r\n\t\t\r\n\t\t<!-- Link -->\r\n\t\t\r\n\t\t\r\n\t\t\r\n\t<\/div>\r\n<\/section>\n\n\r\n\r\n\r\n\r\n<!-- Block -->\r\n<section style=\"--divider-color: #dedede; \t\t\tbackground-color: var(--color-negative);\t\t\t\t\t\tbackground-position: 50% 50%;\t\t\t--padding-top: 80px;\t\t\t--padding-bottom: 120px;\t\t\" class=\"block accordion-block block--content-center accordion-block--multiple   block--animation-on wp-block-tesoiosanablocks-accordion\">\r\n\r\n\t<!-- Inner block -->\r\n\t<div class=\"block__inner accordion-block__inner\">\r\n\r\n\t\t<!-- Subtitle, title and paragraph -->\r\n\t\t<div class=\"animation-trigger\">\r\n\t\t\r\n\t\t\r\n\t\t\t\t\t<h2\t\t\t\tclass=\"block__title title-medium animation-reveal--up animation-delay--1st dont-break-out-on-long-words\"\r\n\t\t\t\tstyle=\"\t\t\t\t\tcolor: var(--color-main);\t\t\t\t\ttext-align: center;\t\t\t\t\t max-width: 720px; \t\t\t\t\t margin-bottom: calc(40px * var(--mobile-text-bottom-margin-ratio, 1)); \t\t\t\t\t\t\t\t\t\"\r\n\t\t\t>\r\n\t\t\t\tQuestions fr\u00e9quemment pos\u00e9es\t\t\t<\/h2>\r\n\t\t\r\n\t\t\r\n\t\t\t\t\t<p\t\t\t\tclass=\"block__paragraph body-large animation-reveal--up animation-delay--2nd dont-break-out-on-long-words\"\r\n\t\t\t\tstyle=\"\t\t\t\t\tcolor: var(--color-main);\t\t\t\t\ttext-align: center;\t\t\t\t\t max-width: 720px; \t\t\t\t\t margin-bottom: calc(50px * var(--mobile-text-bottom-margin-ratio, 1)); \t\t\t\t\t\t\t\t\t\"\r\n\t\t\t>\r\n\t\t\t\tD\u00e9couvrez quelques mythes et v\u00e9rit\u00e9s sur l'orthop\u00e9die fonctionnelle des m\u00e2choires.\t\t\t<\/p>\r\n\t\t\r\n\t\t<\/div>\r\n\r\n\t\t<dl class=\"accordion\">\r\n\t\t\t\n\r\n\r\n\r\n\r\n<!-- Block -->\r\n<div class=\"inner-block js-accordion animation-trigger animation-reveal--in  wp-block-tesoiosanablocks-accordion-item\">\r\n\r\n\t<dt class=\"accordion__term-wrapper\">\r\n\t\t\r\n\t\t\t\t\t<a\t\t\t\tclass=\"accordion__term js-accordion__term animation--off title-extra-small animation-reveal--up animation-delay--1st dont-break-out-on-long-words\"\r\n\t\t\t\tstyle=\"\t\t\t\t\tcolor: var(--color-main);\t\t\t\t\ttext-align: left;\t\t\t\t\t\t\t\t\t\t\t\t\t\t\t\t\t\t\t\"\r\n\t\t\t>\r\n\t\t\t\tQuel est l'\u00e2ge id\u00e9al pour commencer ?\t\t\t<\/a>\r\n\t\t\r\n\t\t\t<\/dt>\r\n\t<dd class=\"accordion__definition-wrapper js-accordion__definition-wrapper\">\r\n\t\t\r\n\t\t\t\t\t<p\t\t\t\tclass=\"accordion__definition animation--off body-normal animation-reveal--up animation-delay--2nd dont-break-out-on-long-words\"\r\n\t\t\t\tstyle=\"\t\t\t\t\tcolor: var(--color-main);\t\t\t\t\ttext-align: left;\t\t\t\t\t\t\t\t\t\t\t\t\t\t\t\t\t\t\t\"\r\n\t\t\t>\r\n\t\t\t\tEntre 6 et 12 ans, pendant la phase de croissance.\t\t\t<\/p>\r\n\t\t\r\n\t\t\t<\/dd>\r\n\r\n<\/div>\n\n\r\n\r\n\r\n\r\n<!-- Block -->\r\n<div class=\"inner-block js-accordion animation-trigger animation-reveal--in  wp-block-tesoiosanablocks-accordion-item\">\r\n\r\n\t<dt class=\"accordion__term-wrapper\">\r\n\t\t\r\n\t\t\t\t\t<a\t\t\t\tclass=\"accordion__term js-accordion__term animation--off title-extra-small animation-reveal--up animation-delay--1st dont-break-out-on-long-words\"\r\n\t\t\t\tstyle=\"\t\t\t\t\tcolor: var(--color-main);\t\t\t\t\ttext-align: left;\t\t\t\t\t\t\t\t\t\t\t\t\t\t\t\t\t\t\t\"\r\n\t\t\t>\r\n\t\t\t\tRemplace-t-il l'appareil fixe ?\t\t\t<\/a>\r\n\t\t\r\n\t\t\t<\/dt>\r\n\t<dd class=\"accordion__definition-wrapper js-accordion__definition-wrapper\">\r\n\t\t\r\n\t\t\t\t\t<p\t\t\t\tclass=\"accordion__definition animation--off body-normal animation-reveal--up animation-delay--2nd dont-break-out-on-long-words\"\r\n\t\t\t\tstyle=\"\t\t\t\t\tcolor: var(--color-main);\t\t\t\t\ttext-align: left;\t\t\t\t\t\t\t\t\t\t\t\t\t\t\t\t\t\t\t\"\r\n\t\t\t>\r\n\t\t\t\tDans de nombreux cas, cela peut \u00e9viter le port d'un appareil fixe par la suite.\t\t\t<\/p>\r\n\t\t\r\n\t\t\t<\/dd>\r\n\r\n<\/div>\n\n\r\n\r\n\r\n\r\n<!-- Block -->\r\n<div class=\"inner-block js-accordion animation-trigger animation-reveal--in  wp-block-tesoiosanablocks-accordion-item\">\r\n\r\n\t<dt class=\"accordion__term-wrapper\">\r\n\t\t\r\n\t\t\t\t\t<a\t\t\t\tclass=\"accordion__term js-accordion__term animation--off title-extra-small animation-reveal--up animation-delay--1st dont-break-out-on-long-words\"\r\n\t\t\t\tstyle=\"\t\t\t\t\tcolor: var(--color-main);\t\t\t\t\ttext-align: left;\t\t\t\t\t\t\t\t\t\t\t\t\t\t\t\t\t\t\t\"\r\n\t\t\t>\r\n\t\t\t\tCorrigez-vous uniquement l'esth\u00e9tique ou \u00e9galement la fonction ?\t\t\t<\/a>\r\n\t\t\r\n\t\t\t<\/dt>\r\n\t<dd class=\"accordion__definition-wrapper js-accordion__definition-wrapper\">\r\n\t\t\r\n\t\t\t\t\t<p\t\t\t\tclass=\"accordion__definition animation--off body-normal animation-reveal--up animation-delay--2nd dont-break-out-on-long-words\"\r\n\t\t\t\tstyle=\"\t\t\t\t\tcolor: var(--color-main);\t\t\t\t\ttext-align: left;\t\t\t\t\t\t\t\t\t\t\t\t\t\t\t\t\t\t\t\"\r\n\t\t\t>\r\n\t\t\t\tCorrige les deux \u2014 agit sur la fonction masticatoire, respiratoire et l'esth\u00e9tique faciale.\t\t\t<\/p>\r\n\t\t\r\n\t\t\t<\/dd>\r\n\r\n<\/div>\n\n\r\n\r\n\r\n\r\n<!-- Block -->\r\n<div class=\"inner-block js-accordion animation-trigger animation-reveal--in  wp-block-tesoiosanablocks-accordion-item\">\r\n\r\n\t<dt class=\"accordion__term-wrapper\">\r\n\t\t\r\n\t\t\t\t\t<a\t\t\t\tclass=\"accordion__term js-accordion__term animation--off title-extra-small animation-reveal--up animation-delay--1st dont-break-out-on-long-words\"\r\n\t\t\t\tstyle=\"\t\t\t\t\tcolor: var(--color-main);\t\t\t\t\ttext-align: left;\t\t\t\t\t\t\t\t\t\t\t\t\t\t\t\t\t\t\t\"\r\n\t\t\t>\r\n\t\t\t\tFaut-il extraire des dents pour effectuer le traitement ?\t\t\t<\/a>\r\n\t\t\r\n\t\t\t<\/dt>\r\n\t<dd class=\"accordion__definition-wrapper js-accordion__definition-wrapper\">\r\n\t\t\r\n\t\t\t\t\t<p\t\t\t\tclass=\"accordion__definition animation--off body-normal animation-reveal--up animation-delay--2nd dont-break-out-on-long-words\"\r\n\t\t\t\tstyle=\"\t\t\t\t\tcolor: var(--color-main);\t\t\t\t\ttext-align: left;\t\t\t\t\t\t\t\t\t\t\t\t\t\t\t\t\t\t\t\"\r\n\t\t\t>\r\n\t\t\t\tDans la plupart des cas, non. L'objectif est de stimuler la croissance naturelle, en \u00e9vitant les extractions.\t\t\t<\/p>\r\n\t\t\r\n\t\t\t<\/dd>\r\n\r\n<\/div>\n\t\t<\/dl>\r\n\r\n\t<\/div>\r\n\r\n<\/section>\n\n\r\n\r\n\r\n\r\n<!-- Block -->\r\n<section style=\" \t\t\tbackground-color: var(--color-accent);\t\t\tbackground-image: url(&#039;https:\/\/drabernardetealmeida.pt\/wp-content\/uploads\/2025\/06\/5fa83acef9ced0628a252f78_photo-1489278353717-f64c6ee8a4d2-3-1.jpeg&#039;);\t\t\tbackground-position: 50% 50%;\t\t\t--padding-top: 120px;\t\t\t--padding-bottom: 120px;\t\t\" class=\"block text-block block--content-center   block--animation-on wp-block-tesoiosanablocks-text\">\r\n\r\n\t<!-- Inner block -->\r\n\t<div class=\"block__inner text-block__inner animation-trigger\">\r\n\r\n\t\t<!-- Subtitle, title and paragraph -->\r\n\t\t\r\n\t\t\t\t\t<h4\t\t\t\tclass=\"block__subtitle subtitle animation-reveal--up animation-delay--1st dont-break-out-on-long-words\"\r\n\t\t\t\tstyle=\"\t\t\t\t\tcolor: var(--color-secondary);\t\t\t\t\ttext-align: center;\t\t\t\t\t max-width: 720px; \t\t\t\t\t margin-bottom: calc(20px * var(--mobile-text-bottom-margin-ratio, 1)); \t\t\t\t\t\t\t\t\t\"\r\n\t\t\t>\r\n\t\t\t\tVotre Premier Pas\t\t\t<\/h4>\r\n\t\t\r\n\t\t\r\n\t\t\t\t\t<h2\t\t\t\tclass=\"block__title title-medium animation-reveal--up animation-delay--2nd dont-break-out-on-long-words\"\r\n\t\t\t\tstyle=\"\t\t\t\t\tcolor: var(--color-secondary);\t\t\t\t\ttext-align: center;\t\t\t\t\t max-width: 720px; \t\t\t\t\t margin-bottom: calc(36px * var(--mobile-text-bottom-margin-ratio, 1)); \t\t\t\t\t\t\t\t\t\"\r\n\t\t\t>\r\n\t\t\t\tR\u00e9servez votre \u00e9valuation gratuite maintenant\t\t\t<\/h2>\r\n\t\t\r\n\t\t\r\n\t\t\r\n\t\t\r\n\t\t<!-- List -->\r\n\t\t\r\n\t\t\r\n\t\t\r\n\t\t<!-- Link -->\r\n\t\t\r\n\t\t\t\t\t<a href=\"http:\/\/wa.link\/0jy7k0\" target=\"_self\" class=\"text-block__link body-small arrow-link animation-reveal--up animation-delay--3rd dont-break-out-on-long-words\" style=\"\t\t\t\t\tcolor: var(--color-secondary);\t\t\t\t\t\t\t\t\t\t\t\t\t\t\t\t\t\t\t\" rel=\"noopener\">\r\n\t\t\t\tR\u00e9servez Votre \u00c9valuation Gratuite\t\t\t<\/a>\r\n\t\t\r\n\t\t\r\n\t<\/div>\r\n<\/section>\n\n<div class=\"wp-block-wrapper\"><div class=\"wp-block-wrapper__inner\">\n<p><\/p>\n<\/div><\/div>","protected":false},"excerpt":{"rendered":"","protected":false},"author":2,"featured_media":0,"parent":109,"menu_order":0,"comment_status":"closed","ping_status":"closed","template":"","meta":{"tesoiosana_header_transparency":"default","footnotes":""},"class_list":["post-697","page","type-page","status-publish","hentry"],"_links":{"self":[{"href":"https:\/\/drabernardetealmeida.pt\/fr\/wp-json\/wp\/v2\/pages\/697","targetHints":{"allow":["GET"]}}],"collection":[{"href":"https:\/\/drabernardetealmeida.pt\/fr\/wp-json\/wp\/v2\/pages"}],"about":[{"href":"https:\/\/drabernardetealmeida.pt\/fr\/wp-json\/wp\/v2\/types\/page"}],"author":[{"embeddable":true,"href":"https:\/\/drabernardetealmeida.pt\/fr\/wp-json\/wp\/v2\/users\/2"}],"replies":[{"embeddable":true,"href":"https:\/\/drabernardetealmeida.pt\/fr\/wp-json\/wp\/v2\/comments?post=697"}],"version-history":[{"count":7,"href":"https:\/\/drabernardetealmeida.pt\/fr\/wp-json\/wp\/v2\/pages\/697\/revisions"}],"predecessor-version":[{"id":1172,"href":"https:\/\/drabernardetealmeida.pt\/fr\/wp-json\/wp\/v2\/pages\/697\/revisions\/1172"}],"up":[{"embeddable":true,"href":"https:\/\/drabernardetealmeida.pt\/fr\/wp-json\/wp\/v2\/pages\/109"}],"wp:attachment":[{"href":"https:\/\/drabernardetealmeida.pt\/fr\/wp-json\/wp\/v2\/media?parent=697"}],"curies":[{"name":"wp","href":"https:\/\/api.w.org\/{rel}","templated":true}]}}