{"id":685,"date":"2025-06-30T15:56:14","date_gmt":"2025-06-30T15:56:14","guid":{"rendered":"https:\/\/drabernardetealmeida.pt\/?page_id=685"},"modified":"2025-10-16T11:49:56","modified_gmt":"2025-10-16T11:49:56","slug":"implants-dentaires","status":"publish","type":"page","link":"https:\/\/drabernardetealmeida.pt\/fr\/traitements\/implants-dentaires\/","title":{"rendered":"Implants Dentaires"},"content":{"rendered":"<!-- Block -->\r\n<section style=\" \t\t\tbackground-color: var(--color-negative);\t\t\t\t\t\tbackground-position: 50% 50%;\t\t\t--padding-top: 200px;\t\t\t--padding-bottom: 80px;\t\t\" class=\"block text-block block--content-center   block--animation-on wp-block-tesoiosanablocks-text\">\r\n\r\n\t<!-- Inner block -->\r\n\t<div class=\"block__inner text-block__inner animation-trigger\">\r\n\r\n\t\t<!-- Subtitle, title and paragraph -->\r\n\t\t\r\n\t\t\t\t\t<h4\t\t\t\tclass=\"block__subtitle subtitle animation-reveal--up animation-delay--1st dont-break-out-on-long-words\"\r\n\t\t\t\tstyle=\"\t\t\t\t\tcolor: var(--color-main);\t\t\t\t\ttext-align: center;\t\t\t\t\t max-width: 200px; \t\t\t\t\t margin-bottom: calc(20px * var(--mobile-text-bottom-margin-ratio, 1)); \t\t\t\t\t\t\t\t\t\"\r\n\t\t\t>\r\n\t\t\t\tSoins\t\t\t<\/h4>\r\n\t\t\r\n\t\t\r\n\t\t\t\t\t<h2\t\t\t\tclass=\"block__title title-extra-large animation-reveal--up animation-delay--2nd dont-break-out-on-long-words\"\r\n\t\t\t\tstyle=\"\t\t\t\t\tcolor: var(--color-main);\t\t\t\t\ttext-align: center;\t\t\t\t\t max-width: 600px; \t\t\t\t\t margin-bottom: calc(24px * var(--mobile-text-bottom-margin-ratio, 1)); \t\t\t\t\t\t\t\t\t\"\r\n\t\t\t>\r\n\t\t\t\tImplants Dentaires\t\t\t<\/h2>\r\n\t\t\r\n\t\t\r\n\t\t\t\t\t<p\t\t\t\tclass=\"block__paragraph body-large animation-reveal--up animation-delay--3rd dont-break-out-on-long-words\"\r\n\t\t\t\tstyle=\"\t\t\t\t\tcolor: var(--color-main);\t\t\t\t\ttext-align: center;\t\t\t\t\t max-width: 680px; \t\t\t\t\t margin-bottom: calc(36px * var(--mobile-text-bottom-margin-ratio, 1)); \t\t\t\t\t\t\t\t\t\"\r\n\t\t\t>\r\n\t\t\t\tVous avez perdu une ou plusieurs dents et vous souhaitez retrouver votre sourire rapidement et en toute s\u00e9curit\u00e9 ? Les <strong>implants dentaires avec mise en charge imm\u00e9diate<\/strong> permettent de restaurer la fonction et l'esth\u00e9tique du sourire le jour m\u00eame de l'intervention, sans longue p\u00e9riode d'attente.\t\t\t<\/p>\r\n\t\t\r\n\t\t\r\n\t\t<!-- List -->\r\n\t\t\r\n\t\t\r\n\t\t\r\n\t\t<!-- Link -->\r\n\t\t\r\n\t\t\t\t\t<a href=\"http:\/\/wa.link\/0jy7k0\" target=\"_self\" class=\"text-block__link body-small cta-link animation-reveal--up animation-delay--4th dont-break-out-on-long-words\" style=\"\t\t\t\t\tcolor: var(--color-main);\t\t\t\t\t border-radius: 50px; \t\t\t\t\t background-color: var(--color-accent); \t\t\t\t\t\t\t\t\t\" rel=\"noopener\">\r\n\t\t\t\tPrendre Rendez-vous\t\t\t<\/a>\r\n\t\t\r\n\t\t\r\n\t<\/div>\r\n<\/section>\n\n\r\n\r\n\r\n\r\n<!-- Block -->\r\n<section style=\" \t\t\tbackground-color: var(--color-negative);\t\t\t\t\t\tbackground-position: 50% 50%;\t\t\t--padding-top: 100px;\t\t\t--padding-bottom: 100px;\t\t\" class=\"block fifty-block block--content-left  fifty-block--ratio-1-1 fifty-block--image-style-normal fifty-block--image-first  fifty-block--full-width-media    block--animation-on wp-block-tesoiosanablocks-fifty\">\r\n\r\n\t<!-- Inner block -->\r\n\t<div class=\"block__inner fifty-block__inner\">\r\n\t\t<section class=\"fifty-block__content-section animation-trigger\" style=\"width: 50%;\">\r\n\t\t\t<!-- Subtitle, title and paragraph -->\r\n\t\t\t\r\n\t\t\r\n\t\t\r\n\t\t\t\t\t<h2\t\t\t\tclass=\"block__title title-medium animation-reveal--up animation-delay--1st dont-break-out-on-long-words\"\r\n\t\t\t\tstyle=\"\t\t\t\t\tcolor: var(--color-main);\t\t\t\t\ttext-align: left;\t\t\t\t\t max-width: 440px; \t\t\t\t\t margin-bottom: calc(24px * var(--mobile-text-bottom-margin-ratio, 1)); \t\t\t\t\t\t\t\t\t\"\r\n\t\t\t>\r\n\t\t\t\tQu'est-ce qu'un implant \u00e0 mise en charge imm\u00e9diate ?\t\t\t<\/h2>\r\n\t\t\r\n\t\t\r\n\t\t\t\t\t<p\t\t\t\tclass=\"block__paragraph body-normal animation-reveal--up animation-delay--2nd dont-break-out-on-long-words\"\r\n\t\t\t\tstyle=\"\t\t\t\t\tcolor: var(--color-main);\t\t\t\t\ttext-align: left;\t\t\t\t\t max-width: 440px; \t\t\t\t\t margin-bottom: calc(48px * var(--mobile-text-bottom-margin-ratio, 1)); \t\t\t\t\t\t\t\t\t\"\r\n\t\t\t>\r\n\t\t\t\tContrairement aux implants traditionnels, qui n\u00e9cessitent des mois d'attente entre la pose de l'implant et la fixation de la proth\u00e8se, la technique du <strong>chargement imm\u00e9diat<\/strong> permet d'installer une proth\u00e8se temporaire fixe imm\u00e9diatement apr\u00e8s l'intervention chirurgicale. Cela signifie que le patient <strong>J'ai quitt\u00e9 la clinique avec une dent r\u00e9par\u00e9e le jour m\u00eame<\/strong>.\t\t\t<\/p>\r\n\t\t\r\n\t\t\r\n\t\t\t<!-- List -->\r\n\t\t\t\r\n\t\t\r\n\t\t\r\n\t\t\t<!-- Link -->\r\n\t\t\t\r\n\t\t\t\t\t<a href=\"http:\/\/wa.link\/0jy7k0\" target=\"_self\" class=\"fifty-block__link body-small cta-link animation-reveal--up animation-delay--3rd dont-break-out-on-long-words\" style=\"\t\t\t\t\tcolor: var(--color-secondary);\t\t\t\t\t border-radius: 50px; \t\t\t\t\t background-color: var(--color-main); \t\t\t\t\t\t\t\t\t\" rel=\"noopener\">\r\n\t\t\t\tPrendre Rendez-vous\t\t\t<\/a>\r\n\t\t\r\n\t\t\t\t<\/section>\r\n\r\n\t\t<section class=\"fifty-block__image-section animation-trigger\" style=\"width: 50%;\">\r\n\t\t\t<div class=\"fifty-block__image-wrapper\" style=\"--image-size: 80%;\">\r\n\t\t\t\t\t\t\t\t\t\t\t\t\t\t<img \r\n\t\t\t\t\t\tclass=\"fifty-block__image animation-reveal--in\"\r\n\t\t\t\t\t\tstyle=\"--border-radius: 20px;\"\r\n\t\t\t\t\t\tsrc=\"https:\/\/drabernardetealmeida.pt\/wp-content\/uploads\/2025\/07\/c93a5b1ab5d1a9a76662488df9c8fe2d.jpg\"\r\n\t\t\t\t\t\talt=\"\"\r\n\t\t\t\t\t\t\t\t\t\t\t\t\tsrcset=\"https:\/\/drabernardetealmeida.pt\/wp-content\/uploads\/2025\/07\/c93a5b1ab5d1a9a76662488df9c8fe2d.jpg 736w, https:\/\/drabernardetealmeida.pt\/wp-content\/uploads\/2025\/07\/c93a5b1ab5d1a9a76662488df9c8fe2d-240x300.jpg 240w\"\r\n\t\t\t\t\t\t\tsizes=\"(max-width: 768px) 100vw, 547px\"\r\n\t\t\t\t\t\t\t\t\t\t\t\/>\r\n\t\t\t\t\t\t\t<\/div>\r\n\t\t<\/section>\r\n\t<\/div>\r\n\r\n<\/section>\n\n\r\n\r\n\r\n\r\n<!-- Block -->\r\n<section style=\" \t\t\tbackground-color: var(--color-negative);\t\t\t\t\t\tbackground-position: 50% 50%;\t\t\t--padding-top: 50px;\t\t\t--padding-bottom: 50px;\t\t\" class=\"block text-block block--content-center   block--animation-on wp-block-tesoiosanablocks-text\">\r\n\r\n\t<!-- Inner block -->\r\n\t<div class=\"block__inner text-block__inner animation-trigger\">\r\n\r\n\t\t<!-- Subtitle, title and paragraph -->\r\n\t\t\r\n\t\t\r\n\t\t\r\n\t\t\t\t\t<h2\t\t\t\tclass=\"block__title title-small animation-reveal--up animation-delay--1st dont-break-out-on-long-words\"\r\n\t\t\t\tstyle=\"\t\t\t\t\tcolor: var(--color-main);\t\t\t\t\ttext-align: left;\t\t\t\t\t max-width: 720px; \t\t\t\t\t margin-bottom: calc(24px * var(--mobile-text-bottom-margin-ratio, 1)); \t\t\t\t\t\t\t\t\t\"\r\n\t\t\t>\r\n\t\t\t\tAvantages des implants \u00e0 mise en charge imm\u00e9diate\t\t\t<\/h2>\r\n\t\t\r\n\t\t\r\n\t\t\r\n\t\t\r\n\t\t<!-- List -->\r\n\t\t\r\n\t\t\t\t\t<ul\r\n\t\t\t\tclass=\"block__list body-normal animation-reveal--up animation-delay--2nd\"\r\n\t\t\t\tstyle=\"\t\t\t\t\tcolor: var(--color-main);\t\t\t\t\tpadding: 0 0 0 16px;\t\t\t\t\tlist-style: disc;\t\t\t\t\ttext-align: left;\t\t\t\t\t max-width: 720px; \t\t\t\t\t margin-bottom: calc(20px * var(--mobile-text-bottom-margin-ratio, 1)); \t\t\t\t\t\t\t\t\t\"\r\n\t\t\t>\r\n\t\t\t\t<li>Un sourire retrouv\u00e9 le jour m\u00eame de l'intervention<\/li><li>R\u00e9duction de la dur\u00e9e totale du traitement<\/li><li>Pr\u00e9serve l'os et la gencive d\u00e8s le d\u00e9part<\/li><li>Am\u00e9lioration imm\u00e9diate de l'estime de soi et de la fonction masticatoire<\/li><li>Proc\u00e9dure s\u00fbre et peu invasive<\/li>\r\n\t\t\t<\/ul>\r\n\t\t\r\n\t\t\r\n\t\t<!-- Link -->\r\n\t\t\r\n\t\t\r\n\t\t\r\n\t<\/div>\r\n<\/section>\n\n\r\n\r\n\r\n\r\n<!-- Block -->\r\n<section style=\" \t\t\tbackground-color: var(--color-negative);\t\t\t\t\t\tbackground-position: 50% 50%;\t\t\t--padding-top: 50px;\t\t\t--padding-bottom: 50px;\t\t\" class=\"block text-block block--content-center   block--animation-on wp-block-tesoiosanablocks-text\">\r\n\r\n\t<!-- Inner block -->\r\n\t<div class=\"block__inner text-block__inner animation-trigger\">\r\n\r\n\t\t<!-- Subtitle, title and paragraph -->\r\n\t\t\r\n\t\t\r\n\t\t\r\n\t\t\t\t\t<h2\t\t\t\tclass=\"block__title title-small animation-reveal--up animation-delay--1st dont-break-out-on-long-words\"\r\n\t\t\t\tstyle=\"\t\t\t\t\tcolor: var(--color-main);\t\t\t\t\ttext-align: left;\t\t\t\t\t max-width: 720px; \t\t\t\t\t margin-bottom: calc(24px * var(--mobile-text-bottom-margin-ratio, 1)); \t\t\t\t\t\t\t\t\t\"\r\n\t\t\t>\r\n\t\t\t\tQui peut b\u00e9n\u00e9ficier de ce type d'implant ?\t\t\t<\/h2>\r\n\t\t\r\n\t\t\r\n\t\t\t\t\t<p\t\t\t\tclass=\"block__paragraph body-normal animation-reveal--up animation-delay--2nd dont-break-out-on-long-words\"\r\n\t\t\t\tstyle=\"\t\t\t\t\tcolor: var(--color-main);\t\t\t\t\ttext-align: left;\t\t\t\t\t max-width: 720px; \t\t\t\t\t margin-bottom: calc(50px * var(--mobile-text-bottom-margin-ratio, 1)); \t\t\t\t\t\t\t\t\t\"\r\n\t\t\t>\r\n\t\t\t\tLa mise en charge imm\u00e9diate est indiqu\u00e9e pour de nombreux patients, mais elle d\u00e9pend de facteurs tels que\t\t\t<\/p>\r\n\t\t\r\n\t\t\r\n\t\t<!-- List -->\r\n\t\t\r\n\t\t\t\t\t<ul\r\n\t\t\t\tclass=\"block__list body-normal animation-reveal--up animation-delay--3rd\"\r\n\t\t\t\tstyle=\"\t\t\t\t\tcolor: var(--color-main);\t\t\t\t\tpadding: 0 0 0 16px;\t\t\t\t\tlist-style: disc;\t\t\t\t\ttext-align: left;\t\t\t\t\t max-width: 720px; \t\t\t\t\t margin-bottom: calc(20px * var(--mobile-text-bottom-margin-ratio, 1)); \t\t\t\t\t\t\t\t\t\"\r\n\t\t\t>\r\n\t\t\t\t<li>Bonne densit\u00e9 osseuse<\/li><li>Pas d'infections ou d'inflammations locales<\/li><li>Bon \u00e9tat de sant\u00e9 g\u00e9n\u00e9ral<\/li>\r\n\t\t\t<\/ul>\r\n\t\t\r\n\t\t\r\n\t\t<!-- Link -->\r\n\t\t\r\n\t\t\r\n\t\t\r\n\t<\/div>\r\n<\/section>\n\n\r\n\r\n\r\n\r\n<!-- Block -->\r\n<section style=\" \t\t\tbackground-color: var(--color-negative);\t\t\t\t\t\tbackground-position: 50% 50%;\t\t\t--padding-top: 100px;\t\t\t--padding-bottom: 100px;\t\t\" class=\"block fifty-block block--content-left  fifty-block--ratio-1-1 fifty-block--image-style-normal fifty-block--image-first  fifty-block--full-width-media    block--animation-on wp-block-tesoiosanablocks-fifty\">\r\n\r\n\t<!-- Inner block -->\r\n\t<div class=\"block__inner fifty-block__inner\">\r\n\t\t<section class=\"fifty-block__content-section animation-trigger\" style=\"width: 50%;\">\r\n\t\t\t<!-- Subtitle, title and paragraph -->\r\n\t\t\t\r\n\t\t\r\n\t\t\r\n\t\t\t\t\t<h2\t\t\t\tclass=\"block__title title-medium animation-reveal--up animation-delay--1st dont-break-out-on-long-words\"\r\n\t\t\t\tstyle=\"\t\t\t\t\tcolor: var(--color-main);\t\t\t\t\ttext-align: left;\t\t\t\t\t max-width: 440px; \t\t\t\t\t margin-bottom: calc(24px * var(--mobile-text-bottom-margin-ratio, 1)); \t\t\t\t\t\t\t\t\t\"\r\n\t\t\t>\r\n\t\t\t\tImplants dentaires \u00e0 Lisbonne\t\t\t<\/h2>\r\n\t\t\r\n\t\t\r\n\t\t\t\t\t<p\t\t\t\tclass=\"block__paragraph body-normal animation-reveal--up animation-delay--2nd dont-break-out-on-long-words\"\r\n\t\t\t\tstyle=\"\t\t\t\t\tcolor: var(--color-main);\t\t\t\t\ttext-align: left;\t\t\t\t\t max-width: 440px; \t\t\t\t\t margin-bottom: calc(48px * var(--mobile-text-bottom-margin-ratio, 1)); \t\t\t\t\t\t\t\t\t\"\r\n\t\t\t>\r\n\t\t\t\tLe Dr Bernardete Almeida propose <strong>des traitements de pointe<\/strong> et des mat\u00e9riaux de haute qualit\u00e9, garantissant la durabilit\u00e9, le confort et l'esth\u00e9tique dans chaque cas. Le service est personnalis\u00e9, de l'\u00e9valuation initiale au suivi post-chirurgical.\t\t\t<\/p>\r\n\t\t\r\n\t\t\r\n\t\t\t<!-- List -->\r\n\t\t\t\r\n\t\t\r\n\t\t\r\n\t\t\t<!-- Link -->\r\n\t\t\t\r\n\t\t\t\t\t<a href=\"http:\/\/wa.link\/0jy7k0\" target=\"_self\" class=\"fifty-block__link body-small cta-link animation-reveal--up animation-delay--3rd dont-break-out-on-long-words\" style=\"\t\t\t\t\tcolor: var(--color-secondary);\t\t\t\t\t border-radius: 50px; \t\t\t\t\t background-color: var(--color-main); \t\t\t\t\t\t\t\t\t\" rel=\"noopener\">\r\n\t\t\t\tPrendre Rendez-vous\t\t\t<\/a>\r\n\t\t\r\n\t\t\t\t<\/section>\r\n\r\n\t\t<section class=\"fifty-block__image-section animation-trigger\" style=\"width: 50%;\">\r\n\t\t\t<div class=\"fifty-block__image-wrapper\" style=\"--image-size: 80%;\">\r\n\t\t\t\t\t\t\t\t\t\t\t\t\t\t<img \r\n\t\t\t\t\t\tclass=\"fifty-block__image animation-reveal--in\"\r\n\t\t\t\t\t\tstyle=\"--border-radius: 20px;\"\r\n\t\t\t\t\t\tsrc=\"https:\/\/drabernardetealmeida.pt\/wp-content\/uploads\/2025\/07\/O-que-e-Implante-Dentario-com-Carga-Imediata-2-e1751626419356.jpg\"\r\n\t\t\t\t\t\talt=\"O que e\u0301 Implante Denta\u0301rio com Carga Imediata? 2\"\r\n\t\t\t\t\t\t\t\t\t\t\t\t\tsrcset=\"https:\/\/drabernardetealmeida.pt\/wp-content\/uploads\/2025\/07\/O-que-e-Implante-Dentario-com-Carga-Imediata-2-e1751626419356.jpg 725w, https:\/\/drabernardetealmeida.pt\/wp-content\/uploads\/2025\/07\/O-que-e-Implante-Dentario-com-Carga-Imediata-2-e1751626419356-300x278.jpg 300w\"\r\n\t\t\t\t\t\t\tsizes=\"(max-width: 768px) 100vw, 547px\"\r\n\t\t\t\t\t\t\t\t\t\t\t\/>\r\n\t\t\t\t\t\t\t<\/div>\r\n\t\t<\/section>\r\n\t<\/div>\r\n\r\n<\/section>\n\n\r\n\r\n\r\n\r\n<!-- Block -->\r\n<section style=\"--divider-color: #dedede; \t\t\tbackground-color: var(--color-negative);\t\t\t\t\t\tbackground-position: 50% 50%;\t\t\t--padding-top: 80px;\t\t\t--padding-bottom: 120px;\t\t\" class=\"block accordion-block block--content-center accordion-block--multiple   block--animation-on wp-block-tesoiosanablocks-accordion\">\r\n\r\n\t<!-- Inner block -->\r\n\t<div class=\"block__inner accordion-block__inner\">\r\n\r\n\t\t<!-- Subtitle, title and paragraph -->\r\n\t\t<div class=\"animation-trigger\">\r\n\t\t\r\n\t\t\r\n\t\t\t\t\t<h2\t\t\t\tclass=\"block__title title-medium animation-reveal--up animation-delay--1st dont-break-out-on-long-words\"\r\n\t\t\t\tstyle=\"\t\t\t\t\tcolor: var(--color-main);\t\t\t\t\ttext-align: center;\t\t\t\t\t max-width: 720px; \t\t\t\t\t margin-bottom: calc(40px * var(--mobile-text-bottom-margin-ratio, 1)); \t\t\t\t\t\t\t\t\t\"\r\n\t\t\t>\r\n\t\t\t\tQuestions fr\u00e9quemment pos\u00e9es\t\t\t<\/h2>\r\n\t\t\r\n\t\t\r\n\t\t\t\t\t<p\t\t\t\tclass=\"block__paragraph body-large animation-reveal--up animation-delay--2nd dont-break-out-on-long-words\"\r\n\t\t\t\tstyle=\"\t\t\t\t\tcolor: var(--color-main);\t\t\t\t\ttext-align: center;\t\t\t\t\t max-width: 720px; \t\t\t\t\t margin-bottom: calc(50px * var(--mobile-text-bottom-margin-ratio, 1)); \t\t\t\t\t\t\t\t\t\"\r\n\t\t\t>\r\n\t\t\t\tD\u00e9couvrez quelques mythes et v\u00e9rit\u00e9s sur la chirurgie buccale\t\t\t<\/p>\r\n\t\t\r\n\t\t<\/div>\r\n\r\n\t\t<dl class=\"accordion\">\r\n\t\t\t\n\r\n\r\n\r\n\r\n<!-- Block -->\r\n<div class=\"inner-block js-accordion animation-trigger animation-reveal--in  wp-block-tesoiosanablocks-accordion-item\">\r\n\r\n\t<dt class=\"accordion__term-wrapper\">\r\n\t\t\r\n\t\t\t\t\t<a\t\t\t\tclass=\"accordion__term js-accordion__term animation--off title-extra-small animation-reveal--up animation-delay--1st dont-break-out-on-long-words\"\r\n\t\t\t\tstyle=\"\t\t\t\t\tcolor: var(--color-main);\t\t\t\t\ttext-align: left;\t\t\t\t\t\t\t\t\t\t\t\t\t\t\t\t\t\t\t\"\r\n\t\t\t>\r\n\t\t\t\t1. L'implant mis en charge imm\u00e9diatement est-il douloureux ?\t\t\t<\/a>\r\n\t\t\r\n\t\t\t<\/dt>\r\n\t<dd class=\"accordion__definition-wrapper js-accordion__definition-wrapper\">\r\n\t\t\r\n\t\t\t\t\t<p\t\t\t\tclass=\"accordion__definition animation--off body-normal animation-reveal--up animation-delay--2nd dont-break-out-on-long-words\"\r\n\t\t\t\tstyle=\"\t\t\t\t\tcolor: var(--color-main);\t\t\t\t\ttext-align: left;\t\t\t\t\t\t\t\t\t\t\t\t\t\t\t\t\t\t\t\"\r\n\t\t\t>\r\n\t\t\t\tNon. L'intervention est r\u00e9alis\u00e9e sous anesth\u00e9sie locale et est peu invasive. La plupart des patients ne ressentent qu'une l\u00e9g\u00e8re g\u00eane au cours des premiers jours.\t\t\t<\/p>\r\n\t\t\r\n\t\t\t<\/dd>\r\n\r\n<\/div>\n\n\r\n\r\n\r\n\r\n<!-- Block -->\r\n<div class=\"inner-block js-accordion animation-trigger animation-reveal--in  wp-block-tesoiosanablocks-accordion-item\">\r\n\r\n\t<dt class=\"accordion__term-wrapper\">\r\n\t\t\r\n\t\t\t\t\t<a\t\t\t\tclass=\"accordion__term js-accordion__term animation--off title-extra-small animation-reveal--up animation-delay--1st dont-break-out-on-long-words\"\r\n\t\t\t\tstyle=\"\t\t\t\t\tcolor: var(--color-main);\t\t\t\t\ttext-align: left;\t\t\t\t\t\t\t\t\t\t\t\t\t\t\t\t\t\t\t\"\r\n\t\t\t>\r\n\t\t\t\t2. Puis-je manger normalement apr\u00e8s l'intervention ?\t\t\t<\/a>\r\n\t\t\r\n\t\t\t<\/dt>\r\n\t<dd class=\"accordion__definition-wrapper js-accordion__definition-wrapper\">\r\n\t\t\r\n\t\t\t\t\t<p\t\t\t\tclass=\"accordion__definition animation--off body-normal animation-reveal--up animation-delay--2nd dont-break-out-on-long-words\"\r\n\t\t\t\tstyle=\"\t\t\t\t\tcolor: var(--color-main);\t\t\t\t\ttext-align: left;\t\t\t\t\t\t\t\t\t\t\t\t\t\t\t\t\t\t\t\"\r\n\t\t\t>\r\n\t\t\t\tOui, mais il est recommand\u00e9 d'adopter un r\u00e9gime alimentaire plus doux pendant les premiers jours pour \u00e9viter de surcharger la zone de l'implant.\t\t\t<\/p>\r\n\t\t\r\n\t\t\t<\/dd>\r\n\r\n<\/div>\n\n\r\n\r\n\r\n\r\n<!-- Block -->\r\n<div class=\"inner-block js-accordion animation-trigger animation-reveal--in  wp-block-tesoiosanablocks-accordion-item\">\r\n\r\n\t<dt class=\"accordion__term-wrapper\">\r\n\t\t\r\n\t\t\t\t\t<a\t\t\t\tclass=\"accordion__term js-accordion__term animation--off title-extra-small animation-reveal--up animation-delay--1st dont-break-out-on-long-words\"\r\n\t\t\t\tstyle=\"\t\t\t\t\tcolor: var(--color-main);\t\t\t\t\ttext-align: left;\t\t\t\t\t\t\t\t\t\t\t\t\t\t\t\t\t\t\t\"\r\n\t\t\t>\r\n\t\t\t\t3. La proth\u00e8se est-elle pos\u00e9e le m\u00eame jour de fa\u00e7on permanente ?\t\t\t<\/a>\r\n\t\t\r\n\t\t\t<\/dt>\r\n\t<dd class=\"accordion__definition-wrapper js-accordion__definition-wrapper\">\r\n\t\t\r\n\t\t\t\t\t<p\t\t\t\tclass=\"accordion__definition animation--off body-normal animation-reveal--up animation-delay--2nd dont-break-out-on-long-words\"\r\n\t\t\t\tstyle=\"\t\t\t\t\tcolor: var(--color-main);\t\t\t\t\ttext-align: left;\t\t\t\t\t\t\t\t\t\t\t\t\t\t\t\t\t\t\t\"\r\n\t\t\t>\r\n\t\t\t\tNon. Il s'agit d'une proth\u00e8se esth\u00e9tique et fonctionnelle temporaire. La proth\u00e8se d\u00e9finitive est mise en place apr\u00e8s la p\u00e9riode de cicatrisation, g\u00e9n\u00e9ralement dans quelques mois.\t\t\t<\/p>\r\n\t\t\r\n\t\t\t<\/dd>\r\n\r\n<\/div>\n\n\r\n\r\n\r\n\r\n<!-- Block -->\r\n<div class=\"inner-block js-accordion animation-trigger animation-reveal--in  wp-block-tesoiosanablocks-accordion-item\">\r\n\r\n\t<dt class=\"accordion__term-wrapper\">\r\n\t\t\r\n\t\t\t\t\t<a\t\t\t\tclass=\"accordion__term js-accordion__term animation--off title-extra-small animation-reveal--up animation-delay--1st dont-break-out-on-long-words\"\r\n\t\t\t\tstyle=\"\t\t\t\t\tcolor: var(--color-main);\t\t\t\t\ttext-align: left;\t\t\t\t\t\t\t\t\t\t\t\t\t\t\t\t\t\t\t\"\r\n\t\t\t>\r\n\t\t\t\t4. Tout le monde peut-il b\u00e9n\u00e9ficier d'un chargement imm\u00e9diat ?\t\t\t<\/a>\r\n\t\t\r\n\t\t\t<\/dt>\r\n\t<dd class=\"accordion__definition-wrapper js-accordion__definition-wrapper\">\r\n\t\t\r\n\t\t\t\t\t<p\t\t\t\tclass=\"accordion__definition animation--off body-normal animation-reveal--up animation-delay--2nd dont-break-out-on-long-words\"\r\n\t\t\t\tstyle=\"\t\t\t\t\tcolor: var(--color-main);\t\t\t\t\ttext-align: left;\t\t\t\t\t\t\t\t\t\t\t\t\t\t\t\t\t\t\t\"\r\n\t\t\t>\r\n\t\t\t\tPas pour tout le monde. Une \u00e9valuation de la densit\u00e9 osseuse et de l'\u00e9tat de sant\u00e9 g\u00e9n\u00e9ral est n\u00e9cessaire pour confirmer la faisabilit\u00e9 de la proc\u00e9dure.\t\t\t<\/p>\r\n\t\t\r\n\t\t\t<\/dd>\r\n\r\n<\/div>\n\t\t<\/dl>\r\n\r\n\t<\/div>\r\n\r\n<\/section>\n\n\r\n\r\n\r\n\r\n<!-- Block -->\r\n<section style=\" \t\t\tbackground-color: var(--color-accent);\t\t\tbackground-image: url(&#039;https:\/\/drabernardetealmeida.pt\/wp-content\/uploads\/2025\/06\/5fa83acef9ced0628a252f78_photo-1489278353717-f64c6ee8a4d2-3-1.jpeg&#039;);\t\t\tbackground-position: 50% 50%;\t\t\t--padding-top: 120px;\t\t\t--padding-bottom: 120px;\t\t\" class=\"block text-block block--content-center   block--animation-on wp-block-tesoiosanablocks-text\">\r\n\r\n\t<!-- Inner block -->\r\n\t<div class=\"block__inner text-block__inner animation-trigger\">\r\n\r\n\t\t<!-- Subtitle, title and paragraph -->\r\n\t\t\r\n\t\t\t\t\t<h4\t\t\t\tclass=\"block__subtitle subtitle animation-reveal--up animation-delay--1st dont-break-out-on-long-words\"\r\n\t\t\t\tstyle=\"\t\t\t\t\tcolor: var(--color-secondary);\t\t\t\t\ttext-align: center;\t\t\t\t\t max-width: 720px; \t\t\t\t\t margin-bottom: calc(20px * var(--mobile-text-bottom-margin-ratio, 1)); \t\t\t\t\t\t\t\t\t\"\r\n\t\t\t>\r\n\t\t\t\tVotre Premier Pas\t\t\t<\/h4>\r\n\t\t\r\n\t\t\r\n\t\t\t\t\t<h2\t\t\t\tclass=\"block__title title-medium animation-reveal--up animation-delay--2nd dont-break-out-on-long-words\"\r\n\t\t\t\tstyle=\"\t\t\t\t\tcolor: var(--color-secondary);\t\t\t\t\ttext-align: center;\t\t\t\t\t max-width: 720px; \t\t\t\t\t margin-bottom: calc(36px * var(--mobile-text-bottom-margin-ratio, 1)); \t\t\t\t\t\t\t\t\t\"\r\n\t\t\t>\r\n\t\t\t\tPrenez Maintenant Votre<br>\u00c9valuation Gratuite\t\t\t<\/h2>\r\n\t\t\r\n\t\t\r\n\t\t\r\n\t\t\r\n\t\t<!-- List -->\r\n\t\t\r\n\t\t\r\n\t\t\r\n\t\t<!-- Link -->\r\n\t\t\r\n\t\t\t\t\t<a href=\"http:\/\/wa.link\/0jy7k0\" target=\"_self\" class=\"text-block__link body-small arrow-link animation-reveal--up animation-delay--3rd dont-break-out-on-long-words\" style=\"\t\t\t\t\tcolor: var(--color-secondary);\t\t\t\t\t\t\t\t\t\t\t\t\t\t\t\t\t\t\t\" rel=\"noopener\">\r\n\t\t\t\tR\u00e9servez Votre \u00c9valuation Gratuite\t\t\t<\/a>\r\n\t\t\r\n\t\t\r\n\t<\/div>\r\n<\/section>\n\n<div class=\"wp-block-wrapper\"><div class=\"wp-block-wrapper__inner\">\n<p><\/p>\n<\/div><\/div>","protected":false},"excerpt":{"rendered":"","protected":false},"author":2,"featured_media":0,"parent":109,"menu_order":0,"comment_status":"closed","ping_status":"closed","template":"","meta":{"tesoiosana_header_transparency":"default","footnotes":""},"class_list":["post-685","page","type-page","status-publish","hentry"],"_links":{"self":[{"href":"https:\/\/drabernardetealmeida.pt\/fr\/wp-json\/wp\/v2\/pages\/685","targetHints":{"allow":["GET"]}}],"collection":[{"href":"https:\/\/drabernardetealmeida.pt\/fr\/wp-json\/wp\/v2\/pages"}],"about":[{"href":"https:\/\/drabernardetealmeida.pt\/fr\/wp-json\/wp\/v2\/types\/page"}],"author":[{"embeddable":true,"href":"https:\/\/drabernardetealmeida.pt\/fr\/wp-json\/wp\/v2\/users\/2"}],"replies":[{"embeddable":true,"href":"https:\/\/drabernardetealmeida.pt\/fr\/wp-json\/wp\/v2\/comments?post=685"}],"version-history":[{"count":10,"href":"https:\/\/drabernardetealmeida.pt\/fr\/wp-json\/wp\/v2\/pages\/685\/revisions"}],"predecessor-version":[{"id":1180,"href":"https:\/\/drabernardetealmeida.pt\/fr\/wp-json\/wp\/v2\/pages\/685\/revisions\/1180"}],"up":[{"embeddable":true,"href":"https:\/\/drabernardetealmeida.pt\/fr\/wp-json\/wp\/v2\/pages\/109"}],"wp:attachment":[{"href":"https:\/\/drabernardetealmeida.pt\/fr\/wp-json\/wp\/v2\/media?parent=685"}],"curies":[{"name":"wp","href":"https:\/\/api.w.org\/{rel}","templated":true}]}}