{"id":678,"date":"2025-06-30T15:49:22","date_gmt":"2025-06-30T15:49:22","guid":{"rendered":"https:\/\/drabernardetealmeida.pt\/?page_id=678"},"modified":"2025-10-16T11:51:27","modified_gmt":"2025-10-16T11:51:27","slug":"chirurgie-buccale","status":"publish","type":"page","link":"https:\/\/drabernardetealmeida.pt\/fr\/traitements\/chirurgie-buccale\/","title":{"rendered":"Chirurgie Buccale"},"content":{"rendered":"<!-- Block -->\r\n<section style=\" \t\t\tbackground-color: var(--color-negative);\t\t\t\t\t\tbackground-position: 50% 50%;\t\t\t--padding-top: 200px;\t\t\t--padding-bottom: 80px;\t\t\" class=\"block text-block block--content-center   block--animation-on wp-block-tesoiosanablocks-text\">\r\n\r\n\t<!-- Inner block -->\r\n\t<div class=\"block__inner text-block__inner animation-trigger\">\r\n\r\n\t\t<!-- Subtitle, title and paragraph -->\r\n\t\t\r\n\t\t\t\t\t<h4\t\t\t\tclass=\"block__subtitle subtitle animation-reveal--up animation-delay--1st dont-break-out-on-long-words\"\r\n\t\t\t\tstyle=\"\t\t\t\t\tcolor: var(--color-main);\t\t\t\t\ttext-align: center;\t\t\t\t\t max-width: 200px; \t\t\t\t\t margin-bottom: calc(20px * var(--mobile-text-bottom-margin-ratio, 1)); \t\t\t\t\t\t\t\t\t\"\r\n\t\t\t>\r\n\t\t\t\tSoins\t\t\t<\/h4>\r\n\t\t\r\n\t\t\r\n\t\t\t\t\t<h2\t\t\t\tclass=\"block__title title-extra-large animation-reveal--up animation-delay--2nd dont-break-out-on-long-words\"\r\n\t\t\t\tstyle=\"\t\t\t\t\tcolor: var(--color-main);\t\t\t\t\ttext-align: center;\t\t\t\t\t max-width: 600px; \t\t\t\t\t margin-bottom: calc(24px * var(--mobile-text-bottom-margin-ratio, 1)); \t\t\t\t\t\t\t\t\t\"\r\n\t\t\t>\r\n\t\t\t\tChirurgie Buccale\t\t\t<\/h2>\r\n\t\t\r\n\t\t\r\n\t\t\t\t\t<p\t\t\t\tclass=\"block__paragraph body-large animation-reveal--up animation-delay--3rd dont-break-out-on-long-words\"\r\n\t\t\t\tstyle=\"\t\t\t\t\tcolor: var(--color-main);\t\t\t\t\ttext-align: center;\t\t\t\t\t max-width: 680px; \t\t\t\t\t margin-bottom: calc(36px * var(--mobile-text-bottom-margin-ratio, 1)); \t\t\t\t\t\t\t\t\t\"\r\n\t\t\t>\r\n\t\t\t\tLa chirurgie buccale est la sp\u00e9cialit\u00e9 dentaire responsable des interventions chirurgicales dans la cavit\u00e9 buccale, telles que les extractions dentaires, l'ablation de kystes, les biopsies et les corrections osseuses. Ces proc\u00e9dures visent \u00e0 restaurer la sant\u00e9 bucco-dentaire, \u00e0 pr\u00e9venir les complications et \u00e0 promouvoir le bien-\u00eatre du patient.\t\t\t<\/p>\r\n\t\t\r\n\t\t\r\n\t\t<!-- List -->\r\n\t\t\r\n\t\t\r\n\t\t\r\n\t\t<!-- Link -->\r\n\t\t\r\n\t\t\t\t\t<a href=\"http:\/\/wa.link\/0jy7k0\" target=\"_self\" class=\"text-block__link body-small cta-link animation-reveal--up animation-delay--4th dont-break-out-on-long-words\" style=\"\t\t\t\t\tcolor: var(--color-main);\t\t\t\t\t border-radius: 50px; \t\t\t\t\t background-color: var(--color-accent); \t\t\t\t\t\t\t\t\t\" rel=\"noopener\">\r\n\t\t\t\tPrendre Rendez-vous\t\t\t<\/a>\r\n\t\t\r\n\t\t\r\n\t<\/div>\r\n<\/section>\n\n\r\n\r\n\r\n\r\n<!-- Block -->\r\n<section style=\" \t\t\tbackground-color: var(--color-negative);\t\t\t\t\t\tbackground-position: 50% 50%;\t\t\t--padding-top: 100px;\t\t\t--padding-bottom: 100px;\t\t\" class=\"block fifty-block block--content-left  fifty-block--ratio-1-1 fifty-block--image-style-normal fifty-block--image-first  fifty-block--full-width-media    block--animation-on wp-block-tesoiosanablocks-fifty\">\r\n\r\n\t<!-- Inner block -->\r\n\t<div class=\"block__inner fifty-block__inner\">\r\n\t\t<section class=\"fifty-block__content-section animation-trigger\" style=\"width: 50%;\">\r\n\t\t\t<!-- Subtitle, title and paragraph -->\r\n\t\t\t\r\n\t\t\r\n\t\t\r\n\t\t\t\t\t<h2\t\t\t\tclass=\"block__title title-medium animation-reveal--up animation-delay--1st dont-break-out-on-long-words\"\r\n\t\t\t\tstyle=\"\t\t\t\t\tcolor: var(--color-main);\t\t\t\t\ttext-align: left;\t\t\t\t\t max-width: 440px; \t\t\t\t\t margin-bottom: calc(24px * var(--mobile-text-bottom-margin-ratio, 1)); \t\t\t\t\t\t\t\t\t\"\r\n\t\t\t>\r\n\t\t\t\tPour qui ?\t\t\t<\/h2>\r\n\t\t\r\n\t\t\r\n\t\t\t\t\t<p\t\t\t\tclass=\"block__paragraph body-normal animation-reveal--up animation-delay--2nd dont-break-out-on-long-words\"\r\n\t\t\t\tstyle=\"\t\t\t\t\tcolor: var(--color-main);\t\t\t\t\ttext-align: left;\t\t\t\t\t max-width: 440px; \t\t\t\t\t margin-bottom: calc(48px * var(--mobile-text-bottom-margin-ratio, 1)); \t\t\t\t\t\t\t\t\t\"\r\n\t\t\t>\r\n\t\t\t\tIndiqu\u00e9 pour les patients qui ont besoin d'une extraction des dents de sagesse, d'extractions compliqu\u00e9es, d'un traitement des l\u00e9sions osseuses, des kystes, des infections ou d'autres alt\u00e9rations structurelles dans la bouche.<br><br>Il s'agit d'une sp\u00e9cialit\u00e9 essentielle dans les cas o\u00f9 le traitement clinique ne suffit pas, et qui n\u00e9cessite un professionnel qualifi\u00e9 pour garantir la s\u00e9curit\u00e9 et un r\u00e9tablissement ad\u00e9quat.\t\t\t<\/p>\r\n\t\t\r\n\t\t\r\n\t\t\t<!-- List -->\r\n\t\t\t\r\n\t\t\t\t\t<ul\r\n\t\t\t\tclass=\"block__list body-normal animation-reveal--up animation-delay--3rd\"\r\n\t\t\t\tstyle=\"\t\t\t\t\tcolor: var(--color-main);\t\t\t\t\tpadding: 0 0 0 16px;\t\t\t\t\tlist-style: disc;\t\t\t\t\ttext-align: left;\t\t\t\t\t max-width: 440px; \t\t\t\t\t margin-bottom: calc(20px * var(--mobile-text-bottom-margin-ratio, 1)); \t\t\t\t\t\t\t\t\t\"\r\n\t\t\t>\r\n\t\t\t\t<li>Id\u00e9al pour l'extraction des dents de sagesse, des dents fractur\u00e9es ou incluses<\/li><li>Indiqu\u00e9 pour les kystes, les infections et les l\u00e9sions de la cavit\u00e9 buccale<\/li><li>Proc\u00e9dures r\u00e9alis\u00e9es sous anesth\u00e9sie locale et techniques s\u00fbres<\/li>\r\n\t\t\t<\/ul>\r\n\t\t\r\n\t\t\r\n\t\t\t<!-- Link -->\r\n\t\t\t\r\n\t\t\t\t\t<a href=\"http:\/\/wa.link\/0jy7k0\" target=\"_self\" class=\"fifty-block__link body-small cta-link animation-reveal--up animation-delay--4th dont-break-out-on-long-words\" style=\"\t\t\t\t\tcolor: var(--color-secondary);\t\t\t\t\t border-radius: 50px; \t\t\t\t\t background-color: var(--color-main); \t\t\t\t\t\t\t\t\t\" rel=\"noopener\">\r\n\t\t\t\tPrendre Rendez-vous\t\t\t<\/a>\r\n\t\t\r\n\t\t\t\t<\/section>\r\n\r\n\t\t<section class=\"fifty-block__image-section animation-trigger\" style=\"width: 50%;\">\r\n\t\t\t<div class=\"fifty-block__image-wrapper\" style=\"--image-size: 80%;\">\r\n\t\t\t\t\t\t\t\t\t\t\t\t\t\t<img \r\n\t\t\t\t\t\tclass=\"fifty-block__image animation-reveal--in\"\r\n\t\t\t\t\t\tstyle=\"--border-radius: 20px;\"\r\n\t\t\t\t\t\tsrc=\"https:\/\/drabernardetealmeida.pt\/wp-content\/uploads\/2025\/07\/fd376c6bb8160304e0603677770c401b.jpg\"\r\n\t\t\t\t\t\talt=\"\"\r\n\t\t\t\t\t\t\t\t\t\t\t\t\tsrcset=\"https:\/\/drabernardetealmeida.pt\/wp-content\/uploads\/2025\/07\/fd376c6bb8160304e0603677770c401b.jpg 736w, https:\/\/drabernardetealmeida.pt\/wp-content\/uploads\/2025\/07\/fd376c6bb8160304e0603677770c401b-225x300.jpg 225w\"\r\n\t\t\t\t\t\t\tsizes=\"(max-width: 768px) 100vw, 547px\"\r\n\t\t\t\t\t\t\t\t\t\t\t\/>\r\n\t\t\t\t\t\t\t<\/div>\r\n\t\t<\/section>\r\n\t<\/div>\r\n\r\n<\/section>\n\n\r\n\r\n\r\n\r\n<!-- Block -->\r\n<section style=\" \t\t\tbackground-color: var(--color-negative);\t\t\t\t\t\tbackground-position: 50% 50%;\t\t\t--padding-top: 50px;\t\t\t--padding-bottom: 50px;\t\t\" class=\"block text-block block--content-center   block--animation-on wp-block-tesoiosanablocks-text\">\r\n\r\n\t<!-- Inner block -->\r\n\t<div class=\"block__inner text-block__inner animation-trigger\">\r\n\r\n\t\t<!-- Subtitle, title and paragraph -->\r\n\t\t\r\n\t\t\r\n\t\t\r\n\t\t\t\t\t<h2\t\t\t\tclass=\"block__title title-small animation-reveal--up animation-delay--1st dont-break-out-on-long-words\"\r\n\t\t\t\tstyle=\"\t\t\t\t\tcolor: var(--color-main);\t\t\t\t\ttext-align: left;\t\t\t\t\t max-width: 720px; \t\t\t\t\t margin-bottom: calc(24px * var(--mobile-text-bottom-margin-ratio, 1)); \t\t\t\t\t\t\t\t\t\"\r\n\t\t\t>\r\n\t\t\t\tComment cela fonctionne-t-il ?\t\t\t<\/h2>\r\n\t\t\r\n\t\t\r\n\t\t\t\t\t<p\t\t\t\tclass=\"block__paragraph body-normal animation-reveal--up animation-delay--2nd dont-break-out-on-long-words\"\r\n\t\t\t\tstyle=\"\t\t\t\t\tcolor: var(--color-main);\t\t\t\t\ttext-align: left;\t\t\t\t\t max-width: 720px; \t\t\t\t\t margin-bottom: calc(50px * var(--mobile-text-bottom-margin-ratio, 1)); \t\t\t\t\t\t\t\t\t\"\r\n\t\t\t>\r\n\t\t\t\tLa premi\u00e8re \u00e9tape consiste en une \u00e9valuation clinique et radiographique, qui permet au chirurgien d'identifier la n\u00e9cessit\u00e9 de l'intervention et de la planifier avec pr\u00e9cision. La chirurgie est r\u00e9alis\u00e9e sous anesth\u00e9sie locale et, dans certains cas, une s\u00e9dation peut \u00eatre recommand\u00e9e pour plus de confort.<br><br>Apr\u00e8s l'intervention, le patient re\u00e7oit des instructions d\u00e9taill\u00e9es sur les soins postop\u00e9ratoires, notamment en mati\u00e8re d'alimentation, d'hygi\u00e8ne et de prise de m\u00e9dicaments. La convalescence est suivie par le professionnel afin de garantir une cicatrisation ad\u00e9quate et l'absence de complications.\t\t\t<\/p>\r\n\t\t\r\n\t\t\r\n\t\t<!-- List -->\r\n\t\t\r\n\t\t\r\n\t\t\r\n\t\t<!-- Link -->\r\n\t\t\r\n\t\t\r\n\t\t\r\n\t<\/div>\r\n<\/section>\n\n\r\n\r\n\r\n\r\n<!-- Block -->\r\n<section style=\"--divider-color: #dedede; \t\t\tbackground-color: var(--color-negative);\t\t\t\t\t\tbackground-position: 50% 50%;\t\t\t--padding-top: 80px;\t\t\t--padding-bottom: 120px;\t\t\" class=\"block accordion-block block--content-center accordion-block--multiple   block--animation-on wp-block-tesoiosanablocks-accordion\">\r\n\r\n\t<!-- Inner block -->\r\n\t<div class=\"block__inner accordion-block__inner\">\r\n\r\n\t\t<!-- Subtitle, title and paragraph -->\r\n\t\t<div class=\"animation-trigger\">\r\n\t\t\r\n\t\t\r\n\t\t\t\t\t<h2\t\t\t\tclass=\"block__title title-medium animation-reveal--up animation-delay--1st dont-break-out-on-long-words\"\r\n\t\t\t\tstyle=\"\t\t\t\t\tcolor: var(--color-main);\t\t\t\t\ttext-align: center;\t\t\t\t\t max-width: 720px; \t\t\t\t\t margin-bottom: calc(40px * var(--mobile-text-bottom-margin-ratio, 1)); \t\t\t\t\t\t\t\t\t\"\r\n\t\t\t>\r\n\t\t\t\tQuestions fr\u00e9quemment pos\u00e9es\t\t\t<\/h2>\r\n\t\t\r\n\t\t\r\n\t\t\t\t\t<p\t\t\t\tclass=\"block__paragraph body-large animation-reveal--up animation-delay--2nd dont-break-out-on-long-words\"\r\n\t\t\t\tstyle=\"\t\t\t\t\tcolor: var(--color-main);\t\t\t\t\ttext-align: center;\t\t\t\t\t max-width: 720px; \t\t\t\t\t margin-bottom: calc(50px * var(--mobile-text-bottom-margin-ratio, 1)); \t\t\t\t\t\t\t\t\t\"\r\n\t\t\t>\r\n\t\t\t\tD\u00e9couvrez quelques mythes et v\u00e9rit\u00e9s sur la chirurgie buccale\t\t\t<\/p>\r\n\t\t\r\n\t\t<\/div>\r\n\r\n\t\t<dl class=\"accordion\">\r\n\t\t\t\n\r\n\r\n\r\n\r\n<!-- Block -->\r\n<div class=\"inner-block js-accordion animation-trigger animation-reveal--in  wp-block-tesoiosanablocks-accordion-item\">\r\n\r\n\t<dt class=\"accordion__term-wrapper\">\r\n\t\t\r\n\t\t\t\t\t<a\t\t\t\tclass=\"accordion__term js-accordion__term animation--off title-extra-small animation-reveal--up animation-delay--1st dont-break-out-on-long-words\"\r\n\t\t\t\tstyle=\"\t\t\t\t\tcolor: var(--color-main);\t\t\t\t\ttext-align: left;\t\t\t\t\t\t\t\t\t\t\t\t\t\t\t\t\t\t\t\"\r\n\t\t\t>\r\n\t\t\t\tEst-il n\u00e9cessaire de se reposer apr\u00e8s une chirurgie buccale ?\t\t\t<\/a>\r\n\t\t\r\n\t\t\t<\/dt>\r\n\t<dd class=\"accordion__definition-wrapper js-accordion__definition-wrapper\">\r\n\t\t\r\n\t\t\t\t\t<p\t\t\t\tclass=\"accordion__definition animation--off body-normal animation-reveal--up animation-delay--2nd dont-break-out-on-long-words\"\r\n\t\t\t\tstyle=\"\t\t\t\t\tcolor: var(--color-main);\t\t\t\t\ttext-align: left;\t\t\t\t\t\t\t\t\t\t\t\t\t\t\t\t\t\t\t\"\r\n\t\t\t>\r\n\t\t\t\tOui, il est recommand\u00e9 de se reposer pendant les premi\u00e8res 24 \u00e0 48 heures.\t\t\t<\/p>\r\n\t\t\r\n\t\t\t<\/dd>\r\n\r\n<\/div>\n\n\r\n\r\n\r\n\r\n<!-- Block -->\r\n<div class=\"inner-block js-accordion animation-trigger animation-reveal--in  wp-block-tesoiosanablocks-accordion-item\">\r\n\r\n\t<dt class=\"accordion__term-wrapper\">\r\n\t\t\r\n\t\t\t\t\t<a\t\t\t\tclass=\"accordion__term js-accordion__term animation--off title-extra-small animation-reveal--up animation-delay--1st dont-break-out-on-long-words\"\r\n\t\t\t\tstyle=\"\t\t\t\t\tcolor: var(--color-main);\t\t\t\t\ttext-align: left;\t\t\t\t\t\t\t\t\t\t\t\t\t\t\t\t\t\t\t\"\r\n\t\t\t>\r\n\t\t\t\tLes op\u00e9rations sont-elles douloureuses ?\t\t\t<\/a>\r\n\t\t\r\n\t\t\t<\/dt>\r\n\t<dd class=\"accordion__definition-wrapper js-accordion__definition-wrapper\">\r\n\t\t\r\n\t\t\t\t\t<p\t\t\t\tclass=\"accordion__definition animation--off body-normal animation-reveal--up animation-delay--2nd dont-break-out-on-long-words\"\r\n\t\t\t\tstyle=\"\t\t\t\t\tcolor: var(--color-main);\t\t\t\t\ttext-align: left;\t\t\t\t\t\t\t\t\t\t\t\t\t\t\t\t\t\t\t\"\r\n\t\t\t>\r\n\t\t\t\tNon, elles sont r\u00e9alis\u00e9es sous anesth\u00e9sie et accompagn\u00e9es d'analg\u00e9siques adapt\u00e9s.\t\t\t<\/p>\r\n\t\t\r\n\t\t\t<\/dd>\r\n\r\n<\/div>\n\n\r\n\r\n\r\n\r\n<!-- Block -->\r\n<div class=\"inner-block js-accordion animation-trigger animation-reveal--in  wp-block-tesoiosanablocks-accordion-item\">\r\n\r\n\t<dt class=\"accordion__term-wrapper\">\r\n\t\t\r\n\t\t\t\t\t<a\t\t\t\tclass=\"accordion__term js-accordion__term animation--off title-extra-small animation-reveal--up animation-delay--1st dont-break-out-on-long-words\"\r\n\t\t\t\tstyle=\"\t\t\t\t\tcolor: var(--color-main);\t\t\t\t\ttext-align: left;\t\t\t\t\t\t\t\t\t\t\t\t\t\t\t\t\t\t\t\"\r\n\t\t\t>\r\n\t\t\t\tDois-je faire extraire toutes mes dents de sagesse ?\t\t\t<\/a>\r\n\t\t\r\n\t\t\t<\/dt>\r\n\t<dd class=\"accordion__definition-wrapper js-accordion__definition-wrapper\">\r\n\t\t\r\n\t\t\t\t\t<p\t\t\t\tclass=\"accordion__definition animation--off body-normal animation-reveal--up animation-delay--2nd dont-break-out-on-long-words\"\r\n\t\t\t\tstyle=\"\t\t\t\t\tcolor: var(--color-main);\t\t\t\t\ttext-align: left;\t\t\t\t\t\t\t\t\t\t\t\t\t\t\t\t\t\t\t\"\r\n\t\t\t>\r\n\t\t\t\tUniquement lorsque cela est indiqu\u00e9 par une \u00e9valuation clinique et radiographique.\t\t\t<\/p>\r\n\t\t\r\n\t\t\t<\/dd>\r\n\r\n<\/div>\n\n\r\n\r\n\r\n\r\n<!-- Block -->\r\n<div class=\"inner-block js-accordion animation-trigger animation-reveal--in  wp-block-tesoiosanablocks-accordion-item\">\r\n\r\n\t<dt class=\"accordion__term-wrapper\">\r\n\t\t\r\n\t\t\t\t\t<a\t\t\t\tclass=\"accordion__term js-accordion__term animation--off title-extra-small animation-reveal--up animation-delay--1st dont-break-out-on-long-words\"\r\n\t\t\t\tstyle=\"\t\t\t\t\tcolor: var(--color-main);\t\t\t\t\ttext-align: left;\t\t\t\t\t\t\t\t\t\t\t\t\t\t\t\t\t\t\t\"\r\n\t\t\t>\r\n\t\t\t\tCombien de temps dure la convalescence ?\t\t\t<\/a>\r\n\t\t\r\n\t\t\t<\/dt>\r\n\t<dd class=\"accordion__definition-wrapper js-accordion__definition-wrapper\">\r\n\t\t\r\n\t\t\t\t\t<p\t\t\t\tclass=\"accordion__definition animation--off body-normal animation-reveal--up animation-delay--2nd dont-break-out-on-long-words\"\r\n\t\t\t\tstyle=\"\t\t\t\t\tcolor: var(--color-main);\t\t\t\t\ttext-align: left;\t\t\t\t\t\t\t\t\t\t\t\t\t\t\t\t\t\t\t\"\r\n\t\t\t>\r\n\t\t\t\tG\u00e9n\u00e9ralement de 3 \u00e0 7 jours, selon le type d'intervention chirurgicale.\t\t\t<\/p>\r\n\t\t\r\n\t\t\t<\/dd>\r\n\r\n<\/div>\n\n\r\n\r\n\r\n\r\n<!-- Block -->\r\n<div class=\"inner-block js-accordion animation-trigger animation-reveal--in  wp-block-tesoiosanablocks-accordion-item\">\r\n\r\n\t<dt class=\"accordion__term-wrapper\">\r\n\t\t\r\n\t\t\t\t\t<a\t\t\t\tclass=\"accordion__term js-accordion__term animation--off title-extra-small animation-reveal--up animation-delay--1st dont-break-out-on-long-words\"\r\n\t\t\t\tstyle=\"\t\t\t\t\tcolor: var(--color-main);\t\t\t\t\ttext-align: left;\t\t\t\t\t\t\t\t\t\t\t\t\t\t\t\t\t\t\t\"\r\n\t\t\t>\r\n\t\t\t\tPuis-je manger normalement apr\u00e8s ?\t\t\t<\/a>\r\n\t\t\r\n\t\t\t<\/dt>\r\n\t<dd class=\"accordion__definition-wrapper js-accordion__definition-wrapper\">\r\n\t\t\r\n\t\t\t\t\t<p\t\t\t\tclass=\"accordion__definition animation--off body-normal animation-reveal--up animation-delay--2nd dont-break-out-on-long-words\"\r\n\t\t\t\tstyle=\"\t\t\t\t\tcolor: var(--color-main);\t\t\t\t\ttext-align: left;\t\t\t\t\t\t\t\t\t\t\t\t\t\t\t\t\t\t\t\"\r\n\t\t\t>\r\n\t\t\t\tLes premiers jours, il est n\u00e9cessaire de suivre un r\u00e9gime alimentaire l\u00e9ger et froid.\t\t\t<\/p>\r\n\t\t\r\n\t\t\t<\/dd>\r\n\r\n<\/div>\n\t\t<\/dl>\r\n\r\n\t<\/div>\r\n\r\n<\/section>\n\n\r\n\r\n\r\n\r\n<!-- Block -->\r\n<section style=\" \t\t\tbackground-color: var(--color-accent);\t\t\tbackground-image: url(&#039;https:\/\/drabernardetealmeida.pt\/wp-content\/uploads\/2025\/06\/5fa83acef9ced0628a252f78_photo-1489278353717-f64c6ee8a4d2-3-1.jpeg&#039;);\t\t\tbackground-position: 50% 50%;\t\t\t--padding-top: 120px;\t\t\t--padding-bottom: 120px;\t\t\" class=\"block text-block block--content-center   block--animation-on wp-block-tesoiosanablocks-text\">\r\n\r\n\t<!-- Inner block -->\r\n\t<div class=\"block__inner text-block__inner animation-trigger\">\r\n\r\n\t\t<!-- Subtitle, title and paragraph -->\r\n\t\t\r\n\t\t\t\t\t<h4\t\t\t\tclass=\"block__subtitle subtitle animation-reveal--up animation-delay--1st dont-break-out-on-long-words\"\r\n\t\t\t\tstyle=\"\t\t\t\t\tcolor: var(--color-secondary);\t\t\t\t\ttext-align: center;\t\t\t\t\t max-width: 720px; \t\t\t\t\t margin-bottom: calc(20px * var(--mobile-text-bottom-margin-ratio, 1)); \t\t\t\t\t\t\t\t\t\"\r\n\t\t\t>\r\n\t\t\t\tVotre Premier Pas\t\t\t<\/h4>\r\n\t\t\r\n\t\t\r\n\t\t\t\t\t<h2\t\t\t\tclass=\"block__title title-medium animation-reveal--up animation-delay--2nd dont-break-out-on-long-words\"\r\n\t\t\t\tstyle=\"\t\t\t\t\tcolor: var(--color-secondary);\t\t\t\t\ttext-align: center;\t\t\t\t\t max-width: 720px; \t\t\t\t\t margin-bottom: calc(36px * var(--mobile-text-bottom-margin-ratio, 1)); \t\t\t\t\t\t\t\t\t\"\r\n\t\t\t>\r\n\t\t\t\tR\u00e9servez votre \u00e9valuation gratuite maintenant\t\t\t<\/h2>\r\n\t\t\r\n\t\t\r\n\t\t\r\n\t\t\r\n\t\t<!-- List -->\r\n\t\t\r\n\t\t\r\n\t\t\r\n\t\t<!-- Link -->\r\n\t\t\r\n\t\t\t\t\t<a href=\"http:\/\/wa.link\/0jy7k0\" target=\"_self\" class=\"text-block__link body-small arrow-link animation-reveal--up animation-delay--3rd dont-break-out-on-long-words\" style=\"\t\t\t\t\tcolor: var(--color-secondary);\t\t\t\t\t\t\t\t\t\t\t\t\t\t\t\t\t\t\t\" rel=\"noopener\">\r\n\t\t\t\tR\u00e9servez Votre \u00c9valuation Gratuite\t\t\t<\/a>\r\n\t\t\r\n\t\t\r\n\t<\/div>\r\n<\/section>\n\n<div class=\"wp-block-wrapper\"><div class=\"wp-block-wrapper__inner\">\n<p><\/p>\n<\/div><\/div>","protected":false},"excerpt":{"rendered":"","protected":false},"author":2,"featured_media":0,"parent":109,"menu_order":0,"comment_status":"closed","ping_status":"closed","template":"","meta":{"tesoiosana_header_transparency":"default","footnotes":""},"class_list":["post-678","page","type-page","status-publish","hentry"],"_links":{"self":[{"href":"https:\/\/drabernardetealmeida.pt\/fr\/wp-json\/wp\/v2\/pages\/678","targetHints":{"allow":["GET"]}}],"collection":[{"href":"https:\/\/drabernardetealmeida.pt\/fr\/wp-json\/wp\/v2\/pages"}],"about":[{"href":"https:\/\/drabernardetealmeida.pt\/fr\/wp-json\/wp\/v2\/types\/page"}],"author":[{"embeddable":true,"href":"https:\/\/drabernardetealmeida.pt\/fr\/wp-json\/wp\/v2\/users\/2"}],"replies":[{"embeddable":true,"href":"https:\/\/drabernardetealmeida.pt\/fr\/wp-json\/wp\/v2\/comments?post=678"}],"version-history":[{"count":6,"href":"https:\/\/drabernardetealmeida.pt\/fr\/wp-json\/wp\/v2\/pages\/678\/revisions"}],"predecessor-version":[{"id":1183,"href":"https:\/\/drabernardetealmeida.pt\/fr\/wp-json\/wp\/v2\/pages\/678\/revisions\/1183"}],"up":[{"embeddable":true,"href":"https:\/\/drabernardetealmeida.pt\/fr\/wp-json\/wp\/v2\/pages\/109"}],"wp:attachment":[{"href":"https:\/\/drabernardetealmeida.pt\/fr\/wp-json\/wp\/v2\/media?parent=678"}],"curies":[{"name":"wp","href":"https:\/\/api.w.org\/{rel}","templated":true}]}}