{"id":117,"date":"2025-05-24T07:29:54","date_gmt":"2025-05-24T07:29:54","guid":{"rendered":"https:\/\/drabernardetealmeida.pt\/testimonials\/"},"modified":"2026-05-06T15:25:27","modified_gmt":"2026-05-06T15:25:27","slug":"cas-cliniques","status":"publish","type":"page","link":"https:\/\/drabernardetealmeida.pt\/fr\/cas-cliniques\/","title":{"rendered":"Cas cliniques"},"content":{"rendered":"<!-- Block -->\r\n<section style=\"background-color: var(--color-negative); background-position: 50% 50%;  \" class=\"block cover-block block--content-left   block--animation-on   wp-block-tesoiosanablocks-cover\">\r\n\t\r\n\t\t\t\t\t<img \r\n\t\t\tclass=\"cover-block__background-image\"\r\n\t\t\tstyle=\"object-position: 50% 50%;\"\r\n\t\t\tsrc=\"https:\/\/drabernardetealmeida.pt\/wp-content\/uploads\/2025\/05\/fb9a47ec2af86327bbabcf21a45364ce-1-2-1-1.jpg\"\r\n\t\t\talt=\"\"\r\n\t\t\t\t\t\t\tsrcset=\"https:\/\/drabernardetealmeida.pt\/wp-content\/uploads\/2025\/05\/fb9a47ec2af86327bbabcf21a45364ce-1-2-1-1.jpg 1020w, https:\/\/drabernardetealmeida.pt\/wp-content\/uploads\/2025\/05\/fb9a47ec2af86327bbabcf21a45364ce-1-2-1-1-300x210.jpg 300w, https:\/\/drabernardetealmeida.pt\/wp-content\/uploads\/2025\/05\/fb9a47ec2af86327bbabcf21a45364ce-1-2-1-1-768x538.jpg 768w\"\r\n\t\t\t\tsizes=\"100vw\"\r\n\t\t\t\t\t\/>\r\n\t\r\n\t<!-- Inner block -->\r\n\t<div class=\"block__inner cover-block__inner animation-trigger\">\r\n\t\r\n\t\t<!-- Subtitle, title and paragraph -->\r\n\t\t\r\n\t\t\t\t\t<h4\t\t\t\tclass=\"block__subtitle subtitle animation-reveal--up animation-delay--1st dont-break-out-on-long-words\"\r\n\t\t\t\tstyle=\"\t\t\t\t\tcolor: var(--color-accent);\t\t\t\t\ttext-align: left;\t\t\t\t\t max-width: 250px; \t\t\t\t\t margin-bottom: calc(32px * var(--mobile-text-bottom-margin-ratio, 1)); \t\t\t\t\t\t\t\t\t\"\r\n\t\t\t>\r\n\t\t\t\tAvant et apr\u00e8s\t\t\t<\/h4>\r\n\t\t\r\n\t\t\r\n\t\t\t\t\t<h2\t\t\t\tclass=\"block__title title-extra-large animation-reveal--up animation-delay--2nd dont-break-out-on-long-words\"\r\n\t\t\t\tstyle=\"\t\t\t\t\tcolor: var(--color-accent);\t\t\t\t\ttext-align: left;\t\t\t\t\t max-width: 580px; \t\t\t\t\t margin-bottom: calc(30px * var(--mobile-text-bottom-margin-ratio, 1)); \t\t\t\t\t\t\t\t\t\"\r\n\t\t\t>\r\n\t\t\t\tCas cliniques\t\t\t<\/h2>\r\n\t\t\r\n\t\t\r\n\t\t\t\t\t<p\t\t\t\tclass=\"block__paragraph body-large animation-reveal--up animation-delay--3rd dont-break-out-on-long-words\"\r\n\t\t\t\tstyle=\"\t\t\t\t\tcolor: var(--color-accent);\t\t\t\t\ttext-align: left;\t\t\t\t\t max-width: 740px; \t\t\t\t\t margin-bottom: calc(48px * var(--mobile-text-bottom-margin-ratio, 1)); \t\t\t\t\t\t\t\t\t\"\r\n\t\t\t>\r\n\t\t\t\tVoir l'avant et l'apr\u00e8s de nos patients.\t\t\t<\/p>\r\n\t\t\r\n\t\t\r\n\t\t<!-- Link -->\r\n\t\t\r\n\t\t\t\t\t<a href=\"http:\/\/wa.link\/0jy7k0\" target=\"_self\" class=\"text-block__link body-small cta-link animation-reveal--up animation-delay--4th dont-break-out-on-long-words\" style=\"\t\t\t\t\tcolor: var(--color-accent);\t\t\t\t\t border-radius: 50px; \t\t\t\t\t background-color: var(--color-main); \t\t\t\t\t\t\t\t\t\" rel=\"noopener\">\r\n\t\t\t\tPrendre Rendez-vous\t\t\t<\/a>\r\n\t\t\r\n\t\t\r\n\t\t\t\t\t<div class=\"scroll-down\">\r\n\t\t\t\t<a href=\"#scroll-down\" class=\"scroll-down__link\" style=\"color: var(--color-negative)\">\r\n\t\t\t\t\t<span class=\"scroll-down__title body-normal dont-break-out-on-long-words\">\r\n\t\t\t\t\t\tDescendre\t\t\t\t\t<\/span>\r\n\t\t\t\t\t<svg class=\"scroll-down__icon\" xmlns=\"http:\/\/www.w3.org\/2000\/svg\" viewbox=\"0 0 26.741 14.785\">\r\n\t\t\t\t\t\t<path d=\"M166.414-4.992,179.077,7.671,166.414,20.335\" transform=\"translate(21.042 -165.707) rotate(90)\" \/>\r\n\t\t\t\t\t<\/svg>\r\n\t\t\t\t<\/a>\r\n\t\t\t\t<div class=\"scroll-down__postition\" id=\"scroll-down\"><\/div>\r\n\t\t\t<\/div>\r\n\t\t\r\n\t<\/div>\r\n<\/section>\n\n\r\n\r\n\r\n\r\n<!-- Block -->\r\n<section style=\" \t\t\tbackground-color: var(--color-negative);\t\t\t\t\t\tbackground-position: 50% 50%;\t\t\t--padding-top: 100px;\t\t\t--padding-bottom: 50px;\t\t\" class=\"block fifty-block block--content-center  fifty-block--ratio-1-1 fifty-block--image-style-normal fifty-block--image-first  fifty-block--full-width-media    block--animation-on wp-block-tesoiosanablocks-fifty\">\r\n\r\n\t<!-- Inner block -->\r\n\t<div class=\"block__inner fifty-block__inner\">\r\n\t\t<section class=\"fifty-block__content-section animation-trigger\" style=\"width: 50%;\">\r\n\t\t\t<!-- Subtitle, title and paragraph -->\r\n\t\t\t\r\n\t\t\t\t\t<h4\t\t\t\tclass=\"block__subtitle body-large animation-reveal--up animation-delay--1st dont-break-out-on-long-words\"\r\n\t\t\t\tstyle=\"\t\t\t\t\tcolor: var(--color-main);\t\t\t\t\ttext-align: center;\t\t\t\t\t max-width: 440px; \t\t\t\t\t margin-bottom: calc(20px * var(--mobile-text-bottom-margin-ratio, 1)); \t\t\t\t\t\t\t\t\t\"\r\n\t\t\t>\r\n\t\t\t\tEsth\u00e9tique dentaire\t\t\t<\/h4>\r\n\t\t\r\n\t\t\r\n\t\t\t\t\t<h2\t\t\t\tclass=\"block__title title-medium animation-reveal--up animation-delay--2nd dont-break-out-on-long-words\"\r\n\t\t\t\tstyle=\"\t\t\t\t\tcolor: var(--color-main);\t\t\t\t\ttext-align: center;\t\t\t\t\t max-width: 530px; \t\t\t\t\t margin-bottom: calc(22px * var(--mobile-text-bottom-margin-ratio, 1)); \t\t\t\t\t\t\t\t\t\"\r\n\t\t\t>\r\n\t\t\t\tFacettes<br>R\u00e9sine injectable\t\t\t<\/h2>\r\n\t\t\r\n\t\t\r\n\t\t\t\t\t<p\t\t\t\tclass=\"block__paragraph body-normal animation-reveal--up animation-delay--3rd dont-break-out-on-long-words\"\r\n\t\t\t\tstyle=\"\t\t\t\t\tcolor: var(--color-main);\t\t\t\t\ttext-align: center;\t\t\t\t\t max-width: 440px; \t\t\t\t\t margin-bottom: calc(20px * var(--mobile-text-bottom-margin-ratio, 1)); \t\t\t\t\t\t\t\t\t\"\r\n\t\t\t>\r\n\t\t\t\tLa patiente pr\u00e9sentait des dents fonc\u00e9es, us\u00e9es et asym\u00e9triques. En une seule s\u00e9ance, il a \u00e9t\u00e9 possible de restaurer l'esth\u00e9tique, l'harmonie et le naturel du sourire, sans user la structure dentaire. Une solution s\u00fbre et rapide avec des r\u00e9sultats imm\u00e9diats.\t\t\t<\/p>\r\n\t\t\r\n\t\t\r\n\t\t\t<!-- List -->\r\n\t\t\t\r\n\t\t\r\n\t\t\r\n\t\t\t<!-- Link -->\r\n\t\t\t\r\n\t\t\t\t\t<a href=\"https:\/\/drabernardetealmeida.pt\/fr\/traitements\/lentilles-en-resine\/\" target=\"_self\" class=\"fifty-block__link body-small cta-link animation-reveal--up animation-delay--4th dont-break-out-on-long-words\" style=\"\t\t\t\t\tcolor: var(--color-secondary);\t\t\t\t\t border-radius: 50px; \t\t\t\t\t background-color: var(--color-main); \t\t\t\t\t\t\t\t\t\">\r\n\t\t\t\tVoir plus d'informations\t\t\t<\/a>\r\n\t\t\r\n\t\t\t\t<\/section>\r\n\r\n\t\t<section class=\"fifty-block__image-section animation-trigger\" style=\"width: 50%;\">\r\n\t\t\t<div class=\"fifty-block__image-wrapper\" style=\"--image-size: 70%;\">\r\n\t\t\t\t\t\t\t\t\t\t\t\t\t\t<img \r\n\t\t\t\t\t\tclass=\"fifty-block__image animation-reveal--in\"\r\n\t\t\t\t\t\tstyle=\"--border-radius: 20px;\"\r\n\t\t\t\t\t\tsrc=\"https:\/\/drabernardetealmeida.pt\/wp-content\/uploads\/2025\/07\/Bety-Casos-Clinicos_01.jpg\"\r\n\t\t\t\t\t\talt=\"\"\r\n\t\t\t\t\t\t\t\t\t\t\t\t\tsrcset=\"https:\/\/drabernardetealmeida.pt\/wp-content\/uploads\/2025\/07\/Bety-Casos-Clinicos_01.jpg 1000w, https:\/\/drabernardetealmeida.pt\/wp-content\/uploads\/2025\/07\/Bety-Casos-Clinicos_01-300x300.jpg 300w, https:\/\/drabernardetealmeida.pt\/wp-content\/uploads\/2025\/07\/Bety-Casos-Clinicos_01-150x150.jpg 150w, https:\/\/drabernardetealmeida.pt\/wp-content\/uploads\/2025\/07\/Bety-Casos-Clinicos_01-768x768.jpg 768w\"\r\n\t\t\t\t\t\t\tsizes=\"(max-width: 768px) 100vw, 479px\"\r\n\t\t\t\t\t\t\t\t\t\t\t\/>\r\n\t\t\t\t\t\t\t<\/div>\r\n\t\t<\/section>\r\n\t<\/div>\r\n\r\n<\/section>\n\n\r\n\r\n\r\n\r\n<!-- Block -->\r\n<section style=\" \t\t\tbackground-color: var(--color-negative);\t\t\t\t\t\tbackground-position: 50% 50%;\t\t\t--padding-top: 100px;\t\t\t--padding-bottom: 50px;\t\t\" class=\"block fifty-block block--content-center  fifty-block--ratio-1-1 fifty-block--image-style-normal   fifty-block--full-width-media    block--animation-on wp-block-tesoiosanablocks-fifty\">\r\n\r\n\t<!-- Inner block -->\r\n\t<div class=\"block__inner fifty-block__inner\">\r\n\t\t<section class=\"fifty-block__content-section animation-trigger\" style=\"width: 50%;\">\r\n\t\t\t<!-- Subtitle, title and paragraph -->\r\n\t\t\t\r\n\t\t\t\t\t<h4\t\t\t\tclass=\"block__subtitle body-large animation-reveal--up animation-delay--1st dont-break-out-on-long-words\"\r\n\t\t\t\tstyle=\"\t\t\t\t\tcolor: var(--color-main);\t\t\t\t\ttext-align: center;\t\t\t\t\t max-width: 440px; \t\t\t\t\t margin-bottom: calc(20px * var(--mobile-text-bottom-margin-ratio, 1)); \t\t\t\t\t\t\t\t\t\"\r\n\t\t\t>\r\n\t\t\t\tOrthop\u00e9die Fonctionnelle Infantile\t\t\t<\/h4>\r\n\t\t\r\n\t\t\r\n\t\t\t\t\t<h2\t\t\t\tclass=\"block__title title-medium animation-reveal--up animation-delay--2nd dont-break-out-on-long-words\"\r\n\t\t\t\tstyle=\"\t\t\t\t\tcolor: var(--color-main);\t\t\t\t\ttext-align: center;\t\t\t\t\t max-width: 530px; \t\t\t\t\t margin-bottom: calc(22px * var(--mobile-text-bottom-margin-ratio, 1)); \t\t\t\t\t\t\t\t\t\"\r\n\t\t\t>\r\n\t\t\t\tOrthop\u00e9die fonctionnelle<br>des m\u00e2choires\t\t\t<\/h2>\r\n\t\t\r\n\t\t\r\n\t\t\t\t\t<p\t\t\t\tclass=\"block__paragraph body-normal animation-reveal--up animation-delay--3rd dont-break-out-on-long-words\"\r\n\t\t\t\tstyle=\"\t\t\t\t\tcolor: var(--color-main);\t\t\t\t\ttext-align: center;\t\t\t\t\t max-width: 440px; \t\t\t\t\t margin-bottom: calc(20px * var(--mobile-text-bottom-margin-ratio, 1)); \t\t\t\t\t\t\t\t\t\"\r\n\t\t\t>\r\n\t\t\t\tLe patient pr\u00e9sentait une occlusion crois\u00e9e ant\u00e9rieure et une d\u00e9viation fonctionnelle de la mandibule. Gr\u00e2ce au traitement d'orthop\u00e9die fonctionnelle de la m\u00e2choire, nous avons pu corriger la position des os et r\u00e9tablir l'\u00e9quilibre de la fonction masticatoire et l'esth\u00e9tique du sourire, le tout sans extractions et d'une mani\u00e8re confortable pour l'enfant.\t\t\t<\/p>\r\n\t\t\r\n\t\t\r\n\t\t\t<!-- List -->\r\n\t\t\t\r\n\t\t\r\n\t\t\r\n\t\t\t<!-- Link -->\r\n\t\t\t\r\n\t\t\t\t\t<a href=\"https:\/\/drabernardetealmeida.pt\/fr\/traitements\/orthopedie-fonctionnelle-des-machoires\/\" target=\"_self\" class=\"fifty-block__link body-small cta-link animation-reveal--up animation-delay--4th dont-break-out-on-long-words\" style=\"\t\t\t\t\tcolor: var(--color-secondary);\t\t\t\t\t border-radius: 50px; \t\t\t\t\t background-color: var(--color-main); \t\t\t\t\t\t\t\t\t\">\r\n\t\t\t\tVoir plus d'informations\t\t\t<\/a>\r\n\t\t\r\n\t\t\t\t<\/section>\r\n\r\n\t\t<section class=\"fifty-block__image-section animation-trigger\" style=\"width: 50%;\">\r\n\t\t\t<div class=\"fifty-block__image-wrapper\" style=\"--image-size: 70%;\">\r\n\t\t\t\t\t\t\t\t\t\t\t\t\t\t<img \r\n\t\t\t\t\t\tclass=\"fifty-block__image animation-reveal--in\"\r\n\t\t\t\t\t\tstyle=\"--border-radius: 20px;\"\r\n\t\t\t\t\t\tsrc=\"https:\/\/drabernardetealmeida.pt\/wp-content\/uploads\/2025\/07\/Bety-Casos-Clinicos_Aparelho-Ortodontico-1.jpg\"\r\n\t\t\t\t\t\talt=\"\"\r\n\t\t\t\t\t\t\t\t\t\t\t\t\tsrcset=\"https:\/\/drabernardetealmeida.pt\/wp-content\/uploads\/2025\/07\/Bety-Casos-Clinicos_Aparelho-Ortodontico-1.jpg 1501w, https:\/\/drabernardetealmeida.pt\/wp-content\/uploads\/2025\/07\/Bety-Casos-Clinicos_Aparelho-Ortodontico-1-300x300.jpg 300w, https:\/\/drabernardetealmeida.pt\/wp-content\/uploads\/2025\/07\/Bety-Casos-Clinicos_Aparelho-Ortodontico-1-1024x1024.jpg 1024w, https:\/\/drabernardetealmeida.pt\/wp-content\/uploads\/2025\/07\/Bety-Casos-Clinicos_Aparelho-Ortodontico-1-150x150.jpg 150w, https:\/\/drabernardetealmeida.pt\/wp-content\/uploads\/2025\/07\/Bety-Casos-Clinicos_Aparelho-Ortodontico-1-768x767.jpg 768w, https:\/\/drabernardetealmeida.pt\/wp-content\/uploads\/2025\/07\/Bety-Casos-Clinicos_Aparelho-Ortodontico-1-1400x1399.jpg 1400w\"\r\n\t\t\t\t\t\t\tsizes=\"(max-width: 768px) 100vw, 479px\"\r\n\t\t\t\t\t\t\t\t\t\t\t\/>\r\n\t\t\t\t\t\t\t<\/div>\r\n\t\t<\/section>\r\n\t<\/div>\r\n\r\n<\/section>\n\n\r\n\r\n\r\n\r\n<!-- Block -->\r\n<section style=\" \t\t\tbackground-color: var(--color-negative);\t\t\t\t\t\tbackground-position: 50% 50%;\t\t\t--padding-top: 100px;\t\t\t--padding-bottom: 50px;\t\t\" class=\"block fifty-block block--content-center  fifty-block--ratio-none fifty-block--image-style-normal fifty-block--image-first  fifty-block--full-width-media    block--animation-on wp-block-tesoiosanablocks-fifty\">\r\n\r\n\t<!-- Inner block -->\r\n\t<div class=\"block__inner fifty-block__inner\">\r\n\t\t<section class=\"fifty-block__content-section animation-trigger\" style=\"width: 50%;\">\r\n\t\t\t<!-- Subtitle, title and paragraph -->\r\n\t\t\t\r\n\t\t\t\t\t<h4\t\t\t\tclass=\"block__subtitle body-large animation-reveal--up animation-delay--1st dont-break-out-on-long-words\"\r\n\t\t\t\tstyle=\"\t\t\t\t\tcolor: var(--color-main);\t\t\t\t\ttext-align: center;\t\t\t\t\t max-width: 440px; \t\t\t\t\t margin-bottom: calc(20px * var(--mobile-text-bottom-margin-ratio, 1)); \t\t\t\t\t\t\t\t\t\"\r\n\t\t\t>\r\n\t\t\t\tOrthop\u00e9die Fonctionnelle Infantile\t\t\t<\/h4>\r\n\t\t\r\n\t\t\r\n\t\t\t\t\t<h2\t\t\t\tclass=\"block__title title-medium animation-reveal--up animation-delay--2nd dont-break-out-on-long-words\"\r\n\t\t\t\tstyle=\"\t\t\t\t\tcolor: var(--color-main);\t\t\t\t\ttext-align: center;\t\t\t\t\t max-width: 530px; \t\t\t\t\t margin-bottom: calc(22px * var(--mobile-text-bottom-margin-ratio, 1)); \t\t\t\t\t\t\t\t\t\"\r\n\t\t\t>\r\n\t\t\t\tOrthop\u00e9die fonctionnelle<br>des m\u00e2choires\t\t\t<\/h2>\r\n\t\t\r\n\t\t\r\n\t\t\t\t\t<p\t\t\t\tclass=\"block__paragraph body-normal animation-reveal--up animation-delay--3rd dont-break-out-on-long-words\"\r\n\t\t\t\tstyle=\"\t\t\t\t\tcolor: var(--color-main);\t\t\t\t\ttext-align: center;\t\t\t\t\t max-width: 440px; \t\t\t\t\t margin-bottom: calc(20px * var(--mobile-text-bottom-margin-ratio, 1)); \t\t\t\t\t\t\t\t\t\"\r\n\t\t\t>\r\n\t\t\t\tLe patient pr\u00e9sentait une supraclusion avec un manque de d\u00e9veloppement des deux arcades. Gr\u00e2ce \u00e0 l'appareil fonctionnel amovible, il a \u00e9t\u00e9 possible de guider la croissance osseuse, d'aligner les dents et d'am\u00e9liorer la fonction de mastication - favorisant ainsi la sant\u00e9 et l'esth\u00e9tique d\u00e8s le plus jeune \u00e2ge, de mani\u00e8re confortable et indolore.\t\t\t<\/p>\r\n\t\t\r\n\t\t\r\n\t\t\t<!-- List -->\r\n\t\t\t\r\n\t\t\r\n\t\t\r\n\t\t\t<!-- Link -->\r\n\t\t\t\r\n\t\t\t\t\t<a href=\"https:\/\/drabernardetealmeida.pt\/fr\/traitements\/orthopedie-fonctionnelle-pour-les-enfants\/\" target=\"_self\" class=\"fifty-block__link body-small cta-link animation-reveal--up animation-delay--4th dont-break-out-on-long-words\" style=\"\t\t\t\t\tcolor: var(--color-secondary);\t\t\t\t\t border-radius: 50px; \t\t\t\t\t background-color: var(--color-main); \t\t\t\t\t\t\t\t\t\">\r\n\t\t\t\tVoir plus d'informations\t\t\t<\/a>\r\n\t\t\r\n\t\t\t\t<\/section>\r\n\r\n\t\t<section class=\"fifty-block__image-section animation-trigger\" style=\"width: 50%;\">\r\n\t\t\t<div class=\"fifty-block__image-wrapper\" style=\"--image-size: 70%;\">\r\n\t\t\t\t\t\t\t\t\t\t\t\t\t\t<img \r\n\t\t\t\t\t\tclass=\"fifty-block__image animation-reveal--in\"\r\n\t\t\t\t\t\tstyle=\"--border-radius: 20px;\"\r\n\t\t\t\t\t\tsrc=\"https:\/\/drabernardetealmeida.pt\/wp-content\/uploads\/2025\/07\/Antes-e-depois-de-Ortopedia-funcional-dos-maxilares-em-Lisboa.jpeg\"\r\n\t\t\t\t\t\talt=\"Antes e depois de Ortopedia funcional dos maxilares em Lisboa\"\r\n\t\t\t\t\t\t\t\t\t\t\t\t\tsrcset=\"https:\/\/drabernardetealmeida.pt\/wp-content\/uploads\/2025\/07\/Antes-e-depois-de-Ortopedia-funcional-dos-maxilares-em-Lisboa.jpeg 655w, https:\/\/drabernardetealmeida.pt\/wp-content\/uploads\/2025\/07\/Antes-e-depois-de-Ortopedia-funcional-dos-maxilares-em-Lisboa-169x300.jpeg 169w, https:\/\/drabernardetealmeida.pt\/wp-content\/uploads\/2025\/07\/Antes-e-depois-de-Ortopedia-funcional-dos-maxilares-em-Lisboa-575x1024.jpeg 575w\"\r\n\t\t\t\t\t\t\tsizes=\"(max-width: 768px) 100vw, 479px\"\r\n\t\t\t\t\t\t\t\t\t\t\t\/>\r\n\t\t\t\t\t\t\t<\/div>\r\n\t\t<\/section>\r\n\t<\/div>\r\n\r\n<\/section>\n\n\r\n\r\n\r\n\r\n<!-- Block -->\r\n<section style=\" \t\t\tbackground-color: var(--color-negative);\t\t\t\t\t\tbackground-position: 50% 50%;\t\t\t--padding-top: 100px;\t\t\t--padding-bottom: 50px;\t\t\" class=\"block fifty-block block--content-center  fifty-block--ratio-1-1 fifty-block--image-style-normal   fifty-block--full-width-media    block--animation-on wp-block-tesoiosanablocks-fifty\">\r\n\r\n\t<!-- Inner block -->\r\n\t<div class=\"block__inner fifty-block__inner\">\r\n\t\t<section class=\"fifty-block__content-section animation-trigger\" style=\"width: 50%;\">\r\n\t\t\t<!-- Subtitle, title and paragraph -->\r\n\t\t\t\r\n\t\t\t\t\t<h4\t\t\t\tclass=\"block__subtitle body-large animation-reveal--up animation-delay--1st dont-break-out-on-long-words\"\r\n\t\t\t\tstyle=\"\t\t\t\t\tcolor: var(--color-main);\t\t\t\t\ttext-align: center;\t\t\t\t\t max-width: 440px; \t\t\t\t\t margin-bottom: calc(20px * var(--mobile-text-bottom-margin-ratio, 1)); \t\t\t\t\t\t\t\t\t\"\r\n\t\t\t>\r\n\t\t\t\tOrthodontie\t\t\t<\/h4>\r\n\t\t\r\n\t\t\r\n\t\t\t\t\t<h2\t\t\t\tclass=\"block__title title-medium animation-reveal--up animation-delay--2nd dont-break-out-on-long-words\"\r\n\t\t\t\tstyle=\"\t\t\t\t\tcolor: var(--color-main);\t\t\t\t\ttext-align: center;\t\t\t\t\t max-width: 530px; \t\t\t\t\t margin-bottom: calc(22px * var(--mobile-text-bottom-margin-ratio, 1)); \t\t\t\t\t\t\t\t\t\"\r\n\t\t\t>\r\n\t\t\t\tAppareils orthodontiques<br>Conventionnel Fixe\t\t\t<\/h2>\r\n\t\t\r\n\t\t\r\n\t\t\t\t\t<p\t\t\t\tclass=\"block__paragraph body-normal animation-reveal--up animation-delay--3rd dont-break-out-on-long-words\"\r\n\t\t\t\tstyle=\"\t\t\t\t\tcolor: var(--color-main);\t\t\t\t\ttext-align: center;\t\t\t\t\t max-width: 440px; \t\t\t\t\t margin-bottom: calc(20px * var(--mobile-text-bottom-margin-ratio, 1)); \t\t\t\t\t\t\t\t\t\"\r\n\t\t\t>\r\n\t\t\t\tLe patient avait des dents serr\u00e9es et une malocclusion. Gr\u00e2ce \u00e0 l'utilisation d'appareils orthodontiques fixes conventionnels, nous avons pu aligner les dents, corriger l'occlusion et am\u00e9liorer l'esth\u00e9tique du sourire de mani\u00e8re rapide et efficace.\t\t\t<\/p>\r\n\t\t\r\n\t\t\r\n\t\t\t<!-- List -->\r\n\t\t\t\r\n\t\t\r\n\t\t\r\n\t\t\t<!-- Link -->\r\n\t\t\t\r\n\t\t\t\t\t<a href=\"https:\/\/drabernardetealmeida.pt\/fr\/traitements\/appareils-orthodontiques\/\" target=\"_self\" class=\"fifty-block__link body-small cta-link animation-reveal--up animation-delay--4th dont-break-out-on-long-words\" style=\"\t\t\t\t\tcolor: var(--color-secondary);\t\t\t\t\t border-radius: 50px; \t\t\t\t\t background-color: var(--color-main); \t\t\t\t\t\t\t\t\t\">\r\n\t\t\t\tVoir plus d'informations\t\t\t<\/a>\r\n\t\t\r\n\t\t\t\t<\/section>\r\n\r\n\t\t<section class=\"fifty-block__image-section animation-trigger\" style=\"width: 50%;\">\r\n\t\t\t<div class=\"fifty-block__image-wrapper\" style=\"--image-size: 70%;\">\r\n\t\t\t\t\t\t\t\t\t\t\t\t\t\t<img \r\n\t\t\t\t\t\tclass=\"fifty-block__image animation-reveal--in\"\r\n\t\t\t\t\t\tstyle=\"--border-radius: 20px;\"\r\n\t\t\t\t\t\tsrc=\"https:\/\/drabernardetealmeida.pt\/wp-content\/uploads\/2026\/05\/antes-depois-invisalign-lisboa.jpg\"\r\n\t\t\t\t\t\talt=\"Avant et apr\u00e8s un traitement Invisalign chez un orthodontiste \u00e0 Lisbonne\"\r\n\t\t\t\t\t\t\t\t\t\t\t\t\tsrcset=\"https:\/\/drabernardetealmeida.pt\/wp-content\/uploads\/2026\/05\/antes-depois-invisalign-lisboa.jpg 1000w, https:\/\/drabernardetealmeida.pt\/wp-content\/uploads\/2026\/05\/antes-depois-invisalign-lisboa-300x300.jpg 300w, https:\/\/drabernardetealmeida.pt\/wp-content\/uploads\/2026\/05\/antes-depois-invisalign-lisboa-150x150.jpg 150w, https:\/\/drabernardetealmeida.pt\/wp-content\/uploads\/2026\/05\/antes-depois-invisalign-lisboa-768x768.jpg 768w, https:\/\/drabernardetealmeida.pt\/wp-content\/uploads\/2026\/05\/antes-depois-invisalign-lisboa-12x12.jpg 12w\"\r\n\t\t\t\t\t\t\tsizes=\"(max-width: 768px) 100vw, 479px\"\r\n\t\t\t\t\t\t\t\t\t\t\t\/>\r\n\t\t\t\t\t\t\t<\/div>\r\n\t\t<\/section>\r\n\t<\/div>\r\n\r\n<\/section>\n\n\r\n\r\n\r\n\r\n<!-- Block -->\r\n<section style=\"display: none; --image-roundness: 0px; \t\t\tbackground-color: #f7f7f7;\t\t\t\t\t\tbackground-position: 50% 50%;\t\t\t--padding-top: 80px;\t\t\t--padding-bottom: 90px;\t\t\" class=\"block cards-block instagram-block block--content-center    block--animation-on wp-block-tesoiosanablocks-instagram\"\tdata-clickable=\"1\"\r\n\tdata-caption=\"1\"\r\n\tdata-video=\"1\"\r\n\tdata-icons=\"1\"\r\n\tdata-autoplay=\"1\"\r\n\tdata-slides=\"6\"\r\n>\r\n\r\n\t<!-- Inner block -->\r\n\t<div class=\"block__inner cards-block__inner\">\r\n\t\t<div class=\"block-texts animation-trigger\">\r\n\t\t\t<!-- Subtitle, title and paragraph -->\r\n\t\t\t\r\n\t\t\t\t\t<h4\t\t\t\tclass=\"block__subtitle subtitle animation-reveal--up animation-delay--1st dont-break-out-on-long-words\"\r\n\t\t\t\tstyle=\"\t\t\t\t\tcolor: var(--color-main);\t\t\t\t\ttext-align: center;\t\t\t\t\t max-width: 720px; \t\t\t\t\t margin-bottom: calc(32px * var(--mobile-text-bottom-margin-ratio, 1)); \t\t\t\t\t\t\t\t\t\"\r\n\t\t\t>\r\n\t\t\t\t<a href=\"https:\/\/www.instagram.com\/dra.bernardetealmeida\/\" data-type=\"link\" data-id=\"https:\/\/www.instagram.com\/dra.bernardetealmeida\/\" target=\"_blank\" rel=\"noopener\">@dra.bernardetealmeida<\/a>\t\t\t<\/h4>\r\n\t\t\r\n\t\t\r\n\t\t\t\t\t<h2\t\t\t\tclass=\"block__title title-medium animation-reveal--up animation-delay--2nd dont-break-out-on-long-words\"\r\n\t\t\t\tstyle=\"\t\t\t\t\tcolor: var(--color-main);\t\t\t\t\ttext-align: center;\t\t\t\t\t max-width: 720px; \t\t\t\t\t margin-bottom: calc(60px * var(--mobile-text-bottom-margin-ratio, 1)); \t\t\t\t\t\t\t\t\t\"\r\n\t\t\t>\r\n\t\t\t\tRejoignez-moi<br>sur Instagram\t\t\t<\/h2>\r\n\t\t\r\n\t\t\r\n\t\t\r\n\t\t\t\t<\/div>\r\n\r\n\t\t<div class=\"c-slider animation-trigger animation-reveal--in\">\r\n\t\t\t<div class=\"swiper js-instagram-slider\">\r\n\t\t\t\t<div class=\"swiper-wrapper\"><\/div>\r\n\t\t\t\t<div class=\"swiper-pagination\"><\/div>\r\n\t\t\t<\/div>\r\n\t\t\t<div class=\"c-slider__btn-wrapper\" style=\"align-self: start;\">\r\n\t\t\t\t<div\r\n\t\t\t\t\tclass=\"c-slider__btn js-instagram-btn--prev\"\r\n\t\t\t\t\tstyle=\"\t\t\t\t\t\tcolor: var(--color-main);\t\t\t\t\t\tborder-radius: 50;\t\t\t\t\t\tbackground-color: var(--color-secondary);\t\t\t\t\t\"\r\n\t\t\t\t>\r\n\t\t\t\t\t<svg class=\"back__icon\" xmlns=\"http:\/\/www.w3.org\/2000\/svg\" viewbox=\"0 0 14.785 26.741\">\r\n\t\t\t\t\t\t<path d=\"M166.414-4.992,179.077,7.671,166.414,20.335\" transform=\"translate(180.491 21.042) rotate(180)\"\/>\r\n\t\t\t\t\t<\/svg>\r\n\t\t\t\t<\/div>\r\n\t\t\t\t<div\r\n\t\t\t\t\tclass=\"c-slider__btn js-instagram-btn--next\"\r\n\t\t\t\t\tstyle=\"\t\t\t\t\t\tcolor: var(--color-main);\t\t\t\t\t\tborder-radius: 50;\t\t\t\t\t\tbackground-color: var(--color-secondary);\t\t\t\t\t\"\r\n\t\t\t\t>\r\n\t\t\t\t\t<svg class=\"next__icon\" xmlns=\"http:\/\/www.w3.org\/2000\/svg\" viewbox=\"0 0 14.785 26.741\">\r\n\t\t\t\t\t\t<path d=\"M166.414-4.992,179.077,7.671,166.414,20.335\" transform=\"translate(-165.707 5.699)\" \/>\r\n\t\t\t\t\t<\/svg>\r\n\t\t\t\t<\/div>\r\n\t\t\t<\/div>\r\n\t\t<\/div>\r\n\t<\/div>\r\n<\/section>\n\n\r\n\r\n\r\n\r\n<!-- Block -->\r\n<section style=\" \t\t\tbackground-color: var(--color-accent);\t\t\tbackground-image: url(&#039;https:\/\/drabernardetealmeida.pt\/wp-content\/uploads\/2025\/06\/5fa83acef9ced0628a252f78_photo-1489278353717-f64c6ee8a4d2-3-1.jpeg&#039;);\t\t\tbackground-position: 50% 50%;\t\t\t--padding-top: 120px;\t\t\t--padding-bottom: 120px;\t\t\" class=\"block text-block block--content-center   block--animation-on wp-block-tesoiosanablocks-text\">\r\n\r\n\t<!-- Inner block -->\r\n\t<div class=\"block__inner text-block__inner animation-trigger\">\r\n\r\n\t\t<!-- Subtitle, title and paragraph -->\r\n\t\t\r\n\t\t\t\t\t<h4\t\t\t\tclass=\"block__subtitle subtitle animation-reveal--up animation-delay--1st dont-break-out-on-long-words\"\r\n\t\t\t\tstyle=\"\t\t\t\t\tcolor: var(--color-secondary);\t\t\t\t\ttext-align: center;\t\t\t\t\t max-width: 720px; \t\t\t\t\t margin-bottom: calc(20px * var(--mobile-text-bottom-margin-ratio, 1)); \t\t\t\t\t\t\t\t\t\"\r\n\t\t\t>\r\n\t\t\t\tVotre Premier Pas\t\t\t<\/h4>\r\n\t\t\r\n\t\t\r\n\t\t\t\t\t<h2\t\t\t\tclass=\"block__title title-medium animation-reveal--up animation-delay--2nd dont-break-out-on-long-words\"\r\n\t\t\t\tstyle=\"\t\t\t\t\tcolor: var(--color-secondary);\t\t\t\t\ttext-align: center;\t\t\t\t\t max-width: 720px; \t\t\t\t\t margin-bottom: calc(36px * var(--mobile-text-bottom-margin-ratio, 1)); \t\t\t\t\t\t\t\t\t\"\r\n\t\t\t>\r\n\t\t\t\tPrenez Maintenant Votre<br>\u00c9valuation Gratuite\t\t\t<\/h2>\r\n\t\t\r\n\t\t\r\n\t\t\r\n\t\t\r\n\t\t<!-- List -->\r\n\t\t\r\n\t\t\r\n\t\t\r\n\t\t<!-- Link -->\r\n\t\t\r\n\t\t\t\t\t<a href=\"http:\/\/wa.link\/0jy7k0\" target=\"_self\" class=\"text-block__link body-small arrow-link animation-reveal--up animation-delay--3rd dont-break-out-on-long-words\" style=\"\t\t\t\t\tcolor: var(--color-secondary);\t\t\t\t\t\t\t\t\t\t\t\t\t\t\t\t\t\t\t\" rel=\"noopener\">\r\n\t\t\t\tR\u00e9servez Votre \u00c9valuation Gratuite\t\t\t<\/a>\r\n\t\t\r\n\t\t\r\n\t<\/div>\r\n<\/section>","protected":false},"excerpt":{"rendered":"","protected":false},"author":2,"featured_media":0,"parent":0,"menu_order":0,"comment_status":"closed","ping_status":"closed","template":"","meta":{"tesoiosana_header_transparency":"light","footnotes":""},"class_list":["post-117","page","type-page","status-publish","hentry"],"_links":{"self":[{"href":"https:\/\/drabernardetealmeida.pt\/fr\/wp-json\/wp\/v2\/pages\/117","targetHints":{"allow":["GET"]}}],"collection":[{"href":"https:\/\/drabernardetealmeida.pt\/fr\/wp-json\/wp\/v2\/pages"}],"about":[{"href":"https:\/\/drabernardetealmeida.pt\/fr\/wp-json\/wp\/v2\/types\/page"}],"author":[{"embeddable":true,"href":"https:\/\/drabernardetealmeida.pt\/fr\/wp-json\/wp\/v2\/users\/2"}],"replies":[{"embeddable":true,"href":"https:\/\/drabernardetealmeida.pt\/fr\/wp-json\/wp\/v2\/comments?post=117"}],"version-history":[{"count":36,"href":"https:\/\/drabernardetealmeida.pt\/fr\/wp-json\/wp\/v2\/pages\/117\/revisions"}],"predecessor-version":[{"id":1210,"href":"https:\/\/drabernardetealmeida.pt\/fr\/wp-json\/wp\/v2\/pages\/117\/revisions\/1210"}],"wp:attachment":[{"href":"https:\/\/drabernardetealmeida.pt\/fr\/wp-json\/wp\/v2\/media?parent=117"}],"curies":[{"name":"wp","href":"https:\/\/api.w.org\/{rel}","templated":true}]}}