{"id":101,"date":"2025-05-24T07:29:54","date_gmt":"2025-05-24T07:29:54","guid":{"rendered":"https:\/\/drabernardetealmeida.pt\/privacy-policy-2\/"},"modified":"2025-06-28T17:20:56","modified_gmt":"2025-06-28T17:20:56","slug":"politique-de-confidentialite-2","status":"publish","type":"page","link":"https:\/\/drabernardetealmeida.pt\/fr\/politique-de-confidentialite-2\/","title":{"rendered":"Politique de Confidentialit\u00e9"},"content":{"rendered":"<!-- Block -->\r\n<section style=\" \t\t\tbackground-color: var(--color-accent);\t\t\t\t\t\tbackground-position: 50% 50%;\t\t\t--padding-top: 200px;\t\t\t--padding-bottom: 100px;\t\t\" class=\"block text-block block--content-left   block--animation-on wp-block-tesoiosanablocks-text\">\r\n\r\n\t<!-- Inner block -->\r\n\t<div class=\"block__inner text-block__inner animation-trigger\">\r\n\r\n\t\t<!-- Subtitle, title and paragraph -->\r\n\t\t\r\n\t\t\r\n\t\t\r\n\t\t\t\t\t<h2\t\t\t\tclass=\"block__title title-large animation-reveal--up animation-delay--1st dont-break-out-on-long-words\"\r\n\t\t\t\tstyle=\"\t\t\t\t\tcolor: var(--color-main);\t\t\t\t\ttext-align: left;\t\t\t\t\t max-width: 720px; \t\t\t\t\t margin-bottom: calc(50px * var(--mobile-text-bottom-margin-ratio, 1)); \t\t\t\t\t\t\t\t\t\"\r\n\t\t\t>\r\n\t\t\t\tPolitique de Confidentialit\u00e9\t\t\t<\/h2>\r\n\t\t\r\n\t\t\r\n\t\t\t\t\t<p\t\t\t\tclass=\"block__paragraph body-normal animation-reveal--up animation-delay--2nd dont-break-out-on-long-words\"\r\n\t\t\t\tstyle=\"\t\t\t\t\tcolor: var(--color-main);\t\t\t\t\ttext-align: left;\t\t\t\t\t max-width: 720px; \t\t\t\t\t margin-bottom: calc(48px * var(--mobile-text-bottom-margin-ratio, 1)); \t\t\t\t\t\t\t\t\t\"\r\n\t\t\t>\r\n\t\t\t\tDerni\u00e8re mise \u00e0 jour : 5 avril 2025\t\t\t<\/p>\r\n\t\t\r\n\t\t\r\n\t\t<!-- List -->\r\n\t\t\r\n\t\t\r\n\t\t\r\n\t\t<!-- Link -->\r\n\t\t\r\n\t\t\r\n\t\t\r\n\t<\/div>\r\n<\/section>\n\n\r\n\r\n\r\n\r\n<!-- Block -->\r\n<section style=\" \t\t\tbackground-color: var(--color-negative);\t\t\t\t\t\tbackground-position: 50% 50%;\t\t\t--padding-top: 80px;\t\t\t--padding-bottom: 0px;\t\t\" class=\"block text-block block--content-left   block--animation-on wp-block-tesoiosanablocks-text\">\r\n\r\n\t<!-- Inner block -->\r\n\t<div class=\"block__inner text-block__inner animation-trigger\">\r\n\r\n\t\t<!-- Subtitle, title and paragraph -->\r\n\t\t\r\n\t\t\r\n\t\t\r\n\t\t\r\n\t\t\r\n\t\t\t\t\t<p\t\t\t\tclass=\"block__paragraph body-normal animation-reveal--up animation-delay--1st dont-break-out-on-long-words\"\r\n\t\t\t\tstyle=\"\t\t\t\t\tcolor: var(--color-main);\t\t\t\t\ttext-align: left;\t\t\t\t\t max-width: 800px; \t\t\t\t\t margin-bottom: calc(48px * var(--mobile-text-bottom-margin-ratio, 1)); \t\t\t\t\t\t\t\t\t\"\r\n\t\t\t>\r\n\t\t\t\t<strong>Votre vie priv\u00e9e est importante pour nous.<\/strong><br>Sur cette page, nous expliquons de mani\u00e8re claire et transparente comment nous traitons vos donn\u00e9es personnelles, conform\u00e9ment au R\u00e8glement g\u00e9n\u00e9ral sur la protection des donn\u00e9es (RGPD). Nous vous recommandons de la lire attentivement.\t\t\t<\/p>\r\n\t\t\r\n\t\t\r\n\t\t<!-- List -->\r\n\t\t\r\n\t\t\r\n\t\t\r\n\t\t<!-- Link -->\r\n\t\t\r\n\t\t\r\n\t\t\r\n\t<\/div>\r\n<\/section>\n\n\r\n\r\n\r\n\r\n<!-- Block -->\r\n<section style=\" \t\t\tbackground-color: var(--color-negative);\t\t\t\t\t\tbackground-position: 50% 50%;\t\t\t--padding-top: 80px;\t\t\t--padding-bottom: 0px;\t\t\" class=\"block text-block block--content-left   block--animation-on wp-block-tesoiosanablocks-text\"id=\"1\">\r\n\r\n\t<!-- Inner block -->\r\n\t<div class=\"block__inner text-block__inner animation-trigger\">\r\n\r\n\t\t<!-- Subtitle, title and paragraph -->\r\n\t\t\r\n\t\t\r\n\t\t\r\n\t\t\t\t\t<h2\t\t\t\tclass=\"block__title title-small animation-reveal--up animation-delay--1st dont-break-out-on-long-words\"\r\n\t\t\t\tstyle=\"\t\t\t\t\tcolor: var(--color-main);\t\t\t\t\ttext-align: left;\t\t\t\t\t max-width: 800px; \t\t\t\t\t margin-bottom: calc(24px * var(--mobile-text-bottom-margin-ratio, 1)); \t\t\t\t\t\t\t\t\t\"\r\n\t\t\t>\r\n\t\t\t\t1. Responsable du traitement des donn\u00e9es\t\t\t<\/h2>\r\n\t\t\r\n\t\t\r\n\t\t\t\t\t<p\t\t\t\tclass=\"block__paragraph body-normal animation-reveal--up animation-delay--2nd dont-break-out-on-long-words\"\r\n\t\t\t\tstyle=\"\t\t\t\t\tcolor: var(--color-main);\t\t\t\t\ttext-align: left;\t\t\t\t\t max-width: 800px; \t\t\t\t\t margin-bottom: calc(48px * var(--mobile-text-bottom-margin-ratio, 1)); \t\t\t\t\t\t\t\t\t\"\r\n\t\t\t>\r\n\t\t\t\tLe responsable du traitement de vos donn\u00e9es personnelles est :<br><strong>Dr Bernardete Almeida<\/strong>\t\t\t<\/p>\r\n\t\t\r\n\t\t\r\n\t\t<!-- List -->\r\n\t\t\r\n\t\t\r\n\t\t\r\n\t\t<!-- Link -->\r\n\t\t\r\n\t\t\r\n\t\t\r\n\t<\/div>\r\n<\/section>\n\n\r\n\r\n\r\n\r\n<!-- Block -->\r\n<section style=\" \t\t\tbackground-color: var(--color-negative);\t\t\t\t\t\tbackground-position: 50% 50%;\t\t\t--padding-top: 80px;\t\t\t--padding-bottom: 0px;\t\t\" class=\"block text-block block--content-left   block--animation-on wp-block-tesoiosanablocks-text\"id=\"2\">\r\n\r\n\t<!-- Inner block -->\r\n\t<div class=\"block__inner text-block__inner animation-trigger\">\r\n\r\n\t\t<!-- Subtitle, title and paragraph -->\r\n\t\t\r\n\t\t\r\n\t\t\r\n\t\t\t\t\t<h2\t\t\t\tclass=\"block__title title-small animation-reveal--up animation-delay--1st dont-break-out-on-long-words\"\r\n\t\t\t\tstyle=\"\t\t\t\t\tcolor: var(--color-main);\t\t\t\t\ttext-align: left;\t\t\t\t\t max-width: 800px; \t\t\t\t\t margin-bottom: calc(24px * var(--mobile-text-bottom-margin-ratio, 1)); \t\t\t\t\t\t\t\t\t\"\r\n\t\t\t>\r\n\t\t\t\t2. Donn\u00e9es personnelles collect\u00e9es\t\t\t<\/h2>\r\n\t\t\r\n\t\t\r\n\t\t\t\t\t<p\t\t\t\tclass=\"block__paragraph body-normal animation-reveal--up animation-delay--2nd dont-break-out-on-long-words\"\r\n\t\t\t\tstyle=\"\t\t\t\t\tcolor: var(--color-main);\t\t\t\t\ttext-align: left;\t\t\t\t\t max-width: 800px; \t\t\t\t\t margin-bottom: calc(48px * var(--mobile-text-bottom-margin-ratio, 1)); \t\t\t\t\t\t\t\t\t\"\r\n\t\t\t>\r\n\t\t\t\tNous ne collectons que les donn\u00e9es strictement n\u00e9cessaires aux fins d\u00e9crites ci-dessous. Parmi les donn\u00e9es que nous pouvons collecter figurent :<br>\u2013 Nom complet<br>\u2013 Adresse e-mail<br>\u2013 Num\u00e9ro de t\u00e9l\u00e9phone\/mobile<br>\u2013 Donn\u00e9es soumises dans des formulaires (par exemple : messages de contact, prise de rendez-vous)<br>\u2013 Adresse IP et donn\u00e9es de navigation (via cookies)\t\t\t<\/p>\r\n\t\t\r\n\t\t\r\n\t\t<!-- List -->\r\n\t\t\r\n\t\t\r\n\t\t\r\n\t\t<!-- Link -->\r\n\t\t\r\n\t\t\r\n\t\t\r\n\t<\/div>\r\n<\/section>\n\n\r\n\r\n\r\n\r\n<!-- Block -->\r\n<section style=\" \t\t\tbackground-color: var(--color-negative);\t\t\t\t\t\tbackground-position: 50% 50%;\t\t\t--padding-top: 80px;\t\t\t--padding-bottom: 0px;\t\t\" class=\"block text-block block--content-left   block--animation-on wp-block-tesoiosanablocks-text\"id=\"3\">\r\n\r\n\t<!-- Inner block -->\r\n\t<div class=\"block__inner text-block__inner animation-trigger\">\r\n\r\n\t\t<!-- Subtitle, title and paragraph -->\r\n\t\t\r\n\t\t\r\n\t\t\r\n\t\t\t\t\t<h2\t\t\t\tclass=\"block__title title-small animation-reveal--up animation-delay--1st dont-break-out-on-long-words\"\r\n\t\t\t\tstyle=\"\t\t\t\t\tcolor: var(--color-main);\t\t\t\t\ttext-align: left;\t\t\t\t\t max-width: 800px; \t\t\t\t\t margin-bottom: calc(24px * var(--mobile-text-bottom-margin-ratio, 1)); \t\t\t\t\t\t\t\t\t\"\r\n\t\t\t>\r\n\t\t\t\t3. Finalit\u00e9 de la collecte des donn\u00e9es\t\t\t<\/h2>\r\n\t\t\r\n\t\t\r\n\t\t\t\t\t<p\t\t\t\tclass=\"block__paragraph body-normal animation-reveal--up animation-delay--2nd dont-break-out-on-long-words\"\r\n\t\t\t\tstyle=\"\t\t\t\t\tcolor: var(--color-main);\t\t\t\t\ttext-align: left;\t\t\t\t\t max-width: 800px; \t\t\t\t\t margin-bottom: calc(48px * var(--mobile-text-bottom-margin-ratio, 1)); \t\t\t\t\t\t\t\t\t\"\r\n\t\t\t>\r\n\t\t\t\tVos donn\u00e9es sont collect\u00e9es et trait\u00e9es aux fins suivantes :<br>\u2013 R\u00e9pondre aux demandes de contact et aux questions<br>\u2013 Prendre des rendez-vous et fournir des services de sant\u00e9 bucco-dentaire<br>\u2013 Envoyer des communications de service ou des informations pertinentes<br>\u2013 Respecter les obligations l\u00e9gales et fiscales<br>\u2013 Am\u00e9liorer l'exp\u00e9rience utilisateur sur le site (analyses de navigation)\t\t\t<\/p>\r\n\t\t\r\n\t\t\r\n\t\t<!-- List -->\r\n\t\t\r\n\t\t\r\n\t\t\r\n\t\t<!-- Link -->\r\n\t\t\r\n\t\t\r\n\t\t\r\n\t<\/div>\r\n<\/section>\n\n\r\n\r\n\r\n\r\n<!-- Block -->\r\n<section style=\" \t\t\tbackground-color: var(--color-negative);\t\t\t\t\t\tbackground-position: 50% 50%;\t\t\t--padding-top: 80px;\t\t\t--padding-bottom: 0px;\t\t\" class=\"block text-block block--content-left   block--animation-on wp-block-tesoiosanablocks-text\"id=\"4\">\r\n\r\n\t<!-- Inner block -->\r\n\t<div class=\"block__inner text-block__inner animation-trigger\">\r\n\r\n\t\t<!-- Subtitle, title and paragraph -->\r\n\t\t\r\n\t\t\r\n\t\t\r\n\t\t\t\t\t<h2\t\t\t\tclass=\"block__title title-small animation-reveal--up animation-delay--1st dont-break-out-on-long-words\"\r\n\t\t\t\tstyle=\"\t\t\t\t\tcolor: var(--color-main);\t\t\t\t\ttext-align: left;\t\t\t\t\t max-width: 800px; \t\t\t\t\t margin-bottom: calc(24px * var(--mobile-text-bottom-margin-ratio, 1)); \t\t\t\t\t\t\t\t\t\"\r\n\t\t\t>\r\n\t\t\t\t4. Base juridique du traitement\t\t\t<\/h2>\r\n\t\t\r\n\t\t\r\n\t\t\t\t\t<p\t\t\t\tclass=\"block__paragraph body-normal animation-reveal--up animation-delay--2nd dont-break-out-on-long-words\"\r\n\t\t\t\tstyle=\"\t\t\t\t\tcolor: var(--color-main);\t\t\t\t\ttext-align: left;\t\t\t\t\t max-width: 800px; \t\t\t\t\t margin-bottom: calc(48px * var(--mobile-text-bottom-margin-ratio, 1)); \t\t\t\t\t\t\t\t\t\"\r\n\t\t\t>\r\n\t\t\t\tLe traitement de vos donn\u00e9es repose sur :<br>\u2013 Votre consentement explicite<br>\u2013 L'ex\u00e9cution d'un contrat ou de d\u00e9marches pr\u00e9contractuelles<br>\u2013 Le respect des obligations l\u00e9gales<br>\u2013 L'int\u00e9r\u00eat l\u00e9gitime du responsable du traitement, \u00e0 condition que les droits des personnes concern\u00e9es ne pr\u00e9valent pas.\t\t\t<\/p>\r\n\t\t\r\n\t\t\r\n\t\t<!-- List -->\r\n\t\t\r\n\t\t\r\n\t\t\r\n\t\t<!-- Link -->\r\n\t\t\r\n\t\t\r\n\t\t\r\n\t<\/div>\r\n<\/section>\n\n\r\n\r\n\r\n\r\n<!-- Block -->\r\n<section style=\" \t\t\tbackground-color: var(--color-negative);\t\t\t\t\t\tbackground-position: 50% 50%;\t\t\t--padding-top: 80px;\t\t\t--padding-bottom: 0px;\t\t\" class=\"block text-block block--content-left   block--animation-on wp-block-tesoiosanablocks-text\"id=\"5\">\r\n\r\n\t<!-- Inner block -->\r\n\t<div class=\"block__inner text-block__inner animation-trigger\">\r\n\r\n\t\t<!-- Subtitle, title and paragraph -->\r\n\t\t\r\n\t\t\r\n\t\t\r\n\t\t\t\t\t<h2\t\t\t\tclass=\"block__title title-small animation-reveal--up animation-delay--1st dont-break-out-on-long-words\"\r\n\t\t\t\tstyle=\"\t\t\t\t\tcolor: var(--color-main);\t\t\t\t\ttext-align: left;\t\t\t\t\t max-width: 800px; \t\t\t\t\t margin-bottom: calc(24px * var(--mobile-text-bottom-margin-ratio, 1)); \t\t\t\t\t\t\t\t\t\"\r\n\t\t\t>\r\n\t\t\t\t5. Partage de donn\u00e9es avec des tiers\t\t\t<\/h2>\r\n\t\t\r\n\t\t\r\n\t\t\t\t\t<p\t\t\t\tclass=\"block__paragraph body-normal animation-reveal--up animation-delay--2nd dont-break-out-on-long-words\"\r\n\t\t\t\tstyle=\"\t\t\t\t\tcolor: var(--color-main);\t\t\t\t\ttext-align: left;\t\t\t\t\t max-width: 800px; \t\t\t\t\t margin-bottom: calc(48px * var(--mobile-text-bottom-margin-ratio, 1)); \t\t\t\t\t\t\t\t\t\"\r\n\t\t\t>\r\n\t\t\t\tVos donn\u00e9es ne sont ni vendues ni partag\u00e9es avec des tiers, sauf lorsque cela est n\u00e9cessaire pour :<br>\u2013 Prestation de services (ex : plateformes de prise de rendez-vous, envoi d'e-mails, analyses)<br>\u2013 Respect des obligations l\u00e9gales<br>\u2013 Assistance technique et s\u00e9curit\u00e9 du site<br>\u2013 Tous les tiers impliqu\u00e9s garantissent le respect du RGPD.\t\t\t<\/p>\r\n\t\t\r\n\t\t\r\n\t\t<!-- List -->\r\n\t\t\r\n\t\t\r\n\t\t\r\n\t\t<!-- Link -->\r\n\t\t\r\n\t\t\r\n\t\t\r\n\t<\/div>\r\n<\/section>\n\n\r\n\r\n\r\n\r\n<!-- Block -->\r\n<section style=\" \t\t\tbackground-color: var(--color-negative);\t\t\t\t\t\tbackground-position: 50% 50%;\t\t\t--padding-top: 80px;\t\t\t--padding-bottom: 0px;\t\t\" class=\"block text-block block--content-left   block--animation-on wp-block-tesoiosanablocks-text\"id=\"6\">\r\n\r\n\t<!-- Inner block -->\r\n\t<div class=\"block__inner text-block__inner animation-trigger\">\r\n\r\n\t\t<!-- Subtitle, title and paragraph -->\r\n\t\t\r\n\t\t\r\n\t\t\r\n\t\t\t\t\t<h2\t\t\t\tclass=\"block__title title-small animation-reveal--up animation-delay--1st dont-break-out-on-long-words\"\r\n\t\t\t\tstyle=\"\t\t\t\t\tcolor: var(--color-main);\t\t\t\t\ttext-align: left;\t\t\t\t\t max-width: 800px; \t\t\t\t\t margin-bottom: calc(24px * var(--mobile-text-bottom-margin-ratio, 1)); \t\t\t\t\t\t\t\t\t\"\r\n\t\t\t>\r\n\t\t\t\t6. Conservation des donn\u00e9es\t\t\t<\/h2>\r\n\t\t\r\n\t\t\r\n\t\t\t\t\t<p\t\t\t\tclass=\"block__paragraph body-normal animation-reveal--up animation-delay--2nd dont-break-out-on-long-words\"\r\n\t\t\t\tstyle=\"\t\t\t\t\tcolor: var(--color-main);\t\t\t\t\ttext-align: left;\t\t\t\t\t max-width: 800px; \t\t\t\t\t margin-bottom: calc(48px * var(--mobile-text-bottom-margin-ratio, 1)); \t\t\t\t\t\t\t\t\t\"\r\n\t\t\t>\r\n\t\t\t\tLes donn\u00e9es personnelles ne sont conserv\u00e9es que pendant le temps n\u00e9cessaire \u00e0 la r\u00e9alisation des finalit\u00e9s pour lesquelles elles ont \u00e9t\u00e9 collect\u00e9es ou jusqu'\u00e0 ce que la personne concern\u00e9e demande leur suppression, dans les limites l\u00e9gales.\t\t\t<\/p>\r\n\t\t\r\n\t\t\r\n\t\t<!-- List -->\r\n\t\t\r\n\t\t\r\n\t\t\r\n\t\t<!-- Link -->\r\n\t\t\r\n\t\t\r\n\t\t\r\n\t<\/div>\r\n<\/section>\n\n\r\n\r\n\r\n\r\n<!-- Block -->\r\n<section style=\" \t\t\tbackground-color: var(--color-negative);\t\t\t\t\t\tbackground-position: 50% 50%;\t\t\t--padding-top: 80px;\t\t\t--padding-bottom: 0px;\t\t\" class=\"block text-block block--content-left   block--animation-on wp-block-tesoiosanablocks-text\"id=\"7\">\r\n\r\n\t<!-- Inner block -->\r\n\t<div class=\"block__inner text-block__inner animation-trigger\">\r\n\r\n\t\t<!-- Subtitle, title and paragraph -->\r\n\t\t\r\n\t\t\r\n\t\t\r\n\t\t\t\t\t<h2\t\t\t\tclass=\"block__title title-small animation-reveal--up animation-delay--1st dont-break-out-on-long-words\"\r\n\t\t\t\tstyle=\"\t\t\t\t\tcolor: var(--color-main);\t\t\t\t\ttext-align: left;\t\t\t\t\t max-width: 800px; \t\t\t\t\t margin-bottom: calc(24px * var(--mobile-text-bottom-margin-ratio, 1)); \t\t\t\t\t\t\t\t\t\"\r\n\t\t\t>\r\n\t\t\t\t7. Droits des personnes concern\u00e9es\t\t\t<\/h2>\r\n\t\t\r\n\t\t\r\n\t\t\t\t\t<p\t\t\t\tclass=\"block__paragraph body-normal animation-reveal--up animation-delay--2nd dont-break-out-on-long-words\"\r\n\t\t\t\tstyle=\"\t\t\t\t\tcolor: var(--color-main);\t\t\t\t\ttext-align: left;\t\t\t\t\t max-width: 800px; \t\t\t\t\t margin-bottom: calc(48px * var(--mobile-text-bottom-margin-ratio, 1)); \t\t\t\t\t\t\t\t\t\"\r\n\t\t\t>\r\n\t\t\t\tConform\u00e9ment au RGPD, vous disposez des droits suivants :<br>Droit d'acc\u00e8s<br>Droit de rectification<br>Droit \u00e0 l'effacement (\u201c droit \u00e0 l'oubli \u201d)<br>Droit \u00e0 la limitation du traitement<br>Droit d'opposition<br>Droit \u00e0 la portabilit\u00e9 des donn\u00e9es<br>Droit de retirer votre consentement \u00e0 tout moment<br>Pour exercer l'un de ces droits, veuillez nous contacter \u00e0 l'adresse suivante : <strong><a>privacidade@drabernardetealmeida.pt<\/a><\/strong><br>Si vous estimez que vos droits ont \u00e9t\u00e9 viol\u00e9s, vous avez le droit de d\u00e9poser une plainte aupr\u00e8s de la <strong>Commission nationale de protection des donn\u00e9es (CNPD)<\/strong>.\t\t\t<\/p>\r\n\t\t\r\n\t\t\r\n\t\t<!-- List -->\r\n\t\t\r\n\t\t\r\n\t\t\r\n\t\t<!-- Link -->\r\n\t\t\r\n\t\t\r\n\t\t\r\n\t<\/div>\r\n<\/section>\n\n\r\n\r\n\r\n\r\n<!-- Block -->\r\n<section style=\" \t\t\tbackground-color: var(--color-negative);\t\t\t\t\t\tbackground-position: 50% 50%;\t\t\t--padding-top: 80px;\t\t\t--padding-bottom: 0px;\t\t\" class=\"block text-block block--content-left   block--animation-on wp-block-tesoiosanablocks-text\"id=\"8\">\r\n\r\n\t<!-- Inner block -->\r\n\t<div class=\"block__inner text-block__inner animation-trigger\">\r\n\r\n\t\t<!-- Subtitle, title and paragraph -->\r\n\t\t\r\n\t\t\r\n\t\t\r\n\t\t\t\t\t<h2\t\t\t\tclass=\"block__title title-small animation-reveal--up animation-delay--1st dont-break-out-on-long-words\"\r\n\t\t\t\tstyle=\"\t\t\t\t\tcolor: var(--color-main);\t\t\t\t\ttext-align: left;\t\t\t\t\t max-width: 800px; \t\t\t\t\t margin-bottom: calc(24px * var(--mobile-text-bottom-margin-ratio, 1)); \t\t\t\t\t\t\t\t\t\"\r\n\t\t\t>\r\n\t\t\t\t8. S\u00e9curit\u00e9 des donn\u00e9es\t\t\t<\/h2>\r\n\t\t\r\n\t\t\r\n\t\t\t\t\t<p\t\t\t\tclass=\"block__paragraph body-normal animation-reveal--up animation-delay--2nd dont-break-out-on-long-words\"\r\n\t\t\t\tstyle=\"\t\t\t\t\tcolor: var(--color-main);\t\t\t\t\ttext-align: left;\t\t\t\t\t max-width: 800px; \t\t\t\t\t margin-bottom: calc(48px * var(--mobile-text-bottom-margin-ratio, 1)); \t\t\t\t\t\t\t\t\t\"\r\n\t\t\t>\r\n\t\t\t\tNous mettons en \u0153uvre des mesures techniques et organisationnelles appropri\u00e9es pour prot\u00e9ger vos donn\u00e9es contre tout acc\u00e8s non autoris\u00e9, toute modification, divulgation ou destruction.\t\t\t<\/p>\r\n\t\t\r\n\t\t\r\n\t\t<!-- List -->\r\n\t\t\r\n\t\t\r\n\t\t\r\n\t\t<!-- Link -->\r\n\t\t\r\n\t\t\r\n\t\t\r\n\t<\/div>\r\n<\/section>\n\n\r\n\r\n\r\n\r\n<!-- Block -->\r\n<section style=\" \t\t\tbackground-color: var(--color-negative);\t\t\t\t\t\tbackground-position: 50% 50%;\t\t\t--padding-top: 80px;\t\t\t--padding-bottom: 0px;\t\t\" class=\"block text-block block--content-left   block--animation-on wp-block-tesoiosanablocks-text\"id=\"9\">\r\n\r\n\t<!-- Inner block -->\r\n\t<div class=\"block__inner text-block__inner animation-trigger\">\r\n\r\n\t\t<!-- Subtitle, title and paragraph -->\r\n\t\t\r\n\t\t\r\n\t\t\r\n\t\t\t\t\t<h2\t\t\t\tclass=\"block__title title-small animation-reveal--up animation-delay--1st dont-break-out-on-long-words\"\r\n\t\t\t\tstyle=\"\t\t\t\t\tcolor: var(--color-main);\t\t\t\t\ttext-align: left;\t\t\t\t\t max-width: 800px; \t\t\t\t\t margin-bottom: calc(24px * var(--mobile-text-bottom-margin-ratio, 1)); \t\t\t\t\t\t\t\t\t\"\r\n\t\t\t>\r\n\t\t\t\t9. Cookies\t\t\t<\/h2>\r\n\t\t\r\n\t\t\r\n\t\t\t\t\t<p\t\t\t\tclass=\"block__paragraph body-normal animation-reveal--up animation-delay--2nd dont-break-out-on-long-words\"\r\n\t\t\t\tstyle=\"\t\t\t\t\tcolor: var(--color-main);\t\t\t\t\ttext-align: left;\t\t\t\t\t max-width: 800px; \t\t\t\t\t margin-bottom: calc(48px * var(--mobile-text-bottom-margin-ratio, 1)); \t\t\t\t\t\t\t\t\t\"\r\n\t\t\t>\r\n\t\t\t\tCe site utilise des cookies pour am\u00e9liorer la navigation et collecter des donn\u00e9es statistiques. Vous pouvez consulter notre <a href=\"https:\/\/drabernardetealmeida.pt\/fr\/politique-en-matiere-de-cookies\/\" data-type=\"link\" data-id=\"https:\/\/drabernardetealmeida.pt\/politica-de-cookies\/\">Politique de Cookies<\/a> pour en savoir plus et configurer vos pr\u00e9f\u00e9rences.\t\t\t<\/p>\r\n\t\t\r\n\t\t\r\n\t\t<!-- List -->\r\n\t\t\r\n\t\t\r\n\t\t\r\n\t\t<!-- Link -->\r\n\t\t\r\n\t\t\r\n\t\t\r\n\t<\/div>\r\n<\/section>\n\n\r\n\r\n\r\n\r\n<!-- Block -->\r\n<section style=\" \t\t\tbackground-color: var(--color-negative);\t\t\t\t\t\tbackground-position: 50% 50%;\t\t\t--padding-top: 80px;\t\t\t--padding-bottom: 0px;\t\t\" class=\"block text-block block--content-left   block--animation-on wp-block-tesoiosanablocks-text\"id=\"10\">\r\n\r\n\t<!-- Inner block -->\r\n\t<div class=\"block__inner text-block__inner animation-trigger\">\r\n\r\n\t\t<!-- Subtitle, title and paragraph -->\r\n\t\t\r\n\t\t\r\n\t\t\r\n\t\t\t\t\t<h2\t\t\t\tclass=\"block__title title-small animation-reveal--up animation-delay--1st dont-break-out-on-long-words\"\r\n\t\t\t\tstyle=\"\t\t\t\t\tcolor: var(--color-main);\t\t\t\t\ttext-align: left;\t\t\t\t\t max-width: 800px; \t\t\t\t\t margin-bottom: calc(24px * var(--mobile-text-bottom-margin-ratio, 1)); \t\t\t\t\t\t\t\t\t\"\r\n\t\t\t>\r\n\t\t\t\t10. Modifications apport\u00e9es \u00e0 la pr\u00e9sente politique de confidentialit\u00e9\t\t\t<\/h2>\r\n\t\t\r\n\t\t\r\n\t\t\t\t\t<p\t\t\t\tclass=\"block__paragraph body-normal animation-reveal--up animation-delay--2nd dont-break-out-on-long-words\"\r\n\t\t\t\tstyle=\"\t\t\t\t\tcolor: var(--color-main);\t\t\t\t\ttext-align: left;\t\t\t\t\t max-width: 800px; \t\t\t\t\t margin-bottom: calc(48px * var(--mobile-text-bottom-margin-ratio, 1)); \t\t\t\t\t\t\t\t\t\"\r\n\t\t\t>\r\n\t\t\t\tNous nous r\u00e9servons le droit de mettre \u00e0 jour cette politique \u00e0 tout moment. Nous vous recommandons de la consulter r\u00e9guli\u00e8rement. La date de la derni\u00e8re mise \u00e0 jour sera toujours indiqu\u00e9e en haut de la page.\t\t\t<\/p>\r\n\t\t\r\n\t\t\r\n\t\t<!-- List -->\r\n\t\t\r\n\t\t\r\n\t\t\r\n\t\t<!-- Link -->\r\n\t\t\r\n\t\t\r\n\t\t\r\n\t<\/div>\r\n<\/section>\n\n\r\n\r\n\r\n\r\n<!-- Block -->\r\n<section style=\" \t\t\tbackground-color: var(--color-negative);\t\t\t\t\t\tbackground-position: 50% 50%;\t\t\t--padding-top: 80px;\t\t\t--padding-bottom: 120px;\t\t\" class=\"block text-block block--content-left   block--animation-on wp-block-tesoiosanablocks-text\"id=\"11\">\r\n\r\n\t<!-- Inner block -->\r\n\t<div class=\"block__inner text-block__inner animation-trigger\">\r\n\r\n\t\t<!-- Subtitle, title and paragraph -->\r\n\t\t\r\n\t\t\r\n\t\t\r\n\t\t\t\t\t<h2\t\t\t\tclass=\"block__title title-small animation-reveal--up animation-delay--1st dont-break-out-on-long-words\"\r\n\t\t\t\tstyle=\"\t\t\t\t\tcolor: var(--color-main);\t\t\t\t\ttext-align: left;\t\t\t\t\t max-width: 800px; \t\t\t\t\t margin-bottom: calc(24px * var(--mobile-text-bottom-margin-ratio, 1)); \t\t\t\t\t\t\t\t\t\"\r\n\t\t\t>\r\n\t\t\t\t11. Contact\t\t\t<\/h2>\r\n\t\t\r\n\t\t\r\n\t\t\t\t\t<p\t\t\t\tclass=\"block__paragraph body-normal animation-reveal--up animation-delay--2nd dont-break-out-on-long-words\"\r\n\t\t\t\tstyle=\"\t\t\t\t\tcolor: var(--color-main);\t\t\t\t\ttext-align: left;\t\t\t\t\t max-width: 800px; \t\t\t\t\t margin-bottom: calc(48px * var(--mobile-text-bottom-margin-ratio, 1)); \t\t\t\t\t\t\t\t\t\"\r\n\t\t\t>\r\n\t\t\t\tNous sommes \u00e0 votre disposition pour r\u00e9pondre \u00e0 toutes vos questions ou prendre rendez-vous pour une consultation.<br><br><strong>T\u00e9l\u00e9phone (ligne fixe) :<\/strong> 218 530 839<br><strong>T\u00e9l\u00e9phone portable (r\u00e9seau mobile) :<\/strong> 935 258 999<br><strong>Courriel :<\/strong> <a>getsmile.recepcao@gmail.com<\/a><br><br><strong>Adresse :<\/strong><br>Rue Cidade de Bissau, 49 \u2013 Boutique D<br>1800-075 Lisbonne<br><br><strong>Heures d'ouverture :<\/strong><br>Du lundi au vendredi : 9 h \u00e0 20 h<br>Samedi : 9 h \u2013 14 h<br>Dimanche : Ferm\u00e9\t\t\t<\/p>\r\n\t\t\r\n\t\t\r\n\t\t<!-- List -->\r\n\t\t\r\n\t\t\r\n\t\t\r\n\t\t<!-- Link -->\r\n\t\t\r\n\t\t\r\n\t\t\r\n\t<\/div>\r\n<\/section>","protected":false},"excerpt":{"rendered":"","protected":false},"author":2,"featured_media":0,"parent":0,"menu_order":0,"comment_status":"closed","ping_status":"closed","template":"","meta":{"tesoiosana_header_transparency":"default","footnotes":""},"class_list":["post-101","page","type-page","status-publish","hentry"],"_links":{"self":[{"href":"https:\/\/drabernardetealmeida.pt\/fr\/wp-json\/wp\/v2\/pages\/101","targetHints":{"allow":["GET"]}}],"collection":[{"href":"https:\/\/drabernardetealmeida.pt\/fr\/wp-json\/wp\/v2\/pages"}],"about":[{"href":"https:\/\/drabernardetealmeida.pt\/fr\/wp-json\/wp\/v2\/types\/page"}],"author":[{"embeddable":true,"href":"https:\/\/drabernardetealmeida.pt\/fr\/wp-json\/wp\/v2\/users\/2"}],"replies":[{"embeddable":true,"href":"https:\/\/drabernardetealmeida.pt\/fr\/wp-json\/wp\/v2\/comments?post=101"}],"version-history":[{"count":10,"href":"https:\/\/drabernardetealmeida.pt\/fr\/wp-json\/wp\/v2\/pages\/101\/revisions"}],"predecessor-version":[{"id":473,"href":"https:\/\/drabernardetealmeida.pt\/fr\/wp-json\/wp\/v2\/pages\/101\/revisions\/473"}],"wp:attachment":[{"href":"https:\/\/drabernardetealmeida.pt\/fr\/wp-json\/wp\/v2\/media?parent=101"}],"curies":[{"name":"wp","href":"https:\/\/api.w.org\/{rel}","templated":true}]}}